{"id":242417,"date":"2025-03-20T15:15:03","date_gmt":"2025-03-20T15:15:03","guid":{"rendered":"https:\/\/aromasentia.com\/product\/marjoram-50ml-essential-oil\/"},"modified":"2025-12-30T20:40:33","modified_gmt":"2025-12-30T20:40:33","slug":"aetherisches-majoranoel-50ml","status":"publish","type":"product","link":"https:\/\/aromasentia.com\/de\/aetherisches-majoranoel-50ml\/","title":{"rendered":"\u00c4therisches Majoran\u00f6l 50ml"},"content":{"rendered":"<p><strong>Lateinischer Name: Thymus mastichina<br \/>Verwendeter Pflanzenteil: Bl\u00e4tter und Bl\u00fctenspitzen<br \/>Herkunft: Spanien<br \/>Extraktionsmethode: Wasserdampfdestillation<\/strong><\/p>\n<p><strong>\u00c4therisches Majoran\u00f6l<\/strong> wird aus der Pflanze Thymus mastichina, die einen haarigen St\u00e4ngel, ovale Bl\u00e4tter und kleine wei\u00dfliche Bl\u00fcten in B\u00fcscheln hat, dampfdestilliert. Die gesamte Pflanze verstr\u00f6mt ein starkes Aroma. Diese Pflanze ist eigentlich wild wachsender Thymian, wird aber als Spanischer Wilder Majoran bezeichnet. Er geh\u00f6rt zur Familie der Lippenbl\u00fctler (Lamiaceae) und ist nicht dasselbe wie s\u00fc\u00dfer oder franz\u00f6sischer Majoran; ebenso wenig ist er Oregano, der ebenfalls als Wilder Majoran bezeichnet wird.<\/p>\n<p>Dieses \u00d6l soll als Expektorans bei Infektionen und Kr\u00e4mpfen der Atemwege wirksamer sein als das des s\u00fc\u00dfen Majorans, da es antiseptische Eigenschaften f\u00fcr die oberen Atemwege hat, aber im Gegensatz zum s\u00fc\u00dfen Majoran weder muskelrelaxierend noch beruhigend wirkt. Spanisches Majoran\u00f6l wird h\u00e4ufig in der Aromatherapie verwendet und l\u00e4sst sich gut mit Lavendel- und Bergamotte\u00f6len kombinieren, um eine entspannende Atmosph\u00e4re zu schaffen. In einer Duftlampe oder als Massage\u00f6l verwendet, soll dieses Kraut die Nerven beruhigen und Einsamkeit und Ablehnung bek\u00e4mpfen. Es f\u00f6rdert au\u00dferdem die Verdauung.<\/p>\n<p>Die alten Griechen und R\u00f6mer kr\u00f6nten Brautpaare mit Majorankr\u00e4nzen als Symbol f\u00fcr Liebe, Ehre und Gl\u00fcck. Majorantee mit Honig wurde von S\u00e4ngern zur Stimmpflege verwendet.<\/p>\n","protected":false},"excerpt":{"rendered":"<p>Lateinischer Name: Thymus mastichinaVerwendeter Pflanzenteil: Bl\u00e4tter und Bl\u00fctenspitzenHerkunft: SpanienExtraktionsmethode: Wasserdampfdestillation \u00c4therisches Majoran\u00f6l wird aus der Pflanze Thymus mastichina, die einen haarigen St\u00e4ngel, ovale Bl\u00e4tter und kleine wei\u00dfliche Bl\u00fcten in B\u00fcscheln hat, dampfdestilliert. Die gesamte Pflanze verstr\u00f6mt ein starkes Aroma. Diese Pflanze ist eigentlich wild wachsender Thymian, wird aber als Spanischer Wilder Majoran bezeichnet. Er geh\u00f6rt [&hellip;]<\/p>\n","protected":false},"featured_media":268315,"comment_status":"closed","ping_status":"open","template":"","meta":{"_angie_page":false},"product_brand":[27090],"product_cat":[16455,23649,25841,26861,26269],"product_tag":[],"class_list":{"0":"post-242417","1":"product","2":"type-product","3":"status-publish","4":"has-post-thumbnail","6":"product_brand-ancient-wisdom","7":"product_cat-aromatherapie-und-raumdufte","8":"product_cat-atherische-ole","9":"product_cat-dufte-aromen","10":"product_cat-krauter-aromatisch","11":"product_cat-spanischer-majoran","12":"pa_collection-50ml-essential-oil-de","13":"pa_made-in-spanien","14":"pa_size-50ml","16":"first","17":"instock","18":"purchasable","19":"product-type-simple"},"supplier_id":null,"supplier_sku":"PrEO-31","barcode":null,"atum_controlled":true,"out_stock_date":null,"out_stock_threshold":null,"inheritable":false,"inbound_stock":0,"stock_on_hold":0,"sold_today":0,"sales_last_days":0,"reserved_stock":0,"customer_returns":0,"warehouse_damage":0,"lost_in_post":0,"other_logs":0,"out_stock_days":0,"lost_sales":0,"has_location":false,"update_date":"2026-05-08T05:16:51","atum_locations":[],"atum_stock_status":"instock","restock_status":false,"low_stock_amount":"","sales_update_date":"2026-01-20T05:13:35","calc_backorders":null,"_links":{"self":[{"href":"https:\/\/aromasentia.com\/de\/wp-json\/wp\/v2\/product\/242417","targetHints":{"allow":["GET"]}}],"collection":[{"href":"https:\/\/aromasentia.com\/de\/wp-json\/wp\/v2\/product"}],"about":[{"href":"https:\/\/aromasentia.com\/de\/wp-json\/wp\/v2\/types\/product"}],"replies":[{"embeddable":true,"href":"https:\/\/aromasentia.com\/de\/wp-json\/wp\/v2\/comments?post=242417"}],"version-history":[{"count":0,"href":"https:\/\/aromasentia.com\/de\/wp-json\/wp\/v2\/product\/242417\/revisions"}],"wp:featuredmedia":[{"embeddable":true,"href":"https:\/\/aromasentia.com\/de\/wp-json\/wp\/v2\/media\/268315"}],"wp:attachment":[{"href":"https:\/\/aromasentia.com\/de\/wp-json\/wp\/v2\/media?parent=242417"}],"wp:term":[{"taxonomy":"product_brand","embeddable":true,"href":"https:\/\/aromasentia.com\/de\/wp-json\/wp\/v2\/product_brand?post=242417"},{"taxonomy":"product_cat","embeddable":true,"href":"https:\/\/aromasentia.com\/de\/wp-json\/wp\/v2\/product_cat?post=242417"},{"taxonomy":"product_tag","embeddable":true,"href":"https:\/\/aromasentia.com\/de\/wp-json\/wp\/v2\/product_tag?post=242417"}],"curies":[{"name":"wp","href":"https:\/\/api.w.org\/{rel}","templated":true}]}}