{"id":242413,"date":"2025-03-20T15:15:03","date_gmt":"2025-03-20T15:15:03","guid":{"rendered":"https:\/\/aromasentia.com\/product\/mandarin-50ml-essential-oil\/"},"modified":"2025-12-30T20:40:33","modified_gmt":"2025-12-30T20:40:33","slug":"aetherisches-mandarinenoel-50ml","status":"publish","type":"product","link":"https:\/\/aromasentia.com\/de\/aetherisches-mandarinenoel-50ml\/","title":{"rendered":"\u00c4therisches Mandarinen\u00f6l 50ml"},"content":{"rendered":"<p><strong>Lateinischer Name: Citrus Reticulata<br \/>Verwendeter Pflanzenteil: Fruchtschale<br \/>Herkunft: Argentinien<br \/>Extraktionsmethode: Kaltpressung<\/strong><\/p>\n<p><strong>\u00c4therisches Mandarinen\u00f6l<\/strong> wird aus Citrus Reticulata durch Kaltpressung der Schale gewonnen. Mandarinen-Petitgrain\u00f6l wird in kleinen Mengen auch durch Wasserdampfdestillation der Bl\u00e4tter und Zweige extrahiert. Das \u00d6l ist goldgelb-orange und hat das Aroma einer frischen Orange. Zu den Mandarinen z\u00e4hlt eine ganze Gruppe von Zitrusfr\u00fcchten, darunter Satsuma, Clementine, Dancy, Honey, Pixie und Tangerinen.<\/p>\n<p>Dieses \u00d6l ist sehr mild und wird daher angeblich sogar zur Behandlung von Kindern und Schwangeren verwendet; es ist eines der wenigen \u00d6le, die auf diese Weise verwendet werden. Mit seiner st\u00e4rkenden und anregenden Wirkung auf Magen und Leber hilft es bei Verdauungsproblemen. Mandarinen\u00f6l eignet sich auch zur Behandlung von Akne, fettiger Haut und Pickeln. Es soll auch Probleme wie Wassereinlagerungen und Fettleibigkeit lindern. Das \u00d6l, zu etwa 1\u20132 % in einem Tr\u00e4ger\u00f6l verd\u00fcnnt, wird sanft in den Bauch eines Kindes einmassiert, um Bauchschmerzen zu lindern. Ein paar Tropfen im Bad beruhigen hyperaktive Kinder. In einer Duftlampe verwendet, vertreibt es Depressionen und lindert Angstzust\u00e4nde.<\/p>\n<p>Die Mandarinen hei\u00dfen so, weil sie den Mandarinen in China traditionell als Geschenk dargeboten wurden. In Frankreich gilt die Mandarine als sicheres Heilmittel gegen Verdauungsst\u00f6rungen bei Kindern und \u00e4lteren Menschen, da sie das Verdauungssystem und die Leber st\u00e4rkt.<\/p>\n","protected":false},"excerpt":{"rendered":"<p>Lateinischer Name: Citrus ReticulataVerwendeter Pflanzenteil: FruchtschaleHerkunft: ArgentinienExtraktionsmethode: Kaltpressung \u00c4therisches Mandarinen\u00f6l wird aus Citrus Reticulata durch Kaltpressung der Schale gewonnen. Mandarinen-Petitgrain\u00f6l wird in kleinen Mengen auch durch Wasserdampfdestillation der Bl\u00e4tter und Zweige extrahiert. Das \u00d6l ist goldgelb-orange und hat das Aroma einer frischen Orange. Zu den Mandarinen z\u00e4hlt eine ganze Gruppe von Zitrusfr\u00fcchten, darunter Satsuma, Clementine, [&hellip;]<\/p>\n","protected":false},"featured_media":268306,"comment_status":"closed","ping_status":"open","template":"","meta":{"_angie_page":false},"product_brand":[27090],"product_cat":[16455,23649,25841,26263,26819],"product_tag":[],"class_list":{"0":"post-242413","1":"product","2":"type-product","3":"status-publish","4":"has-post-thumbnail","6":"product_brand-ancient-wisdom","7":"product_cat-aromatherapie-und-raumdufte","8":"product_cat-atherische-ole","9":"product_cat-dufte-aromen","10":"product_cat-mandarine","11":"product_cat-zitrus","12":"pa_collection-50ml-essential-oil-de","13":"pa_made-in-argentinien","14":"pa_size-50ml","16":"first","17":"instock","18":"purchasable","19":"product-type-simple"},"supplier_id":null,"supplier_sku":"PrEO-30","barcode":null,"atum_controlled":true,"out_stock_date":null,"out_stock_threshold":null,"inheritable":false,"inbound_stock":0,"stock_on_hold":0,"sold_today":0,"sales_last_days":0,"reserved_stock":0,"customer_returns":0,"warehouse_damage":0,"lost_in_post":0,"other_logs":0,"out_stock_days":0,"lost_sales":0,"has_location":false,"update_date":"2026-04-27T07:18:20","atum_locations":[],"atum_stock_status":"instock","restock_status":false,"low_stock_amount":"","sales_update_date":"2025-09-05T00:18:05","calc_backorders":null,"_links":{"self":[{"href":"https:\/\/aromasentia.com\/de\/wp-json\/wp\/v2\/product\/242413","targetHints":{"allow":["GET"]}}],"collection":[{"href":"https:\/\/aromasentia.com\/de\/wp-json\/wp\/v2\/product"}],"about":[{"href":"https:\/\/aromasentia.com\/de\/wp-json\/wp\/v2\/types\/product"}],"replies":[{"embeddable":true,"href":"https:\/\/aromasentia.com\/de\/wp-json\/wp\/v2\/comments?post=242413"}],"version-history":[{"count":0,"href":"https:\/\/aromasentia.com\/de\/wp-json\/wp\/v2\/product\/242413\/revisions"}],"wp:featuredmedia":[{"embeddable":true,"href":"https:\/\/aromasentia.com\/de\/wp-json\/wp\/v2\/media\/268306"}],"wp:attachment":[{"href":"https:\/\/aromasentia.com\/de\/wp-json\/wp\/v2\/media?parent=242413"}],"wp:term":[{"taxonomy":"product_brand","embeddable":true,"href":"https:\/\/aromasentia.com\/de\/wp-json\/wp\/v2\/product_brand?post=242413"},{"taxonomy":"product_cat","embeddable":true,"href":"https:\/\/aromasentia.com\/de\/wp-json\/wp\/v2\/product_cat?post=242413"},{"taxonomy":"product_tag","embeddable":true,"href":"https:\/\/aromasentia.com\/de\/wp-json\/wp\/v2\/product_tag?post=242413"}],"curies":[{"name":"wp","href":"https:\/\/api.w.org\/{rel}","templated":true}]}}