{"id":242397,"date":"2025-03-20T15:15:03","date_gmt":"2025-03-20T15:15:03","guid":{"rendered":"https:\/\/aromasentia.com\/product\/jasmine-absolute-50ml-essential-oil\/"},"modified":"2025-12-30T20:40:33","modified_gmt":"2025-12-30T20:40:33","slug":"aetherisches-jasminoel-rein-50ml","status":"publish","type":"product","link":"https:\/\/aromasentia.com\/de\/aetherisches-jasminoel-rein-50ml\/","title":{"rendered":"\u00c4therisches Jasmin\u00f6l (rein) 50ml"},"content":{"rendered":"<p><strong>Lateinischer Name: Jasminum Officinale<br \/>Verwendeter Bl\u00fctenteil: Bl\u00fcte<br \/>Herkunft: Indien<br \/>Extraktionsmethode: Wasserdampfdestillation<\/strong><\/p>\n<p>Jasmin ist eine zarte, immergr\u00fcne Kletterpflanze, die in China und Indien heimisch ist und kleine, wei\u00dfe, sternf\u00f6rmige Bl\u00fcten hat, die nachts gepfl\u00fcckt werden, wenn ihr Duft am st\u00e4rksten ist. \u00c4therisches Jasmin\u00f6l hat einen s\u00fc\u00dfen, exotischen und intensiv blumigen Duft. Es ist teuer, da seine Destillation aufw\u00e4ndiger ist als bei den meisten \u00d6len, und wird verwendet, um tief zu entspannen, Depressionen zu lindern und das Selbstvertrauen zu st\u00e4rken.&nbsp;<\/p>\n<p>Dieses \u00d6l soll die Nerven beruhigen und ein Gef\u00fchl von Selbstvertrauen und Optimismus erzeugen, w\u00e4hrend es gleichzeitig die Energie wiederherstellt. Es verk\u00fcrzt die Geburtszeit, indem es die Wehen verst\u00e4rkt und Schmerzen lindert. Aufgrund seiner lindernden und beruhigenden Eigenschaften soll es Impotenz, Frigidit\u00e4t und vorzeitige Ejakulation lindern. Es hilft bei Husten und &nbsp; Kehlkopfentz\u00fcndung und ist auch in einem Massage\u00f6l n\u00fctzlich, um Muskelschmerzen, Verstauchungen und steife Gliedma\u00dfen zu lindern. \u00c4therisches Jasmin\u00f6l strafft trockene, fettige oder empfindliche Haut, erh\u00f6ht die Elastizit\u00e4t und soll Dehnungsstreifen und Narbenbildung reduzieren.<\/p>\n<p>Indische Frauen tragen Jasmin h\u00e4ufig im Haar und sind auch eine der Hauptblumen in Hochzeitskr\u00e4nzen. Einem Mythos zufolge wies der Sonnengott Surya die Liebe einer Prinzessin zur\u00fcck, die so untr\u00f6stlich war, dass sie Selbstmord beging. Aus ihrer auf dem Boden verstreuten Asche wuchs eine Jasminpflanze. Da der Sonnengott ihr so viel Schmerz zuf\u00fcgte, bl\u00fchte die Jasminbl\u00fcte nur nachts und verstr\u00f6mte ihren Duft.<\/p>\n","protected":false},"excerpt":{"rendered":"<p>Lateinischer Name: Jasminum OfficinaleVerwendeter Bl\u00fctenteil: Bl\u00fcteHerkunft: IndienExtraktionsmethode: Wasserdampfdestillation Jasmin ist eine zarte, immergr\u00fcne Kletterpflanze, die in China und Indien heimisch ist und kleine, wei\u00dfe, sternf\u00f6rmige Bl\u00fcten hat, die nachts gepfl\u00fcckt werden, wenn ihr Duft am st\u00e4rksten ist. \u00c4therisches Jasmin\u00f6l hat einen s\u00fc\u00dfen, exotischen und intensiv blumigen Duft. Es ist teuer, da seine Destillation aufw\u00e4ndiger ist [&hellip;]<\/p>\n","protected":false},"featured_media":268270,"comment_status":"closed","ping_status":"open","template":"","meta":{"_angie_page":false},"product_brand":[27090],"product_cat":[16455,23649,26833,25841,26224],"product_tag":[],"class_list":{"0":"post-242397","1":"product","2":"type-product","3":"status-publish","4":"has-post-thumbnail","6":"product_brand-ancient-wisdom","7":"product_cat-aromatherapie-und-raumdufte","8":"product_cat-atherische-ole","9":"product_cat-blumig","10":"product_cat-dufte-aromen","11":"product_cat-jasmin","12":"pa_collection-50ml-essential-oil-de","13":"pa_made-in-indien","14":"pa_size-50ml","16":"first","17":"instock","18":"purchasable","19":"product-type-simple"},"supplier_id":null,"supplier_sku":"PrEO-26","barcode":null,"atum_controlled":true,"out_stock_date":null,"out_stock_threshold":null,"inheritable":false,"inbound_stock":0,"stock_on_hold":0,"sold_today":0,"sales_last_days":0,"reserved_stock":0,"customer_returns":0,"warehouse_damage":0,"lost_in_post":0,"other_logs":0,"out_stock_days":0,"lost_sales":0,"has_location":false,"update_date":"2026-05-08T05:16:51","atum_locations":[],"atum_stock_status":"instock","restock_status":false,"low_stock_amount":"","sales_update_date":"2025-09-05T00:18:04","calc_backorders":null,"_links":{"self":[{"href":"https:\/\/aromasentia.com\/de\/wp-json\/wp\/v2\/product\/242397","targetHints":{"allow":["GET"]}}],"collection":[{"href":"https:\/\/aromasentia.com\/de\/wp-json\/wp\/v2\/product"}],"about":[{"href":"https:\/\/aromasentia.com\/de\/wp-json\/wp\/v2\/types\/product"}],"replies":[{"embeddable":true,"href":"https:\/\/aromasentia.com\/de\/wp-json\/wp\/v2\/comments?post=242397"}],"version-history":[{"count":0,"href":"https:\/\/aromasentia.com\/de\/wp-json\/wp\/v2\/product\/242397\/revisions"}],"wp:featuredmedia":[{"embeddable":true,"href":"https:\/\/aromasentia.com\/de\/wp-json\/wp\/v2\/media\/268270"}],"wp:attachment":[{"href":"https:\/\/aromasentia.com\/de\/wp-json\/wp\/v2\/media?parent=242397"}],"wp:term":[{"taxonomy":"product_brand","embeddable":true,"href":"https:\/\/aromasentia.com\/de\/wp-json\/wp\/v2\/product_brand?post=242397"},{"taxonomy":"product_cat","embeddable":true,"href":"https:\/\/aromasentia.com\/de\/wp-json\/wp\/v2\/product_cat?post=242397"},{"taxonomy":"product_tag","embeddable":true,"href":"https:\/\/aromasentia.com\/de\/wp-json\/wp\/v2\/product_tag?post=242397"}],"curies":[{"name":"wp","href":"https:\/\/api.w.org\/{rel}","templated":true}]}}