{"id":242393,"date":"2025-03-20T15:15:26","date_gmt":"2025-03-20T15:15:26","guid":{"rendered":"https:\/\/aromasentia.com\/product\/dill-seed-50ml-essential-oil\/"},"modified":"2025-12-30T20:40:26","modified_gmt":"2025-12-30T20:40:26","slug":"aetherisches-dillsamenoel-50ml","status":"publish","type":"product","link":"https:\/\/aromasentia.com\/de\/aetherisches-dillsamenoel-50ml\/","title":{"rendered":"\u00c4therisches Dillsamen\u00f6l 50ml"},"content":{"rendered":"<p><strong>Lateinischer Name: Anethum Graveolens<br \/>Verwendeter Pflanzenteil: Samen<br \/>Herkunft: Ungarn<br \/>Extraktionsmethode: Wasserdampfdestillation<\/strong><\/p>\n<p>Von der St\u00e4rkung des Immunsystems bis zur Linderung von Muskelkr\u00e4mpfen \u2013 die Vorteile von <strong>\u00e4therischem Dillsamen\u00f6l<\/strong> sind zahlreich.<\/p>\n<p>Kr\u00e4mpfe k\u00f6nnen sehr irritierend und in extremen F\u00e4llen sogar t\u00f6dlich sein. Kr\u00e4mpfe sind unerw\u00fcnschte und abnorme Kontraktionen der Atemwege, des Darms, der Muskeln oder der Nerven. Solche Krampfanf\u00e4lle k\u00f6nnen mit Hilfe von \u00e4therischem Dill\u00f6l gelindert werden. Es hat eine entspannende Wirkung auf Nerven, Muskeln, Darm und Atemwege, beruhigt krampfartige Anf\u00e4lle und verschafft schnelle Linderung.<\/p>\n<p>Dill\u00f6l ist auch f\u00fcr seine desinfizierenden Eigenschaften bekannt. Es kann verd\u00fcnnt auf die Kopfhaut aufgetragen werden, um das Haar vor verschiedenen Infektionen und sogar L\u00e4usen zu sch\u00fctzen.<\/p>\n<p>Dill\u00f6l wirkt magenst\u00e4rkend. Es wirkt st\u00e4rkend und h\u00e4lt den Magen gesund, straff und funktionsf\u00e4hig. Es h\u00e4lt den Magen in Form, reguliert die Sekretion von Verdauungss\u00e4ften und Galle, sch\u00fctzt ihn vor Infektionen und unterst\u00fctzt die Heilung von Magengeschw\u00fcren und -wunden.<\/p>\n","protected":false},"excerpt":{"rendered":"<p>Lateinischer Name: Anethum GraveolensVerwendeter Pflanzenteil: SamenHerkunft: UngarnExtraktionsmethode: Wasserdampfdestillation Von der St\u00e4rkung des Immunsystems bis zur Linderung von Muskelkr\u00e4mpfen \u2013 die Vorteile von \u00e4therischem Dillsamen\u00f6l sind zahlreich. Kr\u00e4mpfe k\u00f6nnen sehr irritierend und in extremen F\u00e4llen sogar t\u00f6dlich sein. Kr\u00e4mpfe sind unerw\u00fcnschte und abnorme Kontraktionen der Atemwege, des Darms, der Muskeln oder der Nerven. Solche Krampfanf\u00e4lle k\u00f6nnen [&hellip;]<\/p>\n","protected":false},"featured_media":268495,"comment_status":"closed","ping_status":"open","template":"","meta":{"_angie_page":false},"product_brand":[27090],"product_cat":[16455,23649,26173,25841,26861],"product_tag":[],"class_list":{"0":"post-242393","1":"product","2":"type-product","3":"status-publish","4":"has-post-thumbnail","6":"product_brand-ancient-wisdom","7":"product_cat-aromatherapie-und-raumdufte","8":"product_cat-atherische-ole","9":"product_cat-dillsamen","10":"product_cat-dufte-aromen","11":"product_cat-krauter-aromatisch","12":"pa_collection-50ml-essential-oil-de","13":"pa_made-in-ungarn","14":"pa_size-50ml","16":"first","17":"instock","18":"purchasable","19":"product-type-simple"},"supplier_id":null,"supplier_sku":"PrEO-58","barcode":null,"atum_controlled":true,"out_stock_date":null,"out_stock_threshold":null,"inheritable":false,"inbound_stock":null,"stock_on_hold":0,"sold_today":0,"sales_last_days":0,"reserved_stock":null,"customer_returns":null,"warehouse_damage":null,"lost_in_post":null,"other_logs":null,"out_stock_days":0,"lost_sales":0,"has_location":null,"update_date":"2026-04-27T07:18:30","atum_locations":[],"atum_stock_status":"instock","restock_status":false,"low_stock_amount":"","sales_update_date":"2026-01-30T01:24:27","calc_backorders":null,"_links":{"self":[{"href":"https:\/\/aromasentia.com\/de\/wp-json\/wp\/v2\/product\/242393","targetHints":{"allow":["GET"]}}],"collection":[{"href":"https:\/\/aromasentia.com\/de\/wp-json\/wp\/v2\/product"}],"about":[{"href":"https:\/\/aromasentia.com\/de\/wp-json\/wp\/v2\/types\/product"}],"replies":[{"embeddable":true,"href":"https:\/\/aromasentia.com\/de\/wp-json\/wp\/v2\/comments?post=242393"}],"version-history":[{"count":0,"href":"https:\/\/aromasentia.com\/de\/wp-json\/wp\/v2\/product\/242393\/revisions"}],"wp:featuredmedia":[{"embeddable":true,"href":"https:\/\/aromasentia.com\/de\/wp-json\/wp\/v2\/media\/268495"}],"wp:attachment":[{"href":"https:\/\/aromasentia.com\/de\/wp-json\/wp\/v2\/media?parent=242393"}],"wp:term":[{"taxonomy":"product_brand","embeddable":true,"href":"https:\/\/aromasentia.com\/de\/wp-json\/wp\/v2\/product_brand?post=242393"},{"taxonomy":"product_cat","embeddable":true,"href":"https:\/\/aromasentia.com\/de\/wp-json\/wp\/v2\/product_cat?post=242393"},{"taxonomy":"product_tag","embeddable":true,"href":"https:\/\/aromasentia.com\/de\/wp-json\/wp\/v2\/product_tag?post=242393"}],"curies":[{"name":"wp","href":"https:\/\/api.w.org\/{rel}","templated":true}]}}