{"id":242385,"date":"2025-03-20T15:15:26","date_gmt":"2025-03-20T15:15:26","guid":{"rendered":"https:\/\/aromasentia.com\/product\/cajaput-50ml-essential-oil\/"},"modified":"2025-12-30T20:40:26","modified_gmt":"2025-12-30T20:40:26","slug":"aetherisches-cajeputoel-50ml","status":"publish","type":"product","link":"https:\/\/aromasentia.com\/de\/aetherisches-cajeputoel-50ml\/","title":{"rendered":"\u00c4therisches Cajeput\u00f6l 50ml"},"content":{"rendered":"<p><strong>Lateinischer Name: Melaleuca Cajuputi<br \/>Verwendeter Pflanzenteil: Bl\u00e4tter und Zweige<br \/>Herkunft: Indonesien<br \/>Extraktionsmethode: Wasserdampfdestillation<\/strong><\/p>\n<p><strong>\u00c4therisches Cajeput\u00f6l<\/strong> wird zur Behandlung von Erk\u00e4ltungen, Kopf- und Zahnschmerzen verwendet. Es ist sehr wirksam bei der Bek\u00e4mpfung von Infektionen durch Bakterien, Viren und Pilze wie Tetanus (Bakterien), Grippe (Virus) und Infektionskrankheiten wie Cholera und Typhus.<\/p>\n<p>Cajeput\u00f6l ist sehr wirksam beim T\u00f6ten und Vertreiben von Insekten. Seine insektiziden Eigenschaften sind so stark, dass seine verd\u00fcnnte L\u00f6sung mithilfe eines Verdampfers verspr\u00fcht oder verdampft werden kann, um M\u00fccken, Ameisen und viele andere Arten von Sch\u00e4dlingen aus den R\u00e4umen zu vertreiben. Eine verd\u00fcnnte Cajeput\u00f6ll\u00f6sung kann auch auf den K\u00f6rper gerieben werden, um Insekten fernzuhalten.<\/p>\n<p>Genau wie Eukalyptus\u00f6l ist auch Cajeput\u00f6l ein hervorragendes abschwellendes und schleiml\u00f6sendes Mittel. Als abschwellendes Mittel verschafft es sofortige Linderung bei verstopfter Nase, Rachen und anderen Atemwegen sowie bei Husten, Infektionen und daraus resultierenden Halsentz\u00fcndungen.<\/p>\n<p>Es wirkt schmerzstillend, d. h. es lindert Schmerzen. Bei lokaler Anwendung, z. B. auf einen infizierten Zahn bei Zahnschmerzen oder auf die Stirn bei Kopfschmerzen, sollte es nur in stark verd\u00fcnnter L\u00f6sung angewendet werden.<\/p>\n","protected":false},"excerpt":{"rendered":"<p>Lateinischer Name: Melaleuca CajuputiVerwendeter Pflanzenteil: Bl\u00e4tter und ZweigeHerkunft: IndonesienExtraktionsmethode: Wasserdampfdestillation \u00c4therisches Cajeput\u00f6l wird zur Behandlung von Erk\u00e4ltungen, Kopf- und Zahnschmerzen verwendet. Es ist sehr wirksam bei der Bek\u00e4mpfung von Infektionen durch Bakterien, Viren und Pilze wie Tetanus (Bakterien), Grippe (Virus) und Infektionskrankheiten wie Cholera und Typhus. Cajeput\u00f6l ist sehr wirksam beim T\u00f6ten und Vertreiben von [&hellip;]<\/p>\n","protected":false},"featured_media":268477,"comment_status":"closed","ping_status":"open","template":"","meta":{"_angie_page":false},"product_brand":[27090],"product_cat":[16455,23649],"product_tag":[],"class_list":{"0":"post-242385","1":"product","2":"type-product","3":"status-publish","4":"has-post-thumbnail","6":"product_brand-ancient-wisdom","7":"product_cat-aromatherapie-und-raumdufte","8":"product_cat-atherische-ole","9":"pa_collection-50ml-essential-oil-de","10":"pa_made-in-indonesien","11":"pa_size-50ml","13":"first","14":"instock","15":"purchasable","16":"product-type-simple"},"supplier_id":null,"supplier_sku":"PrEO-56","barcode":null,"atum_controlled":true,"out_stock_date":null,"out_stock_threshold":null,"inheritable":false,"inbound_stock":null,"stock_on_hold":0,"sold_today":0,"sales_last_days":0,"reserved_stock":null,"customer_returns":null,"warehouse_damage":null,"lost_in_post":null,"other_logs":null,"out_stock_days":0,"lost_sales":0,"has_location":null,"update_date":"2026-04-27T07:18:26","atum_locations":[],"atum_stock_status":"instock","restock_status":false,"low_stock_amount":"","sales_update_date":"2026-02-06T00:00:43","calc_backorders":null,"_links":{"self":[{"href":"https:\/\/aromasentia.com\/de\/wp-json\/wp\/v2\/product\/242385","targetHints":{"allow":["GET"]}}],"collection":[{"href":"https:\/\/aromasentia.com\/de\/wp-json\/wp\/v2\/product"}],"about":[{"href":"https:\/\/aromasentia.com\/de\/wp-json\/wp\/v2\/types\/product"}],"replies":[{"embeddable":true,"href":"https:\/\/aromasentia.com\/de\/wp-json\/wp\/v2\/comments?post=242385"}],"version-history":[{"count":0,"href":"https:\/\/aromasentia.com\/de\/wp-json\/wp\/v2\/product\/242385\/revisions"}],"wp:featuredmedia":[{"embeddable":true,"href":"https:\/\/aromasentia.com\/de\/wp-json\/wp\/v2\/media\/268477"}],"wp:attachment":[{"href":"https:\/\/aromasentia.com\/de\/wp-json\/wp\/v2\/media?parent=242385"}],"wp:term":[{"taxonomy":"product_brand","embeddable":true,"href":"https:\/\/aromasentia.com\/de\/wp-json\/wp\/v2\/product_brand?post=242385"},{"taxonomy":"product_cat","embeddable":true,"href":"https:\/\/aromasentia.com\/de\/wp-json\/wp\/v2\/product_cat?post=242385"},{"taxonomy":"product_tag","embeddable":true,"href":"https:\/\/aromasentia.com\/de\/wp-json\/wp\/v2\/product_tag?post=242385"}],"curies":[{"name":"wp","href":"https:\/\/api.w.org\/{rel}","templated":true}]}}