{"id":242381,"date":"2025-03-20T15:15:26","date_gmt":"2025-03-20T15:15:26","guid":{"rendered":"https:\/\/aromasentia.com\/product\/carrot-seed-50ml-essential-oil\/"},"modified":"2025-12-30T20:40:26","modified_gmt":"2025-12-30T20:40:26","slug":"aetherisches-karottensamenoel-50ml","status":"publish","type":"product","link":"https:\/\/aromasentia.com\/de\/aetherisches-karottensamenoel-50ml\/","title":{"rendered":"\u00c4therisches Karottensamen\u00f6l 50ml"},"content":{"rendered":"<p><strong>Lateinischer Name: Daucus Carota Sativa<br \/>Verwendeter Pflanzenteil: Getrocknete Samen<br \/>Herkunft: Ungarn<br \/>Extraktionsmethode: Wasserdampfdestillation<\/strong><\/p>\n<p>In der Aromatherapie verwendet, regt <strong>\u00e4therisches Karottensamen\u00f6l<\/strong> die Durchblutung sowie die Gehirn- und Nervenfunktionen an. Sein warmer, erdiger, holziger und kr\u00e4uteriger Duft hat eine beruhigende, erfrischende und erdende Wirkung, die bekannterma\u00dfen M\u00fcdigkeit, Schw\u00e4che, Angst und Stress lindert.<\/p>\n<p>\u00c4therisches Karottensamen\u00f6l kann Ihnen helfen, Ihre Jugend zu bewahren. Die Antioxidantien in diesem \u00e4therischen \u00d6l reparieren die durch Oxidationsmittel an Ihrem Gewebe verursachten Sch\u00e4den und verhindern, dass diese weiteren Schaden anrichten. Diese Antioxidantien sch\u00fctzen Ihre Haut vor Falten, verhindern, dass Ihr Haar ergraut, Ihre Gelenke steif werden, Ihre Muskeln geschw\u00e4cht werden und Ihr Sehverm\u00f6gen nachl\u00e4sst.&nbsp;<\/p>\n<p>Dieses kraftvolle \u00e4therische \u00d6l kann Infektionen behandeln und vor ihren Folgen sch\u00fctzen. Es hat antiseptische Eigenschaften und kann unter anderem Tetanus vorbeugen. Karottensamen\u00f6l kann zur Behandlung von Infektionen der Haut und offener Wunden eingesetzt werden. Es wird zur Behandlung von Virusinfektionen der Atemwege, einschlie\u00dflich Bronchitis, eingesetzt. Es ist auch wirksam bei der Bek\u00e4mpfung anderer Virusinfektionen wie Grippe, Mumps, Husten, Erk\u00e4ltungen und Masern.<\/p>\n<p>Karottensamen\u00f6l entgiftet Blut, Gewebe, Muskeln und innere Organe wie Leber und Nieren. Es entfernt Giftstoffe wie Harns\u00e4ure aus Blut, Gewebe, Muskeln und Gelenken und hilft so, \u00d6deme, Arthritis, Gicht und Rheuma zu behandeln und deren Fortschreiten zu verlangsamen.<\/p>\n","protected":false},"excerpt":{"rendered":"<p>Lateinischer Name: Daucus Carota SativaVerwendeter Pflanzenteil: Getrocknete SamenHerkunft: UngarnExtraktionsmethode: Wasserdampfdestillation In der Aromatherapie verwendet, regt \u00e4therisches Karottensamen\u00f6l die Durchblutung sowie die Gehirn- und Nervenfunktionen an. Sein warmer, erdiger, holziger und kr\u00e4uteriger Duft hat eine beruhigende, erfrischende und erdende Wirkung, die bekannterma\u00dfen M\u00fcdigkeit, Schw\u00e4che, Angst und Stress lindert. \u00c4therisches Karottensamen\u00f6l kann Ihnen helfen, Ihre Jugend zu [&hellip;]<\/p>\n","protected":false},"featured_media":268468,"comment_status":"closed","ping_status":"open","template":"","meta":{"_angie_page":false},"product_brand":[27090],"product_cat":[16455,23649,25841,26826,26120],"product_tag":[],"class_list":{"0":"post-242381","1":"product","2":"type-product","3":"status-publish","4":"has-post-thumbnail","6":"product_brand-ancient-wisdom","7":"product_cat-aromatherapie-und-raumdufte","8":"product_cat-atherische-ole","9":"product_cat-dufte-aromen","10":"product_cat-erdig-grun","11":"product_cat-karottensamen","12":"pa_collection-50ml-essential-oil-de","13":"pa_made-in-indien","14":"pa_size-50ml","16":"first","17":"instock","18":"purchasable","19":"product-type-simple"},"supplier_id":null,"supplier_sku":"PrEO-55","barcode":null,"atum_controlled":true,"out_stock_date":null,"out_stock_threshold":null,"inheritable":false,"inbound_stock":null,"stock_on_hold":0,"sold_today":0,"sales_last_days":0,"reserved_stock":null,"customer_returns":null,"warehouse_damage":null,"lost_in_post":null,"other_logs":null,"out_stock_days":0,"lost_sales":0,"has_location":null,"update_date":"2026-05-08T05:16:52","atum_locations":[],"atum_stock_status":"instock","restock_status":false,"low_stock_amount":"","sales_update_date":"2026-02-06T00:00:48","calc_backorders":null,"_links":{"self":[{"href":"https:\/\/aromasentia.com\/de\/wp-json\/wp\/v2\/product\/242381","targetHints":{"allow":["GET"]}}],"collection":[{"href":"https:\/\/aromasentia.com\/de\/wp-json\/wp\/v2\/product"}],"about":[{"href":"https:\/\/aromasentia.com\/de\/wp-json\/wp\/v2\/types\/product"}],"replies":[{"embeddable":true,"href":"https:\/\/aromasentia.com\/de\/wp-json\/wp\/v2\/comments?post=242381"}],"version-history":[{"count":0,"href":"https:\/\/aromasentia.com\/de\/wp-json\/wp\/v2\/product\/242381\/revisions"}],"wp:featuredmedia":[{"embeddable":true,"href":"https:\/\/aromasentia.com\/de\/wp-json\/wp\/v2\/media\/268468"}],"wp:attachment":[{"href":"https:\/\/aromasentia.com\/de\/wp-json\/wp\/v2\/media?parent=242381"}],"wp:term":[{"taxonomy":"product_brand","embeddable":true,"href":"https:\/\/aromasentia.com\/de\/wp-json\/wp\/v2\/product_brand?post=242381"},{"taxonomy":"product_cat","embeddable":true,"href":"https:\/\/aromasentia.com\/de\/wp-json\/wp\/v2\/product_cat?post=242381"},{"taxonomy":"product_tag","embeddable":true,"href":"https:\/\/aromasentia.com\/de\/wp-json\/wp\/v2\/product_tag?post=242381"}],"curies":[{"name":"wp","href":"https:\/\/api.w.org\/{rel}","templated":true}]}}