{"id":242377,"date":"2025-03-20T15:15:26","date_gmt":"2025-03-20T15:15:26","guid":{"rendered":"https:\/\/aromasentia.com\/product\/vetivert-50ml-essential-oil\/"},"modified":"2025-12-30T20:40:26","modified_gmt":"2025-12-30T20:40:26","slug":"aetherisches-vetivergrasoel-50ml","status":"publish","type":"product","link":"https:\/\/aromasentia.com\/de\/aetherisches-vetivergrasoel-50ml\/","title":{"rendered":"\u00c4therisches Vetivergras\u00f6l 50ml"},"content":{"rendered":"<p><strong>Lateinischer Name: Vetiveria Zizanioides<br \/>Verwendeter Pflanzenteil: Wurzeln<br \/>Herkunft: Java<br \/>Extraktionsmethode: Wasserdampfdestillation<\/strong><\/p>\n<p><strong>\u00c4therisches Vetiver\u00f6l<\/strong>, auch Khus-\u00d6l genannt, wird aus der Vetiverpflanze gewonnen, einem b\u00fcscheligen, gr\u00fcnen Gras, das in Indien heimisch ist und 1,5 Meter hoch oder h\u00f6her werden kann. Vetiver\u00f6l ist sehr aromatisch und hat einen unverwechselbaren scharfen und erdigen Geruch, den Sie vielleicht von Herrenparfums kennen.<\/p>\n<p>Die wohltuende und k\u00fchlende Wirkung des \u00e4therischen Vetiver\u00f6ls beruhigt und lindert alle Arten von Entz\u00fcndungen. Es eignet sich besonders gut zur Linderung von Entz\u00fcndungen des Kreislauf- und Nervensystems.<\/p>\n<p>Das \u00e4therische Vetiver\u00f6l ist ein bekanntes Beruhigungsmittel. Es beruhigt nerv\u00f6se Reizungen, Beschwerden, Kr\u00e4mpfe und emotionale Ausbr\u00fcche wie Wut, Angst, epileptische und hysterische Anf\u00e4lle, Unruhe und Nervosit\u00e4t. Es hilft sogar Patienten, die unter Schlaflosigkeit leiden.<\/p>\n<p>\u00c4therisches Vetiver\u00f6l unterst\u00fctzt die Wundheilung, indem es das Wachstum neuen Gewebes an verletzten Stellen f\u00f6rdert und die Wunde vor Infektionen sch\u00fctzt, indem es das Wachstum von Mikroben hemmt.<\/p>\n","protected":false},"excerpt":{"rendered":"<p>Lateinischer Name: Vetiveria ZizanioidesVerwendeter Pflanzenteil: WurzelnHerkunft: JavaExtraktionsmethode: Wasserdampfdestillation \u00c4therisches Vetiver\u00f6l, auch Khus-\u00d6l genannt, wird aus der Vetiverpflanze gewonnen, einem b\u00fcscheligen, gr\u00fcnen Gras, das in Indien heimisch ist und 1,5 Meter hoch oder h\u00f6her werden kann. Vetiver\u00f6l ist sehr aromatisch und hat einen unverwechselbaren scharfen und erdigen Geruch, den Sie vielleicht von Herrenparfums kennen. Die wohltuende [&hellip;]<\/p>\n","protected":false},"featured_media":268459,"comment_status":"closed","ping_status":"open","template":"","meta":{"_angie_page":false},"product_brand":[27090],"product_cat":[16455,23649,25841,26826,26425],"product_tag":[],"class_list":{"0":"post-242377","1":"product","2":"type-product","3":"status-publish","4":"has-post-thumbnail","6":"product_brand-ancient-wisdom","7":"product_cat-aromatherapie-und-raumdufte","8":"product_cat-atherische-ole","9":"product_cat-dufte-aromen","10":"product_cat-erdig-grun","11":"product_cat-vetiver","12":"pa_collection-50ml-essential-oil-de","13":"pa_made-in-indonesien","14":"pa_size-50ml","16":"first","17":"instock","18":"purchasable","19":"product-type-simple"},"supplier_id":null,"supplier_sku":"PrEO-54","barcode":null,"atum_controlled":true,"out_stock_date":null,"out_stock_threshold":null,"inheritable":false,"inbound_stock":null,"stock_on_hold":0,"sold_today":0,"sales_last_days":0,"reserved_stock":null,"customer_returns":null,"warehouse_damage":null,"lost_in_post":null,"other_logs":null,"out_stock_days":0,"lost_sales":0,"has_location":null,"update_date":"2026-04-27T07:18:26","atum_locations":[],"atum_stock_status":"instock","restock_status":false,"low_stock_amount":"","sales_update_date":"2026-01-30T01:24:55","calc_backorders":null,"_links":{"self":[{"href":"https:\/\/aromasentia.com\/de\/wp-json\/wp\/v2\/product\/242377","targetHints":{"allow":["GET"]}}],"collection":[{"href":"https:\/\/aromasentia.com\/de\/wp-json\/wp\/v2\/product"}],"about":[{"href":"https:\/\/aromasentia.com\/de\/wp-json\/wp\/v2\/types\/product"}],"replies":[{"embeddable":true,"href":"https:\/\/aromasentia.com\/de\/wp-json\/wp\/v2\/comments?post=242377"}],"version-history":[{"count":0,"href":"https:\/\/aromasentia.com\/de\/wp-json\/wp\/v2\/product\/242377\/revisions"}],"wp:featuredmedia":[{"embeddable":true,"href":"https:\/\/aromasentia.com\/de\/wp-json\/wp\/v2\/media\/268459"}],"wp:attachment":[{"href":"https:\/\/aromasentia.com\/de\/wp-json\/wp\/v2\/media?parent=242377"}],"wp:term":[{"taxonomy":"product_brand","embeddable":true,"href":"https:\/\/aromasentia.com\/de\/wp-json\/wp\/v2\/product_brand?post=242377"},{"taxonomy":"product_cat","embeddable":true,"href":"https:\/\/aromasentia.com\/de\/wp-json\/wp\/v2\/product_cat?post=242377"},{"taxonomy":"product_tag","embeddable":true,"href":"https:\/\/aromasentia.com\/de\/wp-json\/wp\/v2\/product_tag?post=242377"}],"curies":[{"name":"wp","href":"https:\/\/api.w.org\/{rel}","templated":true}]}}