{"id":242373,"date":"2025-03-20T15:15:26","date_gmt":"2025-03-20T15:15:26","guid":{"rendered":"https:\/\/aromasentia.com\/product\/may-chang-50ml-essential-oil\/"},"modified":"2025-12-30T20:40:26","modified_gmt":"2025-12-30T20:40:26","slug":"aetherisches-may-chang-oel-50ml","status":"publish","type":"product","link":"https:\/\/aromasentia.com\/de\/aetherisches-may-chang-oel-50ml\/","title":{"rendered":"\u00c4therisches May-Chang-\u00d6l 50ml"},"content":{"rendered":"<p><strong>Lateinischer Name: Litsea Cubeba<br \/>Verwendeter Pflanzenteil: Frucht<br \/>Herkunft: China<br \/>Extraktionsmethode: Wasserdampfdestillation<\/strong><\/p>\n<p><strong>\u00c4therisches May Chang \u00d6l<\/strong> ist ein sehr aufmunterndes und anregendes \u00d6l und n\u00fctzlich in Zeiten von M\u00fcdigkeit, Melancholie und Angst. Wird verwendet, um eine aufmunternde Atmosph\u00e4re zu erzeugen, wenn es zerst\u00e4ubt wird. Traditionell als Verdauungshilfe verwendet, kann May Chang bei schlechter Verdauung helfen und den Appetit anregen.<\/p>\n<p>\u00c4therisches May Chang \u00d6l hat eine erfrischende, anregende und aufmunternde Wirkung, was es perfekt macht, um M\u00fcdigkeit und lethargische psychische Zust\u00e4nde zu lindern. Und weil dieses \u00d6l ein St\u00e4rkungsmittel f\u00fcr das Nervensystem ist, ist es ideal, um Ihren Kopf frei zu bekommen, wenn Sie sich \u00e4ngstlich, gestresst oder benommen f\u00fchlen.<\/p>\n<p>Es hat au\u00dferdem \u00fcberraschend gute antiseptische, antimykotische und antivirale Eigenschaften, die helfen k\u00f6nnen, Husten, Erk\u00e4ltungen und Fu\u00dfpilz in Schach zu halten. Es eignet sich auch hervorragend f\u00fcr Reinigungsarbeiten im Haushalt, wie zum Beispiel das Desinfizieren von K\u00fcchenarbeitsfl\u00e4chen. Um die Wirksamkeit zu steigern, kann die Mischung mit Teebaum\u00f6l angereichert werden. So erzielen Sie eine kraftvolle Reinigungswirkung ohne den unangenehmen Desinfektionsmittelgeruch.<\/p>\n","protected":false},"excerpt":{"rendered":"<p>Lateinischer Name: Litsea CubebaVerwendeter Pflanzenteil: FruchtHerkunft: ChinaExtraktionsmethode: Wasserdampfdestillation \u00c4therisches May Chang \u00d6l ist ein sehr aufmunterndes und anregendes \u00d6l und n\u00fctzlich in Zeiten von M\u00fcdigkeit, Melancholie und Angst. Wird verwendet, um eine aufmunternde Atmosph\u00e4re zu erzeugen, wenn es zerst\u00e4ubt wird. Traditionell als Verdauungshilfe verwendet, kann May Chang bei schlechter Verdauung helfen und den Appetit anregen. [&hellip;]<\/p>\n","protected":false},"featured_media":268450,"comment_status":"closed","ping_status":"open","template":"","meta":{"_angie_page":false},"product_brand":[27090],"product_cat":[16455,23649,25841,26274,26819],"product_tag":[],"class_list":{"0":"post-242373","1":"product","2":"type-product","3":"status-publish","4":"has-post-thumbnail","6":"product_brand-ancient-wisdom","7":"product_cat-aromatherapie-und-raumdufte","8":"product_cat-atherische-ole","9":"product_cat-dufte-aromen","10":"product_cat-may-chang-litsea-cubeba","11":"product_cat-zitrus","12":"pa_collection-50ml-essential-oil-de","13":"pa_made-in-china","14":"pa_size-50ml","16":"first","17":"instock","18":"purchasable","19":"product-type-simple"},"supplier_id":null,"supplier_sku":"PrEO-52","barcode":null,"atum_controlled":true,"out_stock_date":null,"out_stock_threshold":null,"inheritable":false,"inbound_stock":null,"stock_on_hold":0,"sold_today":0,"sales_last_days":0,"reserved_stock":null,"customer_returns":null,"warehouse_damage":null,"lost_in_post":null,"other_logs":null,"out_stock_days":0,"lost_sales":0,"has_location":null,"update_date":"2026-04-27T07:18:26","atum_locations":[],"atum_stock_status":"instock","restock_status":false,"low_stock_amount":"","sales_update_date":"2025-09-05T00:18:10","calc_backorders":null,"_links":{"self":[{"href":"https:\/\/aromasentia.com\/de\/wp-json\/wp\/v2\/product\/242373","targetHints":{"allow":["GET"]}}],"collection":[{"href":"https:\/\/aromasentia.com\/de\/wp-json\/wp\/v2\/product"}],"about":[{"href":"https:\/\/aromasentia.com\/de\/wp-json\/wp\/v2\/types\/product"}],"replies":[{"embeddable":true,"href":"https:\/\/aromasentia.com\/de\/wp-json\/wp\/v2\/comments?post=242373"}],"version-history":[{"count":0,"href":"https:\/\/aromasentia.com\/de\/wp-json\/wp\/v2\/product\/242373\/revisions"}],"wp:featuredmedia":[{"embeddable":true,"href":"https:\/\/aromasentia.com\/de\/wp-json\/wp\/v2\/media\/268450"}],"wp:attachment":[{"href":"https:\/\/aromasentia.com\/de\/wp-json\/wp\/v2\/media?parent=242373"}],"wp:term":[{"taxonomy":"product_brand","embeddable":true,"href":"https:\/\/aromasentia.com\/de\/wp-json\/wp\/v2\/product_brand?post=242373"},{"taxonomy":"product_cat","embeddable":true,"href":"https:\/\/aromasentia.com\/de\/wp-json\/wp\/v2\/product_cat?post=242373"},{"taxonomy":"product_tag","embeddable":true,"href":"https:\/\/aromasentia.com\/de\/wp-json\/wp\/v2\/product_tag?post=242373"}],"curies":[{"name":"wp","href":"https:\/\/api.w.org\/{rel}","templated":true}]}}