{"id":242369,"date":"2025-03-20T15:15:26","date_gmt":"2025-03-20T15:15:26","guid":{"rendered":"https:\/\/aromasentia.com\/product\/hyssop-50ml-essential-oil\/"},"modified":"2025-12-30T20:40:26","modified_gmt":"2025-12-30T20:40:26","slug":"aetherisches-ysopoel-50ml","status":"publish","type":"product","link":"https:\/\/aromasentia.com\/de\/aetherisches-ysopoel-50ml\/","title":{"rendered":"\u00c4therisches Ysop\u00f6l 50ml"},"content":{"rendered":"<p><strong>Lateinischer Name: Hyssopus Officinalis<br \/>Verwendeter Pflanzenteil: Bl\u00e4tter und Bl\u00fctenspitzen<br \/>Herkunft: Slowenien<br \/>Extraktionsmethode: Wasserdampfdestillation<\/strong><\/p>\n<p>Das \u00e4therische Ysop\u00f6l wird mithilfe der Wasserdampfdestillation der Bl\u00e4tter und Bl\u00fcten eines Ysop genannten Strauchs gewonnen. Die gesundheitlichen Vorteile dieses \u00e4therischen \u00d6ls sind auf seine Eigenschaften als adstringierendes, stimulierendes, krampfl\u00f6sendes, antirheumatisches, antiseptisches, karminatives, wundheilendes, verdauungsf\u00f6rderndes, harntreibendes, menstruationsf\u00f6rderndes, schleiml\u00f6sendes, blutdrucksenkendes, nervenst\u00e4rkendes, schwei\u00dftreibendes, tonisierendes, fiebersenkendes, wurmtreibendes und wundheilendes Mittel zur\u00fcckzuf\u00fchren.<\/p>\n<p>Da es ein krampfl\u00f6sendes Mittel ist, lindert <strong>\u00e4therisches Ysop\u00f6l<\/strong> Kr\u00e4mpfe der Atemwege und heilt so krampfartigen Husten. Es heilt auch Kr\u00e4mpfe des Nervensystems, um Kr\u00e4mpfe und damit verbundene Probleme zu lindern, sowie Muskelkr\u00e4mpfe zu reduzieren, was Kr\u00e4mpfe lindert, und Darmkr\u00e4mpfe, was Linderung bei akuten Bauchschmerzen verschafft.<\/p>\n<p>Da Ysop\u00f6l die Durchblutung verbessert und f\u00f6rdert, hilft es bei der Heilung von Krankheiten, die mit schlechter Durchblutung verbunden sind, wie Rheuma, Arthritis, Gicht und Schwellungen.<\/p>\n<p>Dieses \u00d6l erleichtert die Verdauung. Als Stimulans regt es die Sekretion von Magens\u00e4ften wie S\u00e4uren, Enzymen und Galle in den Magen an, was den Abbau komplexer Proteine, Kohlenhydrate und anderer N\u00e4hrstoffe beschleunigt.<\/p>\n","protected":false},"excerpt":{"rendered":"<p>Lateinischer Name: Hyssopus OfficinalisVerwendeter Pflanzenteil: Bl\u00e4tter und Bl\u00fctenspitzenHerkunft: SlowenienExtraktionsmethode: Wasserdampfdestillation Das \u00e4therische Ysop\u00f6l wird mithilfe der Wasserdampfdestillation der Bl\u00e4tter und Bl\u00fcten eines Ysop genannten Strauchs gewonnen. Die gesundheitlichen Vorteile dieses \u00e4therischen \u00d6ls sind auf seine Eigenschaften als adstringierendes, stimulierendes, krampfl\u00f6sendes, antirheumatisches, antiseptisches, karminatives, wundheilendes, verdauungsf\u00f6rderndes, harntreibendes, menstruationsf\u00f6rderndes, schleiml\u00f6sendes, blutdrucksenkendes, nervenst\u00e4rkendes, schwei\u00dftreibendes, tonisierendes, fiebersenkendes, wurmtreibendes und [&hellip;]<\/p>\n","protected":false},"featured_media":268441,"comment_status":"closed","ping_status":"open","template":"","meta":{"_angie_page":false},"product_brand":[27090],"product_cat":[16455,23649,25841,26861,26219],"product_tag":[],"class_list":{"0":"post-242369","1":"product","2":"type-product","3":"status-publish","4":"has-post-thumbnail","6":"product_brand-ancient-wisdom","7":"product_cat-aromatherapie-und-raumdufte","8":"product_cat-atherische-ole","9":"product_cat-dufte-aromen","10":"product_cat-krauter-aromatisch","11":"product_cat-ysop","12":"pa_collection-50ml-essential-oil-de","13":"pa_made-in-kroatien","14":"pa_size-50ml","16":"first","17":"instock","18":"purchasable","19":"product-type-simple"},"supplier_id":null,"supplier_sku":"PrEO-51","barcode":null,"atum_controlled":true,"out_stock_date":null,"out_stock_threshold":null,"inheritable":false,"inbound_stock":null,"stock_on_hold":0,"sold_today":0,"sales_last_days":0,"reserved_stock":null,"customer_returns":null,"warehouse_damage":null,"lost_in_post":null,"other_logs":null,"out_stock_days":0,"lost_sales":0,"has_location":null,"update_date":"2026-04-28T18:50:19","atum_locations":[],"atum_stock_status":"instock","restock_status":false,"low_stock_amount":"","sales_update_date":"2025-09-05T00:18:10","calc_backorders":null,"_links":{"self":[{"href":"https:\/\/aromasentia.com\/de\/wp-json\/wp\/v2\/product\/242369","targetHints":{"allow":["GET"]}}],"collection":[{"href":"https:\/\/aromasentia.com\/de\/wp-json\/wp\/v2\/product"}],"about":[{"href":"https:\/\/aromasentia.com\/de\/wp-json\/wp\/v2\/types\/product"}],"replies":[{"embeddable":true,"href":"https:\/\/aromasentia.com\/de\/wp-json\/wp\/v2\/comments?post=242369"}],"version-history":[{"count":0,"href":"https:\/\/aromasentia.com\/de\/wp-json\/wp\/v2\/product\/242369\/revisions"}],"wp:featuredmedia":[{"embeddable":true,"href":"https:\/\/aromasentia.com\/de\/wp-json\/wp\/v2\/media\/268441"}],"wp:attachment":[{"href":"https:\/\/aromasentia.com\/de\/wp-json\/wp\/v2\/media?parent=242369"}],"wp:term":[{"taxonomy":"product_brand","embeddable":true,"href":"https:\/\/aromasentia.com\/de\/wp-json\/wp\/v2\/product_brand?post=242369"},{"taxonomy":"product_cat","embeddable":true,"href":"https:\/\/aromasentia.com\/de\/wp-json\/wp\/v2\/product_cat?post=242369"},{"taxonomy":"product_tag","embeddable":true,"href":"https:\/\/aromasentia.com\/de\/wp-json\/wp\/v2\/product_tag?post=242369"}],"curies":[{"name":"wp","href":"https:\/\/api.w.org\/{rel}","templated":true}]}}