{"id":242365,"date":"2025-03-20T15:15:26","date_gmt":"2025-03-20T15:15:26","guid":{"rendered":"https:\/\/aromasentia.com\/product\/cedarwood-virginian-50ml-essential-oil\/"},"modified":"2025-12-30T20:40:26","modified_gmt":"2025-12-30T20:40:26","slug":"aetherisches-virginiazederoel-50ml","status":"publish","type":"product","link":"https:\/\/aromasentia.com\/de\/aetherisches-virginiazederoel-50ml\/","title":{"rendered":"\u00c4therisches Virginiazeder\u00f6l 50ml"},"content":{"rendered":"<p><strong>Lateinischer Name: Juniperus Virginiana<br \/>Verwendeter Pflanzenteil: Holz<br \/>Herkunft: USA<br \/>Extraktionsmethode: Wasserdampfdestillation<\/strong><\/p>\n<p>Zedernholz ist eine Pflanze, die in kalten Klimazonen heimisch ist und normalerweise in gro\u00dfen H\u00f6hen w\u00e4chst. Die gesundheitsf\u00f6rdernde Wirkung von \u00e4therischem Zedernholz\u00f6l beruht auf seinen Eigenschaften als antiseborrhoisches, antiseptisches, krampfl\u00f6sendes, tonisierendes, adstringierendes, harntreibendes, menstruationsf\u00f6rderndes, schleiml\u00f6sendes, insektizides, beruhigendes und fungizides Mittel.<\/p>\n<p>\u00c4therisches Zedernholz\u00f6l lindert die Symptome von Seborrhoe. Seborrhoe oder seborrhoisches Ekzem ist eine schwere Erkrankung, die durch eine Fehlfunktion der Talgdr\u00fcsen verursacht wird. Dies f\u00fchrt zu einer erh\u00f6hten Talgproduktion und anschlie\u00dfender Infektion der Epidermiszellen. Es sieht sehr h\u00e4sslich aus, da die wei\u00df oder blassgelb gef\u00e4rbte Haut beginnt, sich abzusch\u00e4len, insbesondere an der Kopfhaut, den Augenbrauen, dem Innenohr und \u00fcberall sonst mit Haarfollikeln. Zedernholz\u00f6l kann bei der Heilung dieser entz\u00fcndlichen Erkrankung hilfreich sein und das Absch\u00e4len der Haut reduzieren, die Talgproduktion regulieren und die Infektion behandeln. Das \u00d6l reduziert auch die unsch\u00f6ne R\u00f6tung und die offensichtlichen Anzeichen der Erkrankung und beseitigt sie gleichzeitig.<\/p>\n<p>Zedernholz\u00f6l verhindert, dass Wunden septisch werden, und sch\u00fctzt sie vor Tetanuskeimen. &nbsp;Indem es den K\u00f6rper vor Giftstoffen sch\u00fctzt, entlastet \u00e4therisches Zedernholz\u00f6l die wei\u00dfen Blutk\u00f6rperchen und das Immunsystem von zus\u00e4tzlichem Stress, wodurch sie die inneren Funktionen sch\u00fctzen k\u00f6nnen.<\/p>\n<p>Zedernholz\u00f6l kann als allgemeines Gesundheitstonikum verwendet werden, da es die Organsysteme st\u00e4rkt und den Stoffwechsel anregt. Es strafft und st\u00e4rkt die Muskeln in der Haut, dem Magen, dem Verdauungssystem und reguliert die Gehirnfunktionen. Es steigert die Funktionalit\u00e4t von Nieren und Leber, was wiederum die allgemeine Gesundheit und das Wohlbefinden verbessert.<\/p>\n","protected":false},"excerpt":{"rendered":"<p>Lateinischer Name: Juniperus VirginianaVerwendeter Pflanzenteil: HolzHerkunft: USAExtraktionsmethode: Wasserdampfdestillation Zedernholz ist eine Pflanze, die in kalten Klimazonen heimisch ist und normalerweise in gro\u00dfen H\u00f6hen w\u00e4chst. Die gesundheitsf\u00f6rdernde Wirkung von \u00e4therischem Zedernholz\u00f6l beruht auf seinen Eigenschaften als antiseborrhoisches, antiseptisches, krampfl\u00f6sendes, tonisierendes, adstringierendes, harntreibendes, menstruationsf\u00f6rderndes, schleiml\u00f6sendes, insektizides, beruhigendes und fungizides Mittel. \u00c4therisches Zedernholz\u00f6l lindert die Symptome von Seborrhoe. [&hellip;]<\/p>\n","protected":false},"featured_media":268432,"comment_status":"closed","ping_status":"open","template":"","meta":{"_angie_page":false},"product_brand":[27090],"product_cat":[16455,23649,25841,26896,26125],"product_tag":[],"class_list":{"0":"post-242365","1":"product","2":"type-product","3":"status-publish","4":"has-post-thumbnail","6":"product_brand-ancient-wisdom","7":"product_cat-aromatherapie-und-raumdufte","8":"product_cat-atherische-ole","9":"product_cat-dufte-aromen","10":"product_cat-holzig","11":"product_cat-zeder","12":"pa_collection-50ml-essential-oil-de","13":"pa_made-in-vereinigte-staaten","14":"pa_size-50ml","16":"first","17":"instock","18":"purchasable","19":"product-type-simple"},"supplier_id":null,"supplier_sku":"PrEO-50","barcode":null,"atum_controlled":true,"out_stock_date":null,"out_stock_threshold":null,"inheritable":false,"inbound_stock":null,"stock_on_hold":0,"sold_today":0,"sales_last_days":0,"reserved_stock":null,"customer_returns":null,"warehouse_damage":null,"lost_in_post":null,"other_logs":null,"out_stock_days":0,"lost_sales":0,"has_location":null,"update_date":"2026-04-27T07:18:26","atum_locations":[],"atum_stock_status":"instock","restock_status":false,"low_stock_amount":"","sales_update_date":"2025-09-05T00:18:10","calc_backorders":null,"_links":{"self":[{"href":"https:\/\/aromasentia.com\/de\/wp-json\/wp\/v2\/product\/242365","targetHints":{"allow":["GET"]}}],"collection":[{"href":"https:\/\/aromasentia.com\/de\/wp-json\/wp\/v2\/product"}],"about":[{"href":"https:\/\/aromasentia.com\/de\/wp-json\/wp\/v2\/types\/product"}],"replies":[{"embeddable":true,"href":"https:\/\/aromasentia.com\/de\/wp-json\/wp\/v2\/comments?post=242365"}],"version-history":[{"count":0,"href":"https:\/\/aromasentia.com\/de\/wp-json\/wp\/v2\/product\/242365\/revisions"}],"wp:featuredmedia":[{"embeddable":true,"href":"https:\/\/aromasentia.com\/de\/wp-json\/wp\/v2\/media\/268432"}],"wp:attachment":[{"href":"https:\/\/aromasentia.com\/de\/wp-json\/wp\/v2\/media?parent=242365"}],"wp:term":[{"taxonomy":"product_brand","embeddable":true,"href":"https:\/\/aromasentia.com\/de\/wp-json\/wp\/v2\/product_brand?post=242365"},{"taxonomy":"product_cat","embeddable":true,"href":"https:\/\/aromasentia.com\/de\/wp-json\/wp\/v2\/product_cat?post=242365"},{"taxonomy":"product_tag","embeddable":true,"href":"https:\/\/aromasentia.com\/de\/wp-json\/wp\/v2\/product_tag?post=242365"}],"curies":[{"name":"wp","href":"https:\/\/api.w.org\/{rel}","templated":true}]}}