{"id":242349,"date":"2025-03-20T15:15:26","date_gmt":"2025-03-20T15:15:26","guid":{"rendered":"https:\/\/aromasentia.com\/product\/coriander-seed-50ml-essential-oil\/"},"modified":"2025-12-30T20:40:19","modified_gmt":"2025-12-30T20:40:19","slug":"aetherisches-koriandersamenoel-50ml","status":"publish","type":"product","link":"https:\/\/aromasentia.com\/de\/aetherisches-koriandersamenoel-50ml\/","title":{"rendered":"\u00c4therisches Koriandersamen\u00f6l 50ml"},"content":{"rendered":"<p><strong>Lateinischer Name: Coriandrum Sativum<br \/>Verwendeter Pflanzenteil: Samen<br \/>Herkunft: Russland<br \/>Extraktionsmethode: Wasserdampfdestillation<\/strong><\/p>\n<p>Die gesundheitlichen Vorteile des \u00e4therischen Koriander\u00f6ls k\u00f6nnen auf seine Eigenschaften als schmerzstillendes, aphrodisierendes, krampfl\u00f6sendes, karminatives, reinigendes, desodorierendes, verdauungsf\u00f6rderndes, fungizides, lipolytisches, stimulierendes und magenst\u00e4rkendes Mittel zur\u00fcckgef\u00fchrt werden.&nbsp;<\/p>\n<p><strong>\u00c4therisches Koriander\u00f6l<\/strong> kann Ihr Eheleben himmlisch machen. Es weckt und steigert die Libido und heilt vor\u00fcbergehende Impotenz, Frigidit\u00e4t bei M\u00e4nnern und Frauen, Erektionsst\u00f6rungen und allgemeinen Verlust des Interesses an Sex.<\/p>\n<p>Es f\u00f6rdert die Lipolyse, d. h. die Hydrolyse von Lipiden, was wiederum die Hydrolyse oder den Abbau von Fetten und Cholesterin bedeutet. Je schneller die Lipolyse, desto schneller werden Sie schlank und verlieren Gewicht. Koriander lindert au\u00dferdem nerv\u00f6se Kr\u00e4mpfe und entspannt K\u00f6rper und Geist. Er stimuliert und erw\u00e4rmt die Organsysteme und verschiedene K\u00f6rperfunktionen. Er stimuliert die Hormon- und Enzymaussch\u00fcttung, die Verdauung, die Ausscheidung, die Gehirnfunktionen und die Aktivit\u00e4t des Nervensystems. Er bek\u00e4mpft au\u00dferdem Depressionen und hebt die Stimmung.<\/p>\n","protected":false},"excerpt":{"rendered":"<p>Lateinischer Name: Coriandrum SativumVerwendeter Pflanzenteil: SamenHerkunft: RusslandExtraktionsmethode: Wasserdampfdestillation Die gesundheitlichen Vorteile des \u00e4therischen Koriander\u00f6ls k\u00f6nnen auf seine Eigenschaften als schmerzstillendes, aphrodisierendes, krampfl\u00f6sendes, karminatives, reinigendes, desodorierendes, verdauungsf\u00f6rderndes, fungizides, lipolytisches, stimulierendes und magenst\u00e4rkendes Mittel zur\u00fcckgef\u00fchrt werden.&nbsp; \u00c4therisches Koriander\u00f6l kann Ihr Eheleben himmlisch machen. Es weckt und steigert die Libido und heilt vor\u00fcbergehende Impotenz, Frigidit\u00e4t bei M\u00e4nnern und [&hellip;]<\/p>\n","protected":false},"featured_media":268396,"comment_status":"closed","ping_status":"open","template":"","meta":{"_angie_page":false},"product_brand":[27090],"product_cat":[16455,23649,25841,26155,26889],"product_tag":[],"class_list":{"0":"post-242349","1":"product","2":"type-product","3":"status-publish","4":"has-post-thumbnail","6":"product_brand-ancient-wisdom","7":"product_cat-aromatherapie-und-raumdufte","8":"product_cat-atherische-ole","9":"product_cat-dufte-aromen","10":"product_cat-koriandersamen","11":"product_cat-wurzig","12":"pa_collection-50ml-essential-oil-de","13":"pa_made-in-ungarn","14":"pa_size-50ml","16":"first","17":"instock","18":"purchasable","19":"product-type-simple"},"supplier_id":null,"supplier_sku":"PrEO-42","barcode":null,"atum_controlled":true,"out_stock_date":null,"out_stock_threshold":null,"inheritable":false,"inbound_stock":null,"stock_on_hold":0,"sold_today":0,"sales_last_days":0,"reserved_stock":null,"customer_returns":null,"warehouse_damage":null,"lost_in_post":null,"other_logs":null,"out_stock_days":0,"lost_sales":0,"has_location":null,"update_date":"2026-04-27T07:18:26","atum_locations":[],"atum_stock_status":"instock","restock_status":false,"low_stock_amount":"","sales_update_date":"2026-01-30T01:25:00","calc_backorders":null,"_links":{"self":[{"href":"https:\/\/aromasentia.com\/de\/wp-json\/wp\/v2\/product\/242349","targetHints":{"allow":["GET"]}}],"collection":[{"href":"https:\/\/aromasentia.com\/de\/wp-json\/wp\/v2\/product"}],"about":[{"href":"https:\/\/aromasentia.com\/de\/wp-json\/wp\/v2\/types\/product"}],"replies":[{"embeddable":true,"href":"https:\/\/aromasentia.com\/de\/wp-json\/wp\/v2\/comments?post=242349"}],"version-history":[{"count":0,"href":"https:\/\/aromasentia.com\/de\/wp-json\/wp\/v2\/product\/242349\/revisions"}],"wp:featuredmedia":[{"embeddable":true,"href":"https:\/\/aromasentia.com\/de\/wp-json\/wp\/v2\/media\/268396"}],"wp:attachment":[{"href":"https:\/\/aromasentia.com\/de\/wp-json\/wp\/v2\/media?parent=242349"}],"wp:term":[{"taxonomy":"product_brand","embeddable":true,"href":"https:\/\/aromasentia.com\/de\/wp-json\/wp\/v2\/product_brand?post=242349"},{"taxonomy":"product_cat","embeddable":true,"href":"https:\/\/aromasentia.com\/de\/wp-json\/wp\/v2\/product_cat?post=242349"},{"taxonomy":"product_tag","embeddable":true,"href":"https:\/\/aromasentia.com\/de\/wp-json\/wp\/v2\/product_tag?post=242349"}],"curies":[{"name":"wp","href":"https:\/\/api.w.org\/{rel}","templated":true}]}}