{"id":242333,"date":"2025-03-20T15:15:45","date_gmt":"2025-03-20T15:15:45","guid":{"rendered":"https:\/\/aromasentia.com\/product\/bay-leaf-50ml-essential-oil\/"},"modified":"2025-12-30T20:40:19","modified_gmt":"2025-12-30T20:40:19","slug":"aetherisches-lorbeerblattoel-50ml","status":"publish","type":"product","link":"https:\/\/aromasentia.com\/de\/aetherisches-lorbeerblattoel-50ml\/","title":{"rendered":"\u00c4therisches Lorbeerblatt\u00f6l 50ml"},"content":{"rendered":"<p><strong>Lateinischer Name: Pimenta Racemosa<br \/>Verwendeter Pflanzenteil: Bl\u00e4tter<br \/>Herkunft: Karibik<br \/>Extraktionsmethode: Wasserdampfdestillation<\/strong><\/p>\n<p>Der Westindische Lorbeer ist eine weitere Pflanze, die f\u00fcr ihre Verwendung in der Medizin und K\u00fcche gesch\u00e4tzt wird. Lorbeerbl\u00e4tter werden in verschiedenen Gerichten und Gew\u00fcrzen verwendet, und die Frucht ist eine der Zutaten von All Spice.<\/p>\n<p>Lorbeer wird seit langem in Haarwassern verwendet, da er sowohl f\u00fcr die Kopfhaut als auch f\u00fcr die Haare selbst gut ist und das Wachstum f\u00f6rdert. Es wird auch gesagt, dass <strong>\u00e4therisches Lorbeer\u00f6l<\/strong> gut gegen Schmerzen, Durchblutung und Rheuma ist und das Immunsystem bei der Bek\u00e4mpfung von Krankheiten unterst\u00fctzt.<\/p>\n","protected":false},"excerpt":{"rendered":"<p>Lateinischer Name: Pimenta RacemosaVerwendeter Pflanzenteil: Bl\u00e4tterHerkunft: KaribikExtraktionsmethode: Wasserdampfdestillation Der Westindische Lorbeer ist eine weitere Pflanze, die f\u00fcr ihre Verwendung in der Medizin und K\u00fcche gesch\u00e4tzt wird. Lorbeerbl\u00e4tter werden in verschiedenen Gerichten und Gew\u00fcrzen verwendet, und die Frucht ist eine der Zutaten von All Spice. Lorbeer wird seit langem in Haarwassern verwendet, da er sowohl f\u00fcr [&hellip;]<\/p>\n","protected":false},"featured_media":268594,"comment_status":"closed","ping_status":"open","template":"","meta":{"_angie_page":false},"product_brand":[27090],"product_cat":[16455,23649,25841,26861,26095],"product_tag":[],"class_list":{"0":"post-242333","1":"product","2":"type-product","3":"status-publish","4":"has-post-thumbnail","6":"product_brand-ancient-wisdom","7":"product_cat-aromatherapie-und-raumdufte","8":"product_cat-atherische-ole","9":"product_cat-dufte-aromen","10":"product_cat-krauter-aromatisch","11":"product_cat-lorbeerblatt","12":"pa_collection-50ml-essential-oil-de","13":"pa_made-in-karibische-niederlande","14":"pa_size-50ml","16":"first","17":"instock","18":"purchasable","19":"product-type-simple"},"supplier_id":null,"supplier_sku":"PrEO-73","barcode":null,"atum_controlled":true,"out_stock_date":null,"out_stock_threshold":null,"inheritable":false,"inbound_stock":null,"stock_on_hold":0,"sold_today":0,"sales_last_days":0,"reserved_stock":null,"customer_returns":null,"warehouse_damage":null,"lost_in_post":null,"other_logs":null,"out_stock_days":0,"lost_sales":0,"has_location":null,"update_date":"2026-04-27T07:18:30","atum_locations":[],"atum_stock_status":"instock","restock_status":false,"low_stock_amount":"","sales_update_date":"2026-01-30T01:25:48","calc_backorders":null,"_links":{"self":[{"href":"https:\/\/aromasentia.com\/de\/wp-json\/wp\/v2\/product\/242333","targetHints":{"allow":["GET"]}}],"collection":[{"href":"https:\/\/aromasentia.com\/de\/wp-json\/wp\/v2\/product"}],"about":[{"href":"https:\/\/aromasentia.com\/de\/wp-json\/wp\/v2\/types\/product"}],"replies":[{"embeddable":true,"href":"https:\/\/aromasentia.com\/de\/wp-json\/wp\/v2\/comments?post=242333"}],"version-history":[{"count":0,"href":"https:\/\/aromasentia.com\/de\/wp-json\/wp\/v2\/product\/242333\/revisions"}],"wp:featuredmedia":[{"embeddable":true,"href":"https:\/\/aromasentia.com\/de\/wp-json\/wp\/v2\/media\/268594"}],"wp:attachment":[{"href":"https:\/\/aromasentia.com\/de\/wp-json\/wp\/v2\/media?parent=242333"}],"wp:term":[{"taxonomy":"product_brand","embeddable":true,"href":"https:\/\/aromasentia.com\/de\/wp-json\/wp\/v2\/product_brand?post=242333"},{"taxonomy":"product_cat","embeddable":true,"href":"https:\/\/aromasentia.com\/de\/wp-json\/wp\/v2\/product_cat?post=242333"},{"taxonomy":"product_tag","embeddable":true,"href":"https:\/\/aromasentia.com\/de\/wp-json\/wp\/v2\/product_tag?post=242333"}],"curies":[{"name":"wp","href":"https:\/\/api.w.org\/{rel}","templated":true}]}}