{"id":242325,"date":"2025-03-20T15:15:45","date_gmt":"2025-03-20T15:15:45","guid":{"rendered":"https:\/\/aromasentia.com\/product\/ho-wood-50ml-essential-oil\/"},"modified":"2025-12-30T20:40:19","modified_gmt":"2025-12-30T20:40:19","slug":"aetherisches-ho-wood-oel-50ml","status":"publish","type":"product","link":"https:\/\/aromasentia.com\/de\/aetherisches-ho-wood-oel-50ml\/","title":{"rendered":"\u00c4therisches Ho-Wood-\u00d6l 50ml"},"content":{"rendered":"<p><strong>Lateinischer Name: Cinnamomum Camphora Var. Glavescens<br \/>Verwendeter Pflanzenteil: Holz<br \/>Herkunft: China<br \/>Extraktionsmethode: Wasserdampfdestillation<\/strong><\/p>\n<p>Ho-Holz ist eine der wirksamsten Quellen f\u00fcr nat\u00fcrlich vorkommendes Linalool, das in dampfdestillierten \u00e4therischen \u00d6len enthalten ist. Aromatisch ist das \u00e4therische Ho-Holz\u00f6l ein wunderbar duftendes Holz\u00f6l.<\/p>\n<p>Emotional ist <strong>Ho-Holz\u00f6l<\/strong> aufgrund seines Linaloolgehalts ein \u201efriedvolles\u201c \u00d6l. Es wirkt beruhigend und ist eine gute Wahl zum Entspannen oder Abschalten.<\/p>\n<p>Der hohe Anteil an nat\u00fcrlichem Linalool im Ho-Holz\u00f6l hat vielf\u00e4ltige Vorteile in der Aromatherapie. Es hilft beispielsweise bei Schlaflosigkeit, ist antidepressiv, stimuliert das Immunsystem und f\u00f6rdert das Zellwachstum. Dies macht Ho-Holz besonders interessant f\u00fcr Anti-Aging- und Pflegemischungen f\u00fcr reife Haut. Sein Aroma ist besonders angenehm und beruhigend, wenn es bei Schlaflosigkeit zerst\u00e4ubt wird.<\/p>\n","protected":false},"excerpt":{"rendered":"<p>Lateinischer Name: Cinnamomum Camphora Var. GlavescensVerwendeter Pflanzenteil: HolzHerkunft: ChinaExtraktionsmethode: Wasserdampfdestillation Ho-Holz ist eine der wirksamsten Quellen f\u00fcr nat\u00fcrlich vorkommendes Linalool, das in dampfdestillierten \u00e4therischen \u00d6len enthalten ist. Aromatisch ist das \u00e4therische Ho-Holz\u00f6l ein wunderbar duftendes Holz\u00f6l. Emotional ist Ho-Holz\u00f6l aufgrund seines Linaloolgehalts ein \u201efriedvolles\u201c \u00d6l. Es wirkt beruhigend und ist eine gute Wahl zum Entspannen [&hellip;]<\/p>\n","protected":false},"featured_media":268576,"comment_status":"closed","ping_status":"open","template":"","meta":{"_angie_page":false},"product_brand":[27090],"product_cat":[16455,23649,25841,26213,26896],"product_tag":[],"class_list":{"0":"post-242325","1":"product","2":"type-product","3":"status-publish","4":"has-post-thumbnail","6":"product_brand-ancient-wisdom","7":"product_cat-aromatherapie-und-raumdufte","8":"product_cat-atherische-ole","9":"product_cat-dufte-aromen","10":"product_cat-ho-holz","11":"product_cat-holzig","12":"pa_collection-50ml-essential-oil-de","13":"pa_made-in-china","14":"pa_size-50ml","16":"first","17":"instock","18":"purchasable","19":"product-type-simple"},"supplier_id":null,"supplier_sku":"PrEO-71","barcode":null,"atum_controlled":true,"out_stock_date":null,"out_stock_threshold":null,"inheritable":false,"inbound_stock":null,"stock_on_hold":0,"sold_today":0,"sales_last_days":0,"reserved_stock":null,"customer_returns":null,"warehouse_damage":null,"lost_in_post":null,"other_logs":null,"out_stock_days":0,"lost_sales":0,"has_location":null,"update_date":"2026-05-04T00:04:57","atum_locations":[],"atum_stock_status":"instock","restock_status":false,"low_stock_amount":"","sales_update_date":"2025-09-05T00:18:15","calc_backorders":null,"_links":{"self":[{"href":"https:\/\/aromasentia.com\/de\/wp-json\/wp\/v2\/product\/242325","targetHints":{"allow":["GET"]}}],"collection":[{"href":"https:\/\/aromasentia.com\/de\/wp-json\/wp\/v2\/product"}],"about":[{"href":"https:\/\/aromasentia.com\/de\/wp-json\/wp\/v2\/types\/product"}],"replies":[{"embeddable":true,"href":"https:\/\/aromasentia.com\/de\/wp-json\/wp\/v2\/comments?post=242325"}],"version-history":[{"count":0,"href":"https:\/\/aromasentia.com\/de\/wp-json\/wp\/v2\/product\/242325\/revisions"}],"wp:featuredmedia":[{"embeddable":true,"href":"https:\/\/aromasentia.com\/de\/wp-json\/wp\/v2\/media\/268576"}],"wp:attachment":[{"href":"https:\/\/aromasentia.com\/de\/wp-json\/wp\/v2\/media?parent=242325"}],"wp:term":[{"taxonomy":"product_brand","embeddable":true,"href":"https:\/\/aromasentia.com\/de\/wp-json\/wp\/v2\/product_brand?post=242325"},{"taxonomy":"product_cat","embeddable":true,"href":"https:\/\/aromasentia.com\/de\/wp-json\/wp\/v2\/product_cat?post=242325"},{"taxonomy":"product_tag","embeddable":true,"href":"https:\/\/aromasentia.com\/de\/wp-json\/wp\/v2\/product_tag?post=242325"}],"curies":[{"name":"wp","href":"https:\/\/api.w.org\/{rel}","templated":true}]}}