{"id":242317,"date":"2025-03-20T15:15:45","date_gmt":"2025-03-20T15:15:45","guid":{"rendered":"https:\/\/aromasentia.com\/product\/cumin-seed-50ml-essential-oil\/"},"modified":"2025-12-30T20:40:19","modified_gmt":"2025-12-30T20:40:19","slug":"aetherisches-kreuzkuemmelsamenoel-50ml","status":"publish","type":"product","link":"https:\/\/aromasentia.com\/de\/aetherisches-kreuzkuemmelsamenoel-50ml\/","title":{"rendered":"\u00c4therisches Kreuzk\u00fcmmelsamen\u00f6l 50ml"},"content":{"rendered":"<p><strong>Lateinischer Name: Cuminum Cyminum<br \/>Verwendeter Pflanzenteil: Samen<br \/>Herkunft: \u00c4gypten<br \/>Extraktionsmethode: Wasserdampfdestillation<\/strong><\/p>\n<p>Das \u00e4therische Kreuzk\u00fcmmel\u00f6l wird durch Wasserdampfdestillation aus den getrockneten und zerkleinerten Samen gewonnen. Kreuzk\u00fcmmel ist als Gew\u00fcrz auf der ganzen Welt sehr beliebt und bedarf kaum einer Einf\u00fchrung.&nbsp;<\/p>\n<p><strong>\u00c4therisches Kreuzk\u00fcmmel\u00f6l<\/strong> hat starke antimikrobielle und antibakterielle Eigenschaften. Es hat sich als sehr wirksam gegen Bakterien wie Mikroorganismen wie E. coli, S. aureus und S. faecalis erwiesen.&nbsp;<\/p>\n<p>Es kann innere bakterielle Infektionen wie solche des Dickdarms, Magens, Darms und der Harnwege sowie \u00e4u\u00dfere Infektionen der Haut behandeln.<\/p>\n","protected":false},"excerpt":{"rendered":"<p>Lateinischer Name: Cuminum CyminumVerwendeter Pflanzenteil: SamenHerkunft: \u00c4gyptenExtraktionsmethode: Wasserdampfdestillation Das \u00e4therische Kreuzk\u00fcmmel\u00f6l wird durch Wasserdampfdestillation aus den getrockneten und zerkleinerten Samen gewonnen. Kreuzk\u00fcmmel ist als Gew\u00fcrz auf der ganzen Welt sehr beliebt und bedarf kaum einer Einf\u00fchrung.&nbsp; \u00c4therisches Kreuzk\u00fcmmel\u00f6l hat starke antimikrobielle und antibakterielle Eigenschaften. Es hat sich als sehr wirksam gegen Bakterien wie Mikroorganismen wie [&hellip;]<\/p>\n","protected":false},"featured_media":268558,"comment_status":"closed","ping_status":"open","template":"","meta":{"_angie_page":false},"product_brand":[27090],"product_cat":[16455,23649,25841,26162,26889],"product_tag":[],"class_list":{"0":"post-242317","1":"product","2":"type-product","3":"status-publish","4":"has-post-thumbnail","6":"product_brand-ancient-wisdom","7":"product_cat-aromatherapie-und-raumdufte","8":"product_cat-atherische-ole","9":"product_cat-dufte-aromen","10":"product_cat-kreuzkummelsamen","11":"product_cat-wurzig","12":"pa_collection-50ml-essential-oil-de","13":"pa_made-in-aegypten","14":"pa_size-50ml","16":"first","17":"instock","18":"purchasable","19":"product-type-simple"},"supplier_id":null,"supplier_sku":"PrEO-66","barcode":null,"atum_controlled":true,"out_stock_date":null,"out_stock_threshold":null,"inheritable":false,"inbound_stock":null,"stock_on_hold":0,"sold_today":0,"sales_last_days":0,"reserved_stock":null,"customer_returns":null,"warehouse_damage":null,"lost_in_post":null,"other_logs":null,"out_stock_days":0,"lost_sales":0,"has_location":null,"update_date":"2026-05-08T05:16:52","atum_locations":[],"atum_stock_status":"instock","restock_status":false,"low_stock_amount":"","sales_update_date":"2026-01-30T01:25:53","calc_backorders":null,"_links":{"self":[{"href":"https:\/\/aromasentia.com\/de\/wp-json\/wp\/v2\/product\/242317","targetHints":{"allow":["GET"]}}],"collection":[{"href":"https:\/\/aromasentia.com\/de\/wp-json\/wp\/v2\/product"}],"about":[{"href":"https:\/\/aromasentia.com\/de\/wp-json\/wp\/v2\/types\/product"}],"replies":[{"embeddable":true,"href":"https:\/\/aromasentia.com\/de\/wp-json\/wp\/v2\/comments?post=242317"}],"version-history":[{"count":0,"href":"https:\/\/aromasentia.com\/de\/wp-json\/wp\/v2\/product\/242317\/revisions"}],"wp:featuredmedia":[{"embeddable":true,"href":"https:\/\/aromasentia.com\/de\/wp-json\/wp\/v2\/media\/268558"}],"wp:attachment":[{"href":"https:\/\/aromasentia.com\/de\/wp-json\/wp\/v2\/media?parent=242317"}],"wp:term":[{"taxonomy":"product_brand","embeddable":true,"href":"https:\/\/aromasentia.com\/de\/wp-json\/wp\/v2\/product_brand?post=242317"},{"taxonomy":"product_cat","embeddable":true,"href":"https:\/\/aromasentia.com\/de\/wp-json\/wp\/v2\/product_cat?post=242317"},{"taxonomy":"product_tag","embeddable":true,"href":"https:\/\/aromasentia.com\/de\/wp-json\/wp\/v2\/product_tag?post=242317"}],"curies":[{"name":"wp","href":"https:\/\/api.w.org\/{rel}","templated":true}]}}