{"id":242301,"date":"2025-03-20T15:15:45","date_gmt":"2025-03-20T15:15:45","guid":{"rendered":"https:\/\/aromasentia.com\/product\/melissa-blend-50ml-essential-oil\/"},"modified":"2025-12-30T20:40:11","modified_gmt":"2025-12-30T20:40:11","slug":"aetherisches-melissenoel-mischung-50ml","status":"publish","type":"product","link":"https:\/\/aromasentia.com\/de\/aetherisches-melissenoel-mischung-50ml\/","title":{"rendered":"\u00c4therisches Melissen\u00f6l (Mischung) 50ml"},"content":{"rendered":"<p><strong>Lateinischer Name: Keine \u2013 Nat\u00fcrliche Mischung.<br \/>Herkunft: Gemischt.<br \/>Extraktionsmethode: N\/A.<\/strong><\/p>\n<p>Die Melissenmischung ist eine spezielle Mischung fraktionierter \u00e4therischer \u00d6le, die das gleiche Duftprofil und die gleichen Eigenschaften wie echte Melisse haben soll, da echte Melisse extrem teuer ist.<\/p>\n<p>Die genaue Rezeptur dieses \u00d6ls ist ein streng geh\u00fctetes Geheimnis, aber die Inhaltsstoffe des \u00d6ls sind wie folgt:<\/p>\n<p>Citral aus Zitronengras<br \/>Zitronen\u00f6l<br \/>D-Limonen aus Orange<br \/>Ho-\u00d6l<br \/>Beta-Caryophyllen aus Nelken\u00f6l.<\/p>\n<p><strong>\u00c4therisches Melissen\u00f6l<\/strong> ist erhebend, revitalisierend und harmonisierend. Es hat eine beruhigende Wirkung auf die Emotionen. Es ist auch erhebend f\u00fcr die Stimmung und ist daf\u00fcr bekannt, die gesunde Verdauung zu optimieren und den Kopf frei zu machen. Es hat ein frisches, s\u00fc\u00dfes, zitroniges Aroma.<\/p>\n","protected":false},"excerpt":{"rendered":"<p>Lateinischer Name: Keine \u2013 Nat\u00fcrliche Mischung.Herkunft: Gemischt.Extraktionsmethode: N\/A. Die Melissenmischung ist eine spezielle Mischung fraktionierter \u00e4therischer \u00d6le, die das gleiche Duftprofil und die gleichen Eigenschaften wie echte Melisse haben soll, da echte Melisse extrem teuer ist. Die genaue Rezeptur dieses \u00d6ls ist ein streng geh\u00fctetes Geheimnis, aber die Inhaltsstoffe des \u00d6ls sind wie folgt: Citral [&hellip;]<\/p>\n","protected":false},"featured_media":268522,"comment_status":"closed","ping_status":"open","template":"","meta":{"_angie_page":false},"product_brand":[27090],"product_cat":[16455,23649,26650,25841,26861,26280],"product_tag":[],"class_list":{"0":"post-242301","1":"product","2":"type-product","3":"status-publish","4":"has-post-thumbnail","6":"product_brand-ancient-wisdom","7":"product_cat-aromatherapie-und-raumdufte","8":"product_cat-atherische-ole","9":"product_cat-atherische-olmischungen","10":"product_cat-dufte-aromen","11":"product_cat-krauter-aromatisch","12":"product_cat-melisse-mischung","13":"pa_collection-50ml-essential-oil-de","14":"pa_made-in-vereinigtes-koenigreich","15":"pa_size-50ml","17":"first","18":"instock","19":"purchasable","20":"product-type-simple"},"supplier_id":null,"supplier_sku":"PrEO-61","barcode":null,"atum_controlled":true,"out_stock_date":null,"out_stock_threshold":null,"inheritable":false,"inbound_stock":null,"stock_on_hold":0,"sold_today":0,"sales_last_days":0,"reserved_stock":null,"customer_returns":null,"warehouse_damage":null,"lost_in_post":null,"other_logs":null,"out_stock_days":0,"lost_sales":0,"has_location":null,"update_date":"2026-04-27T07:18:30","atum_locations":[],"atum_stock_status":"instock","restock_status":false,"low_stock_amount":"","sales_update_date":"2026-01-30T01:24:52","calc_backorders":null,"_links":{"self":[{"href":"https:\/\/aromasentia.com\/de\/wp-json\/wp\/v2\/product\/242301","targetHints":{"allow":["GET"]}}],"collection":[{"href":"https:\/\/aromasentia.com\/de\/wp-json\/wp\/v2\/product"}],"about":[{"href":"https:\/\/aromasentia.com\/de\/wp-json\/wp\/v2\/types\/product"}],"replies":[{"embeddable":true,"href":"https:\/\/aromasentia.com\/de\/wp-json\/wp\/v2\/comments?post=242301"}],"version-history":[{"count":0,"href":"https:\/\/aromasentia.com\/de\/wp-json\/wp\/v2\/product\/242301\/revisions"}],"wp:featuredmedia":[{"embeddable":true,"href":"https:\/\/aromasentia.com\/de\/wp-json\/wp\/v2\/media\/268522"}],"wp:attachment":[{"href":"https:\/\/aromasentia.com\/de\/wp-json\/wp\/v2\/media?parent=242301"}],"wp:term":[{"taxonomy":"product_brand","embeddable":true,"href":"https:\/\/aromasentia.com\/de\/wp-json\/wp\/v2\/product_brand?post=242301"},{"taxonomy":"product_cat","embeddable":true,"href":"https:\/\/aromasentia.com\/de\/wp-json\/wp\/v2\/product_cat?post=242301"},{"taxonomy":"product_tag","embeddable":true,"href":"https:\/\/aromasentia.com\/de\/wp-json\/wp\/v2\/product_tag?post=242301"}],"curies":[{"name":"wp","href":"https:\/\/api.w.org\/{rel}","templated":true}]}}