{"id":242289,"date":"2025-03-20T15:16:05","date_gmt":"2025-03-20T15:16:05","guid":{"rendered":"https:\/\/aromasentia.com\/product\/wintergreen-essential-oil-50ml\/"},"modified":"2025-12-30T20:40:11","modified_gmt":"2025-12-30T20:40:11","slug":"aetherisches-wintergruenoel-50ml","status":"publish","type":"product","link":"https:\/\/aromasentia.com\/de\/aetherisches-wintergruenoel-50ml\/","title":{"rendered":"\u00c4therisches Wintergr\u00fcn\u00f6l 50ml"},"content":{"rendered":"<p><strong>Lateinischer Name: Gaultheria Fragrantissima<br \/>Verwendeter Pflanzenteil: Bl\u00e4tter<br \/>Herkunft: China<br \/>Extraktionsmethode: Wasserdampfdestillation<br \/>Aromatische Beschreibung: S\u00fc\u00df, minzig, erfrischend<\/strong><\/p>\n<p>Das \u00e4therische Wintergr\u00fcn\u00f6l wird aus den Bl\u00e4ttern eines kriechenden Strauchs gewonnen, der in Nadelwaldgebieten vorkommt. Der Hauptbestandteil von Wintergr\u00fcn, Methylsalicylat, wird aufgrund seiner beruhigenden Eigenschaften in Cremes und Massagemischungen verwendet.&nbsp;<\/p>\n<p>Wintergr\u00fcn und Birke sind tats\u00e4chlich die einzigen Pflanzen weltweit, die von Natur aus Methylsalicylat enthalten. Als Aromastoff wird Wintergr\u00fcn in geringen Mengen in Bonbons, Zahnpasta und Kaugummi verwendet. Zerst\u00e4ubt verstr\u00f6mt Wintergr\u00fcn ein erfrischendes, belebendes und anregendes Aroma.<\/p>\n","protected":false},"excerpt":{"rendered":"<p>Lateinischer Name: Gaultheria FragrantissimaVerwendeter Pflanzenteil: Bl\u00e4tterHerkunft: ChinaExtraktionsmethode: WasserdampfdestillationAromatische Beschreibung: S\u00fc\u00df, minzig, erfrischend Das \u00e4therische Wintergr\u00fcn\u00f6l wird aus den Bl\u00e4ttern eines kriechenden Strauchs gewonnen, der in Nadelwaldgebieten vorkommt. Der Hauptbestandteil von Wintergr\u00fcn, Methylsalicylat, wird aufgrund seiner beruhigenden Eigenschaften in Cremes und Massagemischungen verwendet.&nbsp; Wintergr\u00fcn und Birke sind tats\u00e4chlich die einzigen Pflanzen weltweit, die von Natur aus [&hellip;]<\/p>\n","protected":false},"featured_media":268683,"comment_status":"closed","ping_status":"open","template":"","meta":{"_angie_page":false},"product_brand":[27090],"product_cat":[16455,23649,25841,26875,26437],"product_tag":[],"class_list":{"0":"post-242289","1":"product","2":"type-product","3":"status-publish","4":"has-post-thumbnail","6":"product_brand-ancient-wisdom","7":"product_cat-aromatherapie-und-raumdufte","8":"product_cat-atherische-ole","9":"product_cat-dufte-aromen","10":"product_cat-minzig","11":"product_cat-wintergrun","12":"pa_collection-50ml-essential-oil-de","13":"pa_made-in-china","14":"pa_size-50ml","16":"first","17":"instock","18":"purchasable","19":"product-type-simple"},"supplier_id":null,"supplier_sku":"Preo-87","barcode":null,"atum_controlled":true,"out_stock_date":null,"out_stock_threshold":null,"inheritable":false,"inbound_stock":0,"stock_on_hold":0,"sold_today":0,"sales_last_days":0,"reserved_stock":0,"customer_returns":0,"warehouse_damage":0,"lost_in_post":0,"other_logs":0,"out_stock_days":0,"lost_sales":0,"has_location":false,"update_date":"2026-04-30T05:06:26","atum_locations":[],"atum_stock_status":"instock","restock_status":false,"low_stock_amount":"","sales_update_date":"2026-02-06T00:02:02","calc_backorders":null,"_links":{"self":[{"href":"https:\/\/aromasentia.com\/de\/wp-json\/wp\/v2\/product\/242289","targetHints":{"allow":["GET"]}}],"collection":[{"href":"https:\/\/aromasentia.com\/de\/wp-json\/wp\/v2\/product"}],"about":[{"href":"https:\/\/aromasentia.com\/de\/wp-json\/wp\/v2\/types\/product"}],"replies":[{"embeddable":true,"href":"https:\/\/aromasentia.com\/de\/wp-json\/wp\/v2\/comments?post=242289"}],"version-history":[{"count":0,"href":"https:\/\/aromasentia.com\/de\/wp-json\/wp\/v2\/product\/242289\/revisions"}],"wp:featuredmedia":[{"embeddable":true,"href":"https:\/\/aromasentia.com\/de\/wp-json\/wp\/v2\/media\/268683"}],"wp:attachment":[{"href":"https:\/\/aromasentia.com\/de\/wp-json\/wp\/v2\/media?parent=242289"}],"wp:term":[{"taxonomy":"product_brand","embeddable":true,"href":"https:\/\/aromasentia.com\/de\/wp-json\/wp\/v2\/product_brand?post=242289"},{"taxonomy":"product_cat","embeddable":true,"href":"https:\/\/aromasentia.com\/de\/wp-json\/wp\/v2\/product_cat?post=242289"},{"taxonomy":"product_tag","embeddable":true,"href":"https:\/\/aromasentia.com\/de\/wp-json\/wp\/v2\/product_tag?post=242289"}],"curies":[{"name":"wp","href":"https:\/\/api.w.org\/{rel}","templated":true}]}}