{"id":242277,"date":"2025-03-20T15:16:05","date_gmt":"2025-03-20T15:16:05","guid":{"rendered":"https:\/\/aromasentia.com\/product\/spearmint-50ml-essential-oil\/"},"modified":"2025-12-30T20:40:11","modified_gmt":"2025-12-30T20:40:11","slug":"aetherisches-oel-gruene-minze-50ml","status":"publish","type":"product","link":"https:\/\/aromasentia.com\/de\/aetherisches-oel-gruene-minze-50ml\/","title":{"rendered":"\u00e4therisches \u00d6l Gr\u00fcne Minze 50ml"},"content":{"rendered":"<p><strong>Lateinischer Name: Mentha Spicata<br \/>Verwendeter Pflanzenteil: Bl\u00fctenspitzen<br \/>Herkunft: China<br \/>Extraktionsmethode: Wasserdampfdestillation<\/strong><\/p>\n<p>Ancient Wisdom Spearmint-\u00d6l ist eine hochwertige Sorte mit 60 % Carvon<br \/>. Carvon ist die nat\u00fcrlich vorkommende Chemikalie, die der Spearmint ihren<br \/>charakteristischen Geruch verleiht. Die restlichen 40 % des \u00d6ls bestehen aus<br \/>anderen nat\u00fcrlich in der Spearmint-Pflanze vorkommenden Chemikalien.<\/p>\n<p>\u00c4therisches Spearmint-\u00d6l ist vielseitig einsetzbar und wird weiterhin zur Linderung von Beschwerden wie Hautproblemen, Kopfschmerzen, \u00dcbelkeit, Erbrechen, Atemwegsproblemen und Erk\u00e4ltungssymptomen verwendet.<\/p>\n<p>In der Aromatherapie soll <strong>\u00c4therisches Spearmint-\u00d6l<\/strong> eine verstopfte Nase lindern, die durch \u00fcberm\u00e4\u00dfige Ansammlung von Schleim in Nase und Rachen verursacht wird, und so das Atmen erleichtern. Es wirkt revitalisierend und energiespendend auf den K\u00f6rper, verbessert die Stimmung, steigert die Konzentration und belebt die Haut. Sein frischer, erholsamer Duft hebt die Stimmung und lindert emotionalen Stress.<\/p>\n","protected":false},"excerpt":{"rendered":"<p>Lateinischer Name: Mentha SpicataVerwendeter Pflanzenteil: Bl\u00fctenspitzenHerkunft: ChinaExtraktionsmethode: Wasserdampfdestillation Ancient Wisdom Spearmint-\u00d6l ist eine hochwertige Sorte mit 60 % Carvon. Carvon ist die nat\u00fcrlich vorkommende Chemikalie, die der Spearmint ihrencharakteristischen Geruch verleiht. Die restlichen 40 % des \u00d6ls bestehen ausanderen nat\u00fcrlich in der Spearmint-Pflanze vorkommenden Chemikalien. \u00c4therisches Spearmint-\u00d6l ist vielseitig einsetzbar und wird weiterhin zur Linderung [&hellip;]<\/p>\n","protected":false},"featured_media":268656,"comment_status":"closed","ping_status":"open","template":"","meta":{"_angie_page":false},"product_brand":[27090],"product_cat":[16455,23649,25841,26392,26875],"product_tag":[],"class_list":{"0":"post-242277","1":"product","2":"type-product","3":"status-publish","4":"has-post-thumbnail","6":"product_brand-ancient-wisdom","7":"product_cat-aromatherapie-und-raumdufte","8":"product_cat-atherische-ole","9":"product_cat-dufte-aromen","10":"product_cat-grune-minze-spearmint","11":"product_cat-minzig","12":"pa_collection-50ml-essential-oil-de","13":"pa_made-in-china","14":"pa_size-50ml","16":"first","17":"instock","18":"purchasable","19":"product-type-simple"},"supplier_id":null,"supplier_sku":"PrEO-84","barcode":null,"atum_controlled":true,"out_stock_date":null,"out_stock_threshold":null,"inheritable":false,"inbound_stock":null,"stock_on_hold":0,"sold_today":0,"sales_last_days":0,"reserved_stock":null,"customer_returns":null,"warehouse_damage":null,"lost_in_post":null,"other_logs":null,"out_stock_days":0,"lost_sales":0,"has_location":null,"update_date":"2026-04-27T07:18:30","atum_locations":[],"atum_stock_status":"instock","restock_status":false,"low_stock_amount":"","sales_update_date":"2026-01-30T01:24:42","calc_backorders":null,"_links":{"self":[{"href":"https:\/\/aromasentia.com\/de\/wp-json\/wp\/v2\/product\/242277","targetHints":{"allow":["GET"]}}],"collection":[{"href":"https:\/\/aromasentia.com\/de\/wp-json\/wp\/v2\/product"}],"about":[{"href":"https:\/\/aromasentia.com\/de\/wp-json\/wp\/v2\/types\/product"}],"replies":[{"embeddable":true,"href":"https:\/\/aromasentia.com\/de\/wp-json\/wp\/v2\/comments?post=242277"}],"version-history":[{"count":0,"href":"https:\/\/aromasentia.com\/de\/wp-json\/wp\/v2\/product\/242277\/revisions"}],"wp:featuredmedia":[{"embeddable":true,"href":"https:\/\/aromasentia.com\/de\/wp-json\/wp\/v2\/media\/268656"}],"wp:attachment":[{"href":"https:\/\/aromasentia.com\/de\/wp-json\/wp\/v2\/media?parent=242277"}],"wp:term":[{"taxonomy":"product_brand","embeddable":true,"href":"https:\/\/aromasentia.com\/de\/wp-json\/wp\/v2\/product_brand?post=242277"},{"taxonomy":"product_cat","embeddable":true,"href":"https:\/\/aromasentia.com\/de\/wp-json\/wp\/v2\/product_cat?post=242277"},{"taxonomy":"product_tag","embeddable":true,"href":"https:\/\/aromasentia.com\/de\/wp-json\/wp\/v2\/product_tag?post=242277"}],"curies":[{"name":"wp","href":"https:\/\/api.w.org\/{rel}","templated":true}]}}