{"id":242273,"date":"2025-03-20T15:16:05","date_gmt":"2025-03-20T15:16:05","guid":{"rendered":"https:\/\/aromasentia.com\/product\/cornmint-50ml-essential-oil\/"},"modified":"2025-12-30T20:40:11","modified_gmt":"2025-12-30T20:40:11","slug":"1x-cornmint-50ml","status":"publish","type":"product","link":"https:\/\/aromasentia.com\/de\/1x-cornmint-50ml\/","title":{"rendered":"1x Cornmint 50ml"},"content":{"rendered":"<p><strong>Lateinischer Name: Mentha Arvensis<br \/>Verwendeter Pflanzenteil: Bl\u00e4tter<br \/>Herkunft: China<br \/>Extraktionsmethode: Wasserdampfdestillation<\/strong><\/p>\n<p>Ackerminze hat ein breites Spektrum an therapeutischen Anwendungen und ist ein vielseitiges \u00e4therisches \u00d6l. Einige dieser Eigenschaften sind an\u00e4sthetisch, gegen Migr\u00e4ne, krampfl\u00f6send, karminativ, verdauungsf\u00f6rdernd, schleiml\u00f6send, mukolytisch, neurotonisch und stimulierend.<\/p>\n<p>Ackerminze hat vielf\u00e4ltige Verwendungsm\u00f6glichkeiten, darunter antimikrobiell und verdauungsf\u00f6rdernd, und wird auch verwendet, um Negativit\u00e4t in einem spirituellen Kontext zu beseitigen. Dokumentierte Verwendungen umfassen an\u00e4sthetisch, antiseptisch, krampfl\u00f6send, stimulierend und verdauungsf\u00f6rdernd.<\/p>\n<p><strong>\u00c4therisches Ackerminz\u00f6l<\/strong> ist ein hilfreiches Mittel bei Kopfschmerzen, Verdauungsproblemen, Durchblutungsst\u00f6rungen, Halsschmerzen, Erk\u00e4ltungen und \u00dcbelkeit. Das \u00e4therische Ackerminz\u00f6l wirkt anregend und erhebend.<\/p>\n","protected":false},"excerpt":{"rendered":"<p>Lateinischer Name: Mentha ArvensisVerwendeter Pflanzenteil: Bl\u00e4tterHerkunft: ChinaExtraktionsmethode: Wasserdampfdestillation Ackerminze hat ein breites Spektrum an therapeutischen Anwendungen und ist ein vielseitiges \u00e4therisches \u00d6l. Einige dieser Eigenschaften sind an\u00e4sthetisch, gegen Migr\u00e4ne, krampfl\u00f6send, karminativ, verdauungsf\u00f6rdernd, schleiml\u00f6send, mukolytisch, neurotonisch und stimulierend. Ackerminze hat vielf\u00e4ltige Verwendungsm\u00f6glichkeiten, darunter antimikrobiell und verdauungsf\u00f6rdernd, und wird auch verwendet, um Negativit\u00e4t in einem spirituellen Kontext [&hellip;]<\/p>\n","protected":false},"featured_media":268647,"comment_status":"closed","ping_status":"open","template":"","meta":{"_angie_page":false},"product_brand":[27090],"product_cat":[26157,16455,23649,25841,26875],"product_tag":[],"class_list":{"0":"post-242273","1":"product","2":"type-product","3":"status-publish","4":"has-post-thumbnail","6":"product_brand-ancient-wisdom","7":"product_cat-ackerminze","8":"product_cat-aromatherapie-und-raumdufte","9":"product_cat-atherische-ole","10":"product_cat-dufte-aromen","11":"product_cat-minzig","12":"pa_collection-50ml-essential-oil-de","13":"pa_made-in-china","14":"pa_size-50ml","16":"first","17":"instock","18":"purchasable","19":"product-type-simple"},"supplier_id":null,"supplier_sku":"PrEO-83","barcode":null,"atum_controlled":true,"out_stock_date":null,"out_stock_threshold":null,"inheritable":false,"inbound_stock":null,"stock_on_hold":0,"sold_today":0,"sales_last_days":0,"reserved_stock":null,"customer_returns":null,"warehouse_damage":null,"lost_in_post":null,"other_logs":null,"out_stock_days":59,"lost_sales":0,"has_location":null,"update_date":"2026-04-29T13:03:07","atum_locations":[],"atum_stock_status":"instock","restock_status":false,"low_stock_amount":"","sales_update_date":"2026-01-30T01:24:20","calc_backorders":null,"_links":{"self":[{"href":"https:\/\/aromasentia.com\/de\/wp-json\/wp\/v2\/product\/242273","targetHints":{"allow":["GET"]}}],"collection":[{"href":"https:\/\/aromasentia.com\/de\/wp-json\/wp\/v2\/product"}],"about":[{"href":"https:\/\/aromasentia.com\/de\/wp-json\/wp\/v2\/types\/product"}],"replies":[{"embeddable":true,"href":"https:\/\/aromasentia.com\/de\/wp-json\/wp\/v2\/comments?post=242273"}],"version-history":[{"count":0,"href":"https:\/\/aromasentia.com\/de\/wp-json\/wp\/v2\/product\/242273\/revisions"}],"wp:featuredmedia":[{"embeddable":true,"href":"https:\/\/aromasentia.com\/de\/wp-json\/wp\/v2\/media\/268647"}],"wp:attachment":[{"href":"https:\/\/aromasentia.com\/de\/wp-json\/wp\/v2\/media?parent=242273"}],"wp:term":[{"taxonomy":"product_brand","embeddable":true,"href":"https:\/\/aromasentia.com\/de\/wp-json\/wp\/v2\/product_brand?post=242273"},{"taxonomy":"product_cat","embeddable":true,"href":"https:\/\/aromasentia.com\/de\/wp-json\/wp\/v2\/product_cat?post=242273"},{"taxonomy":"product_tag","embeddable":true,"href":"https:\/\/aromasentia.com\/de\/wp-json\/wp\/v2\/product_tag?post=242273"}],"curies":[{"name":"wp","href":"https:\/\/api.w.org\/{rel}","templated":true}]}}