{"id":242265,"date":"2025-03-20T15:16:05","date_gmt":"2025-03-20T15:16:05","guid":{"rendered":"https:\/\/aromasentia.com\/product\/white-birch-50ml-essential-oil\/"},"modified":"2025-12-30T20:40:03","modified_gmt":"2025-12-30T20:40:03","slug":"weisse-birke-aetherisches-oel-50ml","status":"publish","type":"product","link":"https:\/\/aromasentia.com\/de\/weisse-birke-aetherisches-oel-50ml\/","title":{"rendered":"Wei\u00dfe Birke &#8211; \u00e4therisches \u00d6l 50ml"},"content":{"rendered":"<p><strong>Lateinischer Name: Betula Pendula Roth<br \/>Verwendeter Pflanzenteil: Blattknospen<br \/>Herkunft: China<br \/>Extraktionsmethode: Wasserdampfdestillation<\/strong><\/p>\n<p><strong>\u00c4therisches Wei\u00dfbirken\u00f6l<\/strong> ist f\u00fcr seine nat\u00fcrlich adstringierenden Eigenschaften bekannt und kann daher gut verd\u00fcnnt in einem Tr\u00e4ger\u00f6l, einer Creme oder Lotion sehr n\u00fctzlich sein. Es kann bei Hauterkrankungen wie Akne und Ekzemen helfen. Es wird auch angenommen, dass es bei der Entfernung von Giftstoffen hilft und die Durchblutung f\u00f6rdert.<\/p>\n<p>Die gesundheitlichen Vorteile des \u00e4therischen Birken\u00f6ls k\u00f6nnen auf seine Eigenschaften als St\u00e4rkungsmittel, Desinfektionsmittel, Stimulans, Antidepressivum, Schmerzmittel, Entgiftungsmittel, Antirheumatikum, Antiarthritisch, Diuretikum, Antiseptikum, Adstringens, Fiebermittel, keimt\u00f6tendes Mittel, Insektizid und reinigende Substanz zur\u00fcckgef\u00fchrt werden.<\/p>\n<p>Birken\u00f6l hilft bei der Linderung von Schmerzen in Gelenken und Muskeln sowie bei Schmerzen in Verbindung mit Kopf- und Zahnschmerzen. Es wirkt au\u00dferdem krampfl\u00f6send und lindert Kr\u00e4mpfe im ganzen K\u00f6rper.<\/p>\n<p>Da es den Kreislauf anregt und die Durchblutung verbessert, ist \u00e4therisches Birken\u00f6l sehr hilfreich bei der Linderung von Krankheiten, die mit Durchblutungsst\u00f6rungen einhergehen, wie \u00d6demen (Schwellungen), Rheuma und Arthritis.<\/p>\n","protected":false},"excerpt":{"rendered":"<p>Lateinischer Name: Betula Pendula RothVerwendeter Pflanzenteil: BlattknospenHerkunft: ChinaExtraktionsmethode: Wasserdampfdestillation \u00c4therisches Wei\u00dfbirken\u00f6l ist f\u00fcr seine nat\u00fcrlich adstringierenden Eigenschaften bekannt und kann daher gut verd\u00fcnnt in einem Tr\u00e4ger\u00f6l, einer Creme oder Lotion sehr n\u00fctzlich sein. Es kann bei Hauterkrankungen wie Akne und Ekzemen helfen. Es wird auch angenommen, dass es bei der Entfernung von Giftstoffen hilft und [&hellip;]<\/p>\n","protected":false},"featured_media":268621,"comment_status":"closed","ping_status":"open","template":"","meta":{"_angie_page":false},"product_brand":[27090],"product_cat":[16455,23649,25841,26896,26428],"product_tag":[],"class_list":{"0":"post-242265","1":"product","2":"type-product","3":"status-publish","4":"has-post-thumbnail","6":"product_brand-ancient-wisdom","7":"product_cat-aromatherapie-und-raumdufte","8":"product_cat-atherische-ole","9":"product_cat-dufte-aromen","10":"product_cat-holzig","11":"product_cat-weibbirke","12":"pa_collection-50ml-essential-oil-de","13":"pa_made-in-ungarn","14":"pa_size-50ml","16":"first","17":"instock","18":"purchasable","19":"product-type-simple"},"supplier_id":null,"supplier_sku":"PrEO-76","barcode":null,"atum_controlled":true,"out_stock_date":null,"out_stock_threshold":null,"inheritable":false,"inbound_stock":null,"stock_on_hold":0,"sold_today":0,"sales_last_days":0,"reserved_stock":null,"customer_returns":null,"warehouse_damage":null,"lost_in_post":null,"other_logs":null,"out_stock_days":0,"lost_sales":0,"has_location":null,"update_date":"2026-05-04T00:04:57","atum_locations":[],"atum_stock_status":"instock","restock_status":false,"low_stock_amount":"","sales_update_date":"2026-01-30T01:24:28","calc_backorders":null,"_links":{"self":[{"href":"https:\/\/aromasentia.com\/de\/wp-json\/wp\/v2\/product\/242265","targetHints":{"allow":["GET"]}}],"collection":[{"href":"https:\/\/aromasentia.com\/de\/wp-json\/wp\/v2\/product"}],"about":[{"href":"https:\/\/aromasentia.com\/de\/wp-json\/wp\/v2\/types\/product"}],"replies":[{"embeddable":true,"href":"https:\/\/aromasentia.com\/de\/wp-json\/wp\/v2\/comments?post=242265"}],"version-history":[{"count":0,"href":"https:\/\/aromasentia.com\/de\/wp-json\/wp\/v2\/product\/242265\/revisions"}],"wp:featuredmedia":[{"embeddable":true,"href":"https:\/\/aromasentia.com\/de\/wp-json\/wp\/v2\/media\/268621"}],"wp:attachment":[{"href":"https:\/\/aromasentia.com\/de\/wp-json\/wp\/v2\/media?parent=242265"}],"wp:term":[{"taxonomy":"product_brand","embeddable":true,"href":"https:\/\/aromasentia.com\/de\/wp-json\/wp\/v2\/product_brand?post=242265"},{"taxonomy":"product_cat","embeddable":true,"href":"https:\/\/aromasentia.com\/de\/wp-json\/wp\/v2\/product_cat?post=242265"},{"taxonomy":"product_tag","embeddable":true,"href":"https:\/\/aromasentia.com\/de\/wp-json\/wp\/v2\/product_tag?post=242265"}],"curies":[{"name":"wp","href":"https:\/\/api.w.org\/{rel}","templated":true}]}}