{"id":242261,"date":"2025-03-20T15:16:05","date_gmt":"2025-03-20T15:16:05","guid":{"rendered":"https:\/\/aromasentia.com\/product\/red-thyme-essential-oil-50ml\/"},"modified":"2025-06-28T21:36:16","modified_gmt":"2025-06-28T21:36:16","slug":"roter-thymian-aetherisches-oel-50ml","status":"publish","type":"product","link":"https:\/\/aromasentia.com\/de\/roter-thymian-aetherisches-oel-50ml\/","title":{"rendered":"Roter Thymian \u00c4therisches \u00d6l 50ml"},"content":{"rendered":"<p><span style=\"color: rgb(75, 80, 88);\"><strong>Lateinischer Name:<\/strong> Thymus serpyllum<\/span><\/p>\n<p><span style=\"color: rgb(75, 80, 88);\"><strong>Verwendeter Pflanzenteil:<\/strong> Bl\u00e4tter<\/span><\/p>\n<p><span style=\"color: rgb(75, 80, 88);\"><strong>Herkunft:<\/strong>Spanien<\/span><\/p>\n<p><span style=\"color: rgb(75, 80, 88);\"><strong>Extraktionsmethode:<\/strong> Wasserdampfdestillation<\/span><\/p>\n<p><span style=\"color: rgb(75, 80, 88);\">Das \u00e4therische \u00d6l des roten Thymians wirkt anregend und hat starke antimikrobielle und antiseptische Eigenschaften. Es hat einen warmen, krautigen Duft.<\/span><\/p>\n<p><span style=\"color: rgb(75, 80, 88);\">In der Aromatherapie hat \u00e4therisches Roter Thymian\u00f6l ein breites Anwendungsspektrum.<\/span><\/p>\n<p><span style=\"color: rgb(75, 80, 88);\">Es wird haupts\u00e4chlich f\u00fcr Aromadiffusoren, Raumsprays und Nebel verwendet, insbesondere in der Grippe- und Erk\u00e4ltungssaison. Bei \u00e4u\u00dferlicher Anwendung kann es helfen, Insekten zu vertreiben.<\/span><\/p>\n<p><span style=\"color: rgb(75, 80, 88);\"><strong>Hinweis: Unsere \u00e4therischen \u00d6le sind nicht zur inneren Anwendung geeignet.<\/strong><\/span><\/p>\n","protected":false},"excerpt":{"rendered":"<p>Lateinischer Name: Thymus serpyllum Verwendeter Pflanzenteil: Bl\u00e4tter Herkunft:Spanien Extraktionsmethode: Wasserdampfdestillation Das \u00e4therische \u00d6l des roten Thymians wirkt anregend und hat starke antimikrobielle und antiseptische Eigenschaften. Es hat einen warmen, krautigen Duft. In der Aromatherapie hat \u00e4therisches Roter Thymian\u00f6l ein breites Anwendungsspektrum. Es wird haupts\u00e4chlich f\u00fcr Aromadiffusoren, Raumsprays und Nebel verwendet, insbesondere in der Grippe- und [&hellip;]<\/p>\n","protected":false},"featured_media":268737,"comment_status":"closed","ping_status":"open","template":"","meta":{"_angie_page":false},"product_brand":[27090],"product_cat":[16455,23649,25841,26861,26361],"product_tag":[],"class_list":{"0":"post-242261","1":"product","2":"type-product","3":"status-publish","4":"has-post-thumbnail","6":"product_brand-ancient-wisdom","7":"product_cat-aromatherapie-und-raumdufte","8":"product_cat-atherische-ole","9":"product_cat-dufte-aromen","10":"product_cat-krauter-aromatisch","11":"product_cat-roter-thymian","12":"pa_collection-50ml-essential-oil-de","13":"pa_made-in-spanien","14":"pa_size-50ml","16":"first","17":"instock","18":"purchasable","19":"product-type-simple"},"supplier_id":null,"supplier_sku":"PrEO-92","barcode":null,"atum_controlled":true,"out_stock_date":null,"out_stock_threshold":null,"inheritable":false,"inbound_stock":null,"stock_on_hold":0,"sold_today":0,"sales_last_days":0,"reserved_stock":null,"customer_returns":null,"warehouse_damage":null,"lost_in_post":null,"other_logs":null,"out_stock_days":0,"lost_sales":0,"has_location":null,"update_date":"2026-05-08T05:16:52","atum_locations":[],"atum_stock_status":"instock","restock_status":false,"low_stock_amount":"","sales_update_date":"2026-01-30T01:24:56","calc_backorders":null,"_links":{"self":[{"href":"https:\/\/aromasentia.com\/de\/wp-json\/wp\/v2\/product\/242261","targetHints":{"allow":["GET"]}}],"collection":[{"href":"https:\/\/aromasentia.com\/de\/wp-json\/wp\/v2\/product"}],"about":[{"href":"https:\/\/aromasentia.com\/de\/wp-json\/wp\/v2\/types\/product"}],"replies":[{"embeddable":true,"href":"https:\/\/aromasentia.com\/de\/wp-json\/wp\/v2\/comments?post=242261"}],"version-history":[{"count":0,"href":"https:\/\/aromasentia.com\/de\/wp-json\/wp\/v2\/product\/242261\/revisions"}],"wp:featuredmedia":[{"embeddable":true,"href":"https:\/\/aromasentia.com\/de\/wp-json\/wp\/v2\/media\/268737"}],"wp:attachment":[{"href":"https:\/\/aromasentia.com\/de\/wp-json\/wp\/v2\/media?parent=242261"}],"wp:term":[{"taxonomy":"product_brand","embeddable":true,"href":"https:\/\/aromasentia.com\/de\/wp-json\/wp\/v2\/product_brand?post=242261"},{"taxonomy":"product_cat","embeddable":true,"href":"https:\/\/aromasentia.com\/de\/wp-json\/wp\/v2\/product_cat?post=242261"},{"taxonomy":"product_tag","embeddable":true,"href":"https:\/\/aromasentia.com\/de\/wp-json\/wp\/v2\/product_tag?post=242261"}],"curies":[{"name":"wp","href":"https:\/\/api.w.org\/{rel}","templated":true}]}}