{"id":242253,"date":"2025-03-20T15:16:05","date_gmt":"2025-03-20T15:16:05","guid":{"rendered":"https:\/\/aromasentia.com\/product\/high-alpine-lavender-essential-oil-50ml\/"},"modified":"2025-12-30T20:40:03","modified_gmt":"2025-12-30T20:40:03","slug":"aetherisches-alpen-lavendeloel-50ml","status":"publish","type":"product","link":"https:\/\/aromasentia.com\/de\/aetherisches-alpen-lavendeloel-50ml\/","title":{"rendered":"\u00c4therisches Alpen Lavendel\u00f6l 50ml"},"content":{"rendered":"<p><strong>Lateinischer Name: Lavandula Angustifolia<br \/>Verwendeter Pflanzenteil: Bl\u00fctenspitzen<br \/>Herkunft: Frankreich<br \/>Extraktionsmethode: Wasserdampfdestillation<\/strong><\/p>\n<p><strong>Lavendel<\/strong> wird seit Jahrhunderten wegen seines unverwechselbaren Aromas und seiner unz\u00e4hligen Vorteile verwendet und gesch\u00e4tzt. In der Antike verwendeten die \u00c4gypter und R\u00f6mer Lavendel zum Baden, Entspannen, Kochen und als Parf\u00fcm. Seine beruhigenden und entspannenden Eigenschaften bei innerer Einnahme sind bis heute die bemerkenswertesten Eigenschaften von Lavendel.<\/p>\n<p>\u00c4u\u00dferlich angewendet wird Lavendel h\u00e4ufig verwendet, um das Erscheinungsbild von Hautunreinheiten zu reduzieren. Geben Sie es ins Badewasser, um Stress abzubauen, oder tragen Sie es auf die Schl\u00e4fen und den Nacken auf. Geben Sie ein paar Tropfen Lavendel auf Kissen, Bettw\u00e4sche oder Fu\u00dfsohlen, um sich zu entspannen und auf eine erholsame Nachtruhe vorzubereiten. Aufgrund seiner vielseitigen Eigenschaften gilt Lavendel als unverzichtbares \u00d6l, das man immer zur Hand haben sollte.<\/p>\n<p>Anwendung<br \/>Geben Sie vor dem Schlafengehen ein paar Tropfen Lavendel\u00f6l auf Kissen, Bettw\u00e4sche oder Fu\u00dfsohlen.<br \/>Halten Sie eine Flasche Lavendel bereit, um gelegentliche Hautirritationen zu lindern.<br \/>Erfrischen Sie Ihren W\u00e4scheschrank, Ihre Matratze, Ihr Auto oder die Luft, indem Sie Lavendel mit Wasser in einer Spr\u00fchflasche mischen.<\/p>\n<p>Anwendung<br \/>Diffusion: Verwenden Sie drei bis vier Tropfen in einem Diffusor Ihrer Wahl.<br \/>Topische Anwendung: Tragen Sie ein bis zwei Tropfen auf die gew\u00fcnschte Stelle auf. Verd\u00fcnnen Sie es mit unserem fraktionierten Kokos\u00f6l, um Hautreizungen zu minimieren.<\/p>\n<p>Vorsichtsma\u00dfnahmen<br \/>M\u00f6gliche Hautreizungen. Au\u00dferhalb der Reichweite von Kindern aufbewahren. Wenn Sie schwanger sind, stillen oder sich in \u00e4rztlicher Behandlung befinden, konsultieren Sie Ihren Arzt. Kontakt mit Augen, Innenohren und empfindlichen Stellen vermeiden.<\/p>\n","protected":false},"excerpt":{"rendered":"<p>Lateinischer Name: Lavandula AngustifoliaVerwendeter Pflanzenteil: Bl\u00fctenspitzenHerkunft: FrankreichExtraktionsmethode: Wasserdampfdestillation Lavendel wird seit Jahrhunderten wegen seines unverwechselbaren Aromas und seiner unz\u00e4hligen Vorteile verwendet und gesch\u00e4tzt. In der Antike verwendeten die \u00c4gypter und R\u00f6mer Lavendel zum Baden, Entspannen, Kochen und als Parf\u00fcm. Seine beruhigenden und entspannenden Eigenschaften bei innerer Einnahme sind bis heute die bemerkenswertesten Eigenschaften von Lavendel. [&hellip;]<\/p>\n","protected":false},"featured_media":268719,"comment_status":"closed","ping_status":"open","template":"","meta":{"_angie_page":false},"product_brand":[27090],"product_cat":[16455,23649,26833,25841,26234],"product_tag":[],"class_list":{"0":"post-242253","1":"product","2":"type-product","3":"status-publish","4":"has-post-thumbnail","6":"product_brand-ancient-wisdom","7":"product_cat-aromatherapie-und-raumdufte","8":"product_cat-atherische-ole","9":"product_cat-blumig","10":"product_cat-dufte-aromen","11":"product_cat-lavendel","12":"pa_collection-50ml-essential-oil-de","13":"pa_made-in-frankreich","14":"pa_size-50ml","16":"first","17":"instock","18":"purchasable","19":"product-type-simple"},"supplier_id":null,"supplier_sku":"Preo-91","barcode":null,"atum_controlled":true,"out_stock_date":null,"out_stock_threshold":null,"inheritable":false,"inbound_stock":null,"stock_on_hold":0,"sold_today":0,"sales_last_days":0,"reserved_stock":null,"customer_returns":null,"warehouse_damage":null,"lost_in_post":null,"other_logs":null,"out_stock_days":22,"lost_sales":0,"has_location":null,"update_date":"2026-04-27T07:18:37","atum_locations":[],"atum_stock_status":"instock","restock_status":false,"low_stock_amount":"","sales_update_date":"2026-01-30T01:24:25","calc_backorders":null,"_links":{"self":[{"href":"https:\/\/aromasentia.com\/de\/wp-json\/wp\/v2\/product\/242253","targetHints":{"allow":["GET"]}}],"collection":[{"href":"https:\/\/aromasentia.com\/de\/wp-json\/wp\/v2\/product"}],"about":[{"href":"https:\/\/aromasentia.com\/de\/wp-json\/wp\/v2\/types\/product"}],"replies":[{"embeddable":true,"href":"https:\/\/aromasentia.com\/de\/wp-json\/wp\/v2\/comments?post=242253"}],"version-history":[{"count":0,"href":"https:\/\/aromasentia.com\/de\/wp-json\/wp\/v2\/product\/242253\/revisions"}],"wp:featuredmedia":[{"embeddable":true,"href":"https:\/\/aromasentia.com\/de\/wp-json\/wp\/v2\/media\/268719"}],"wp:attachment":[{"href":"https:\/\/aromasentia.com\/de\/wp-json\/wp\/v2\/media?parent=242253"}],"wp:term":[{"taxonomy":"product_brand","embeddable":true,"href":"https:\/\/aromasentia.com\/de\/wp-json\/wp\/v2\/product_brand?post=242253"},{"taxonomy":"product_cat","embeddable":true,"href":"https:\/\/aromasentia.com\/de\/wp-json\/wp\/v2\/product_cat?post=242253"},{"taxonomy":"product_tag","embeddable":true,"href":"https:\/\/aromasentia.com\/de\/wp-json\/wp\/v2\/product_tag?post=242253"}],"curies":[{"name":"wp","href":"https:\/\/api.w.org\/{rel}","templated":true}]}}