{"id":242241,"date":"2025-03-20T15:16:05","date_gmt":"2025-03-20T15:16:05","guid":{"rendered":"https:\/\/aromasentia.com\/product\/turmeric-essential-oil-50ml\/"},"modified":"2025-12-30T20:40:03","modified_gmt":"2025-12-30T20:40:03","slug":"aetherisches-kurkumaoel-50ml","status":"publish","type":"product","link":"https:\/\/aromasentia.com\/de\/aetherisches-kurkumaoel-50ml\/","title":{"rendered":"\u00c4therisches Kurkuma\u00f6l 50ml"},"content":{"rendered":"<p><span style=\"color: rgb(75, 80, 88);\"><strong>Lateinischer Name:<\/strong> Curcuma Longa<\/span><\/p>\n<p><span style=\"color: rgb(75, 80, 88);\"><strong>Verwendeter Pflanzenteil:<\/strong> Rhizom<\/span><\/p>\n<p><span style=\"color: rgb(75, 80, 88);\"><strong>Herkunft:<\/strong> Indien<\/span><\/p>\n<p><span style=\"color: rgb(75, 80, 88);\"><strong>Extraktionsmethode:<\/strong> Wasserdampfdestillation<\/span><\/p>\n<p><span style=\"color: rgb(75, 80, 88);\"><strong>Aromatische Beschreibung:<\/strong>Warm, w\u00fcrzig, erdig, holzig<\/span><\/p>\n<p><span style=\"color: rgb(75, 80, 88);\">Als Kurkumawurzel und \u00e4therisches Kurkuma\u00f6l, ein wichtiger Bestandteil der traditionellen ayurvedischen Gesundheitspraktiken Indiens, haben eine lange Geschichte, die die moderne Anwendung von Kurkuma inspiriert hat. Das aus der Kurkumawurzel dampfdestillierte \u00e4therische Kurkuma\u00f6l enth\u00e4lt zwei einzigartige chemische Bestandteile: Turmeron und Ar-Turmeron.<\/span><\/p>\n<p><span style=\"color: rgb(75, 80, 88);\">Am bekanntesten f\u00fcr seine wohltuende Wirkung auf das Nervensystem und die Emotionen, machen diese Bestandteile \u00e4therisches Kurkuma\u00f6l zu einem unverzichtbaren Bestandteil Ihrer t\u00e4glichen Gesundheitsroutine. Kurkuma wirkt sich positiv auf das Immunsystem aus und kann beruhigende Eigenschaften haben, die eine positive Immunreaktion f\u00f6rdern.<\/span><\/p>\n<p><span style=\"color: rgb(75, 80, 88);\">Au\u00dferdem kann Kurkuma zu einer klaren, glatten und strahlenden Haut beitragen.<\/span><\/p>\n","protected":false},"excerpt":{"rendered":"<p>Lateinischer Name: Curcuma Longa Verwendeter Pflanzenteil: Rhizom Herkunft: Indien Extraktionsmethode: Wasserdampfdestillation Aromatische Beschreibung:Warm, w\u00fcrzig, erdig, holzig Als Kurkumawurzel und \u00e4therisches Kurkuma\u00f6l, ein wichtiger Bestandteil der traditionellen ayurvedischen Gesundheitspraktiken Indiens, haben eine lange Geschichte, die die moderne Anwendung von Kurkuma inspiriert hat. Das aus der Kurkumawurzel dampfdestillierte \u00e4therische Kurkuma\u00f6l enth\u00e4lt zwei einzigartige chemische Bestandteile: Turmeron und [&hellip;]<\/p>\n","protected":false},"featured_media":268692,"comment_status":"closed","ping_status":"open","template":"","meta":{"_angie_page":false},"product_brand":[27090],"product_cat":[16455,23649,25841,26414,26889],"product_tag":[],"class_list":{"0":"post-242241","1":"product","2":"type-product","3":"status-publish","4":"has-post-thumbnail","6":"product_brand-ancient-wisdom","7":"product_cat-aromatherapie-und-raumdufte","8":"product_cat-atherische-ole","9":"product_cat-dufte-aromen","10":"product_cat-kurkuma","11":"product_cat-wurzig","12":"pa_collection-50ml-essential-oil-de","13":"pa_made-in-indien","14":"pa_size-50ml","16":"first","17":"instock","18":"purchasable","19":"product-type-simple"},"supplier_id":null,"supplier_sku":"Preo-85","barcode":null,"atum_controlled":true,"out_stock_date":null,"out_stock_threshold":null,"inheritable":false,"inbound_stock":null,"stock_on_hold":0,"sold_today":0,"sales_last_days":0,"reserved_stock":null,"customer_returns":null,"warehouse_damage":null,"lost_in_post":null,"other_logs":null,"out_stock_days":0,"lost_sales":0,"has_location":null,"update_date":"2026-05-08T05:16:52","atum_locations":[],"atum_stock_status":"instock","restock_status":false,"low_stock_amount":"","sales_update_date":"2026-01-30T01:24:22","calc_backorders":null,"_links":{"self":[{"href":"https:\/\/aromasentia.com\/de\/wp-json\/wp\/v2\/product\/242241","targetHints":{"allow":["GET"]}}],"collection":[{"href":"https:\/\/aromasentia.com\/de\/wp-json\/wp\/v2\/product"}],"about":[{"href":"https:\/\/aromasentia.com\/de\/wp-json\/wp\/v2\/types\/product"}],"replies":[{"embeddable":true,"href":"https:\/\/aromasentia.com\/de\/wp-json\/wp\/v2\/comments?post=242241"}],"version-history":[{"count":0,"href":"https:\/\/aromasentia.com\/de\/wp-json\/wp\/v2\/product\/242241\/revisions"}],"wp:featuredmedia":[{"embeddable":true,"href":"https:\/\/aromasentia.com\/de\/wp-json\/wp\/v2\/media\/268692"}],"wp:attachment":[{"href":"https:\/\/aromasentia.com\/de\/wp-json\/wp\/v2\/media?parent=242241"}],"wp:term":[{"taxonomy":"product_brand","embeddable":true,"href":"https:\/\/aromasentia.com\/de\/wp-json\/wp\/v2\/product_brand?post=242241"},{"taxonomy":"product_cat","embeddable":true,"href":"https:\/\/aromasentia.com\/de\/wp-json\/wp\/v2\/product_cat?post=242241"},{"taxonomy":"product_tag","embeddable":true,"href":"https:\/\/aromasentia.com\/de\/wp-json\/wp\/v2\/product_tag?post=242241"}],"curies":[{"name":"wp","href":"https:\/\/api.w.org\/{rel}","templated":true}]}}