{"id":242177,"date":"2025-03-20T15:16:36","date_gmt":"2025-03-20T15:16:36","guid":{"rendered":"https:\/\/aromasentia.com\/product\/square-bottle-diffuser-lid-200ml\/"},"modified":"2025-12-30T20:39:56","modified_gmt":"2025-12-30T20:39:56","slug":"quadratische-flasche-diffusordeckel-200ml","status":"publish","type":"product","link":"https:\/\/aromasentia.com\/de\/quadratische-flasche-diffusordeckel-200ml\/","title":{"rendered":"Quadratische Flasche &#038; Diffusordeckel &#8211; 200ml"},"content":{"rendered":"<p>200 ml schwere, hochwertige Duftst\u00e4bchen-Diffusorflaschen aus Glas mit Kunststoffstopfen f\u00fcr den Transport und schwarzen Diffusorkappen <em>(St\u00e4bchen NICHT im Lieferumfang enthalten)<\/em> von <strong>Aroma Sentia<\/strong>,<\/p>\n<p>Einfache, aber stilvolle Glasflasche, perfekt f\u00fcr Raumd\u00fcfte.<\/p>\n<p><strong>F\u00fcgen Sie Ihre eigenen Aromatherapie\u00f6le oder raumerfrischenden D\u00fcfte zusammen mit einigen St\u00e4bchen hinzu, um jedes Zuhause aufzuhellen.<\/strong><\/p>\n<p>Besuchen Sie unsere Abteilungen f\u00fcr Raumd\u00fcfte und Aromatherapie, um Ihre Lieblings\u00f6le auszuw\u00e4hlen.<\/p>\n<p><strong>Ist Ihr Zuhause ein wahres aromatisches Paradies?<\/strong><\/p>\n","protected":false},"excerpt":{"rendered":"<p>200 ml schwere, hochwertige Duftst\u00e4bchen-Diffusorflaschen aus Glas mit Kunststoffstopfen f\u00fcr den Transport und schwarzen Diffusorkappen (St\u00e4bchen NICHT im Lieferumfang enthalten) von Aroma Sentia, Einfache, aber stilvolle Glasflasche, perfekt f\u00fcr Raumd\u00fcfte. F\u00fcgen Sie Ihre eigenen Aromatherapie\u00f6le oder raumerfrischenden D\u00fcfte zusammen mit einigen St\u00e4bchen hinzu, um jedes Zuhause aufzuhellen. Besuchen Sie unsere Abteilungen f\u00fcr Raumd\u00fcfte und Aromatherapie, [&hellip;]<\/p>\n","protected":false},"featured_media":269025,"comment_status":"closed","ping_status":"open","template":"","meta":[],"product_brand":[],"product_cat":[16519,16520],"product_tag":[],"class_list":{"0":"post-242177","1":"product","2":"type-product","3":"status-publish","4":"has-post-thumbnail","6":"product_cat-aroma-diffuser-duftstabchen-und-olbrenner","7":"product_cat-duftstabchen-duftsticks","8":"pa_collection-diffuser-bottles-de","9":"pa_made-in-china","10":"pa_size-200ml","12":"first","13":"instock","14":"purchasable","15":"product-type-simple"},"supplier_id":null,"supplier_sku":"RDBot-02","barcode":null,"atum_controlled":true,"out_stock_date":null,"out_stock_threshold":null,"inheritable":false,"inbound_stock":null,"stock_on_hold":0,"sold_today":0,"sales_last_days":0,"reserved_stock":null,"customer_returns":null,"warehouse_damage":null,"lost_in_post":null,"other_logs":null,"out_stock_days":61,"lost_sales":0,"has_location":null,"update_date":"2026-02-10T10:25:12","atum_locations":[],"atum_stock_status":"instock","restock_status":false,"low_stock_amount":"","sales_update_date":"2026-01-20T05:14:40","calc_backorders":null,"_links":{"self":[{"href":"https:\/\/aromasentia.com\/de\/wp-json\/wp\/v2\/product\/242177","targetHints":{"allow":["GET"]}}],"collection":[{"href":"https:\/\/aromasentia.com\/de\/wp-json\/wp\/v2\/product"}],"about":[{"href":"https:\/\/aromasentia.com\/de\/wp-json\/wp\/v2\/types\/product"}],"replies":[{"embeddable":true,"href":"https:\/\/aromasentia.com\/de\/wp-json\/wp\/v2\/comments?post=242177"}],"version-history":[{"count":0,"href":"https:\/\/aromasentia.com\/de\/wp-json\/wp\/v2\/product\/242177\/revisions"}],"wp:featuredmedia":[{"embeddable":true,"href":"https:\/\/aromasentia.com\/de\/wp-json\/wp\/v2\/media\/269025"}],"wp:attachment":[{"href":"https:\/\/aromasentia.com\/de\/wp-json\/wp\/v2\/media?parent=242177"}],"wp:term":[{"taxonomy":"product_brand","embeddable":true,"href":"https:\/\/aromasentia.com\/de\/wp-json\/wp\/v2\/product_brand?post=242177"},{"taxonomy":"product_cat","embeddable":true,"href":"https:\/\/aromasentia.com\/de\/wp-json\/wp\/v2\/product_cat?post=242177"},{"taxonomy":"product_tag","embeddable":true,"href":"https:\/\/aromasentia.com\/de\/wp-json\/wp\/v2\/product_tag?post=242177"}],"curies":[{"name":"wp","href":"https:\/\/api.w.org\/{rel}","templated":true}]}}