{"id":242137,"date":"2025-03-20T15:16:36","date_gmt":"2025-03-20T15:16:36","guid":{"rendered":"https:\/\/aromasentia.com\/product\/bergamot-organic-essential-oil-50ml\/"},"modified":"2025-12-30T20:39:49","modified_gmt":"2025-12-30T20:39:49","slug":"bergamotte-bio-aetherisches-oel-50ml","status":"publish","type":"product","link":"https:\/\/aromasentia.com\/de\/bergamotte-bio-aetherisches-oel-50ml\/","title":{"rendered":"Bergamotte Bio \u00c4therisches \u00d6l 50ml"},"content":{"rendered":"<p>Organische \u00e4therische \u00d6le sind \u00d6le, die aus Pflanzen gewonnen werden, die nicht unter Verwendung von Pestiziden, D\u00fcngemitteln oder anderen Chemikalien angebaut werden.<br style=\"color: rgb(114, 114, 114); font-family: Ubuntu, sans-serif; font-size: 16px; font-style: normal; font-variant-ligatures: normal; font-variant-caps: normal; font-weight: 400; letter-spacing: normal; orphans: 2; text-align: start; text-indent: 0px; text-transform: none; white-space: normal; widows: 2; word-spacing: 0px; -webkit-text-stroke-width: 0px; text-decoration-style: initial; text-decoration-color: initial; background-color: rgb(255, 255, 255);\">Nicht-organische \u00e4therische \u00d6le kommen von Produkten, die solche Chemikalien enthalten k\u00f6nnen. Wenn Sie sich \u00fcber solche Chemikalien in Ihren \u00e4therischen \u00d6len Sorgen machen, sollten Sie sich unser neues Sortiment an \u00e4therischen Bio-\u00d6len im Gro\u00dfhandel ansehen.<\/p>\n<p>\u00c4therisches Bergamotte\u00f6l wird in der Aromatherapie zur Behandlung von Depressionen, Stress, Anspannung, mangelndem Selbstvertrauen, Angst und Hysterie eingesetzt. Es ist n\u00fctzlich bei der Heilung von Hautinfektionen wie allgemeinen Wunden, Schuppenflechte, Fieberbl\u00e4schen und Ekzemen.<\/p>\n","protected":false},"excerpt":{"rendered":"<p>Organische \u00e4therische \u00d6le sind \u00d6le, die aus Pflanzen gewonnen werden, die nicht unter Verwendung von Pestiziden, D\u00fcngemitteln oder anderen Chemikalien angebaut werden.Nicht-organische \u00e4therische \u00d6le kommen von Produkten, die solche Chemikalien enthalten k\u00f6nnen. Wenn Sie sich \u00fcber solche Chemikalien in Ihren \u00e4therischen \u00d6len Sorgen machen, sollten Sie sich unser neues Sortiment an \u00e4therischen Bio-\u00d6len im Gro\u00dfhandel [&hellip;]<\/p>\n","protected":false},"featured_media":268863,"comment_status":"closed","ping_status":"open","template":"","meta":{"_angie_page":false},"product_brand":[27090],"product_cat":[16455,23649,26105,25841,26658,26819],"product_tag":[],"class_list":{"0":"post-242137","1":"product","2":"type-product","3":"status-publish","4":"has-post-thumbnail","6":"product_brand-ancient-wisdom","7":"product_cat-aromatherapie-und-raumdufte","8":"product_cat-atherische-ole","9":"product_cat-bergamotte","10":"product_cat-dufte-aromen","11":"product_cat-oekologische-aetherische-oele","12":"product_cat-zitrus","13":"pa_collection-50ml-organic-essential-oils-for-professionals-de","14":"pa_made-in-italien","15":"pa_size-50ml","17":"first","18":"instock","19":"purchasable","20":"product-type-simple"},"supplier_id":null,"supplier_sku":"PreOrg-13","barcode":null,"atum_controlled":true,"out_stock_date":null,"out_stock_threshold":null,"inheritable":false,"inbound_stock":null,"stock_on_hold":0,"sold_today":0,"sales_last_days":0,"reserved_stock":null,"customer_returns":null,"warehouse_damage":null,"lost_in_post":null,"other_logs":null,"out_stock_days":0,"lost_sales":0,"has_location":null,"update_date":"2026-05-08T05:16:52","atum_locations":[],"atum_stock_status":"instock","restock_status":false,"low_stock_amount":"","sales_update_date":"2026-01-30T01:24:31","calc_backorders":null,"_links":{"self":[{"href":"https:\/\/aromasentia.com\/de\/wp-json\/wp\/v2\/product\/242137","targetHints":{"allow":["GET"]}}],"collection":[{"href":"https:\/\/aromasentia.com\/de\/wp-json\/wp\/v2\/product"}],"about":[{"href":"https:\/\/aromasentia.com\/de\/wp-json\/wp\/v2\/types\/product"}],"replies":[{"embeddable":true,"href":"https:\/\/aromasentia.com\/de\/wp-json\/wp\/v2\/comments?post=242137"}],"version-history":[{"count":0,"href":"https:\/\/aromasentia.com\/de\/wp-json\/wp\/v2\/product\/242137\/revisions"}],"wp:featuredmedia":[{"embeddable":true,"href":"https:\/\/aromasentia.com\/de\/wp-json\/wp\/v2\/media\/268863"}],"wp:attachment":[{"href":"https:\/\/aromasentia.com\/de\/wp-json\/wp\/v2\/media?parent=242137"}],"wp:term":[{"taxonomy":"product_brand","embeddable":true,"href":"https:\/\/aromasentia.com\/de\/wp-json\/wp\/v2\/product_brand?post=242137"},{"taxonomy":"product_cat","embeddable":true,"href":"https:\/\/aromasentia.com\/de\/wp-json\/wp\/v2\/product_cat?post=242137"},{"taxonomy":"product_tag","embeddable":true,"href":"https:\/\/aromasentia.com\/de\/wp-json\/wp\/v2\/product_tag?post=242137"}],"curies":[{"name":"wp","href":"https:\/\/api.w.org\/{rel}","templated":true}]}}