{"id":242097,"date":"2025-03-20T15:17:23","date_gmt":"2025-03-20T15:17:23","guid":{"rendered":"https:\/\/aromasentia.com\/product\/140-ml-round-alchemist-reed-diffuser-bottle-clear\/"},"modified":"2025-12-30T20:39:41","modified_gmt":"2025-12-30T20:39:41","slug":"140-ml-ovale-alchemistische-diffusionsflasche-transparent","status":"publish","type":"product","link":"https:\/\/aromasentia.com\/de\/140-ml-ovale-alchemistische-diffusionsflasche-transparent\/","title":{"rendered":"140 ml Ovale alchemistische Diffusionsflasche &#8211; transparent"},"content":{"rendered":"<p>Diffusorflasche von <strong>Aroma Sentia<\/strong><\/p>\n<p>Einfache, aber stilvolle Glasflasche, perfekt f\u00fcr Raumd\u00fcfte.<\/p>\n<p>F\u00fcgen Sie Ihre eigenen Aromatherapie\u00f6le oder raumerfrischenden D\u00fcfte zusammen mit einigen St\u00e4bchen hinzu, um jedes Zuhause aufzuhellen.<\/p>\n<p>Besuchen Sie unsere Abteilungen f\u00fcr Raumd\u00fcfte und Aromatherapie, um Ihre Lieblings\u00f6le auszuw\u00e4hlen.<\/p>\n<p><span style=\"color: rgb(243, 121, 52);\"><strong>Bitte beachten Sie: Deckel und Kappen sind separat erh\u00e4ltlich.<\/strong><\/span><\/p>\n<p>&nbsp;<strong>Ist Ihr Zuhause ein wahrhaft aromatisches Paradies?<\/strong><\/p>\n<p>Passende Kappen f\u00fcr dieses Produkt:<\/p>\n<p><a href=\"https:\/\/aromasentia.com\/rdbot-18g\">Goldkappe<\/a><\/p>\n<p><a href=\"https:\/\/aromasentia.com\/rdbot-18s\">Silber Kappe<\/a><\/p>\n<p><a href=\"https:\/\/aromasentia.com\/rdbot-18\">Holzimitat<\/a><\/p>\n","protected":false},"excerpt":{"rendered":"<p>Diffusorflasche von Aroma Sentia Einfache, aber stilvolle Glasflasche, perfekt f\u00fcr Raumd\u00fcfte. F\u00fcgen Sie Ihre eigenen Aromatherapie\u00f6le oder raumerfrischenden D\u00fcfte zusammen mit einigen St\u00e4bchen hinzu, um jedes Zuhause aufzuhellen. Besuchen Sie unsere Abteilungen f\u00fcr Raumd\u00fcfte und Aromatherapie, um Ihre Lieblings\u00f6le auszuw\u00e4hlen. Bitte beachten Sie: Deckel und Kappen sind separat erh\u00e4ltlich. &nbsp;Ist Ihr Zuhause ein wahrhaft aromatisches [&hellip;]<\/p>\n","protected":false},"featured_media":269343,"comment_status":"closed","ping_status":"open","template":"","meta":[],"product_brand":[],"product_cat":[16519,16520],"product_tag":[],"class_list":{"0":"post-242097","1":"product","2":"type-product","3":"status-publish","4":"has-post-thumbnail","6":"product_cat-aroma-diffuser-duftstabchen-und-olbrenner","7":"product_cat-duftstabchen-duftsticks","8":"pa_collection-diffuser-bottles-de","9":"pa_made-in-china","10":"pa_size-140ml","12":"first","13":"instock","14":"purchasable","15":"product-type-simple"},"supplier_id":null,"supplier_sku":"RDBot-10","barcode":null,"atum_controlled":true,"out_stock_date":null,"out_stock_threshold":null,"inheritable":false,"inbound_stock":null,"stock_on_hold":0,"sold_today":0,"sales_last_days":0,"reserved_stock":null,"customer_returns":null,"warehouse_damage":null,"lost_in_post":null,"other_logs":null,"out_stock_days":0,"lost_sales":0,"has_location":null,"update_date":"2026-02-10T10:28:08","atum_locations":[],"atum_stock_status":"instock","restock_status":false,"low_stock_amount":"","sales_update_date":"2026-01-20T05:13:31","calc_backorders":null,"_links":{"self":[{"href":"https:\/\/aromasentia.com\/de\/wp-json\/wp\/v2\/product\/242097","targetHints":{"allow":["GET"]}}],"collection":[{"href":"https:\/\/aromasentia.com\/de\/wp-json\/wp\/v2\/product"}],"about":[{"href":"https:\/\/aromasentia.com\/de\/wp-json\/wp\/v2\/types\/product"}],"replies":[{"embeddable":true,"href":"https:\/\/aromasentia.com\/de\/wp-json\/wp\/v2\/comments?post=242097"}],"version-history":[{"count":0,"href":"https:\/\/aromasentia.com\/de\/wp-json\/wp\/v2\/product\/242097\/revisions"}],"wp:featuredmedia":[{"embeddable":true,"href":"https:\/\/aromasentia.com\/de\/wp-json\/wp\/v2\/media\/269343"}],"wp:attachment":[{"href":"https:\/\/aromasentia.com\/de\/wp-json\/wp\/v2\/media?parent=242097"}],"wp:term":[{"taxonomy":"product_brand","embeddable":true,"href":"https:\/\/aromasentia.com\/de\/wp-json\/wp\/v2\/product_brand?post=242097"},{"taxonomy":"product_cat","embeddable":true,"href":"https:\/\/aromasentia.com\/de\/wp-json\/wp\/v2\/product_cat?post=242097"},{"taxonomy":"product_tag","embeddable":true,"href":"https:\/\/aromasentia.com\/de\/wp-json\/wp\/v2\/product_tag?post=242097"}],"curies":[{"name":"wp","href":"https:\/\/api.w.org\/{rel}","templated":true}]}}