{"id":242081,"date":"2025-03-20T15:18:52","date_gmt":"2025-03-20T15:18:52","guid":{"rendered":"https:\/\/aromasentia.com\/product\/30x-roll-on-essential-oil-blend-fall-asleep-unlabelled\/"},"modified":"2025-06-28T21:36:13","modified_gmt":"2025-06-28T21:36:13","slug":"30x-roll-on-aetherische-oel-mischung-fall-asleep-ohne-etikett","status":"publish","type":"product","link":"https:\/\/aromasentia.com\/de\/30x-roll-on-aetherische-oel-mischung-fall-asleep-ohne-etikett\/","title":{"rendered":"30x Roll On \u00c4therische \u00d6l-Mischung &#8211; Fall Asleep &#8211; Ohne Etikett"},"content":{"rendered":"<p>Schlummern Sie friedlich ein mit diesem 30er-Pack der Roll On Essential Oil Blend &#8211; Fall Asleep &#8211; UNLABELLED. Dieser Roll-on ist eine Mischung aus beruhigenden und entspannenden \u00e4therischen \u00d6len wie Lavendel und Kamille. Er hilft, den Geist zu beruhigen und den K\u00f6rper auf eine erholsame Nacht vorzubereiten. Tragen Sie ihn vor dem Schlafengehen auf Schl\u00e4fen, Handgelenke oder F\u00fc\u00dfe auf, um die Ruhe zu f\u00f6rdern und den \u00dcbergang in den Tiefschlaf zu erleichtern. Ein nat\u00fcrliches Schlafmittel f\u00fcr Ihr Branding, f\u00fcr alle, die eine ruhige Nachtruhe suchen.<\/p>\n","protected":false},"excerpt":{"rendered":"<p>Schlummern Sie friedlich ein mit diesem 30er-Pack der Roll On Essential Oil Blend &#8211; Fall Asleep &#8211; UNLABELLED. Dieser Roll-on ist eine Mischung aus beruhigenden und entspannenden \u00e4therischen \u00d6len wie Lavendel und Kamille. Er hilft, den Geist zu beruhigen und den K\u00f6rper auf eine erholsame Nacht vorzubereiten. Tragen Sie ihn vor dem Schlafengehen auf Schl\u00e4fen, [&hellip;]<\/p>\n","protected":false},"featured_media":270069,"comment_status":"closed","ping_status":"open","template":"","meta":[],"product_brand":[27090],"product_cat":[16455,23649,26650],"product_tag":[],"class_list":{"0":"post-242081","1":"product","2":"type-product","3":"status-publish","4":"has-post-thumbnail","6":"product_brand-ancient-wisdom","7":"product_cat-aromatherapie-und-raumdufte","8":"product_cat-atherische-ole","9":"product_cat-atherische-olmischungen","10":"pa_collection-unlabelled-roll-on-essential-oil-blends-de","11":"pa_made-in-vereinigtes-koenigreich","13":"first","14":"instock","15":"purchasable","16":"product-type-simple"},"supplier_id":null,"supplier_sku":"ReblUL-02","barcode":null,"atum_controlled":true,"out_stock_date":null,"out_stock_threshold":null,"inheritable":false,"inbound_stock":null,"stock_on_hold":0,"sold_today":0,"sales_last_days":0,"reserved_stock":null,"customer_returns":null,"warehouse_damage":null,"lost_in_post":null,"other_logs":null,"out_stock_days":0,"lost_sales":0,"has_location":null,"update_date":"2026-02-10T12:56:48","atum_locations":[],"atum_stock_status":"instock","restock_status":false,"low_stock_amount":"","sales_update_date":"2025-09-05T00:18:34","calc_backorders":null,"_links":{"self":[{"href":"https:\/\/aromasentia.com\/de\/wp-json\/wp\/v2\/product\/242081","targetHints":{"allow":["GET"]}}],"collection":[{"href":"https:\/\/aromasentia.com\/de\/wp-json\/wp\/v2\/product"}],"about":[{"href":"https:\/\/aromasentia.com\/de\/wp-json\/wp\/v2\/types\/product"}],"replies":[{"embeddable":true,"href":"https:\/\/aromasentia.com\/de\/wp-json\/wp\/v2\/comments?post=242081"}],"version-history":[{"count":0,"href":"https:\/\/aromasentia.com\/de\/wp-json\/wp\/v2\/product\/242081\/revisions"}],"wp:featuredmedia":[{"embeddable":true,"href":"https:\/\/aromasentia.com\/de\/wp-json\/wp\/v2\/media\/270069"}],"wp:attachment":[{"href":"https:\/\/aromasentia.com\/de\/wp-json\/wp\/v2\/media?parent=242081"}],"wp:term":[{"taxonomy":"product_brand","embeddable":true,"href":"https:\/\/aromasentia.com\/de\/wp-json\/wp\/v2\/product_brand?post=242081"},{"taxonomy":"product_cat","embeddable":true,"href":"https:\/\/aromasentia.com\/de\/wp-json\/wp\/v2\/product_cat?post=242081"},{"taxonomy":"product_tag","embeddable":true,"href":"https:\/\/aromasentia.com\/de\/wp-json\/wp\/v2\/product_tag?post=242081"}],"curies":[{"name":"wp","href":"https:\/\/api.w.org\/{rel}","templated":true}]}}