{"id":242077,"date":"2025-03-20T15:18:52","date_gmt":"2025-03-20T15:18:52","guid":{"rendered":"https:\/\/aromasentia.com\/product\/30x-roll-on-essential-oil-blend-dont-worry-unlabelled\/"},"modified":"2025-06-28T21:36:10","modified_gmt":"2025-06-28T21:36:10","slug":"30x-roll-on-aetherische-oel-mischung-dont-worry-ohne-etikett","status":"publish","type":"product","link":"https:\/\/aromasentia.com\/de\/30x-roll-on-aetherische-oel-mischung-dont-worry-ohne-etikett\/","title":{"rendered":"30x Roll On \u00c4therische \u00d6l-Mischung &#8211; Don&#8217;t Worry &#8211; Ohne Etikett"},"content":{"rendered":"<p>Finden Sie auch unterwegs Ihr emotionales Gleichgewicht mit diesem 30er-Pack der Roll On Essential Oil Blend &#8211; Don&#8217;t Worry &#8211; UNLABELLED. Dieser praktische Roll-on ist mit beruhigenden \u00e4therischen \u00d6len vorgemischt, die \u00c4ngste lindern, Stress abbauen und ein Gef\u00fchl von Frieden und Wohlbefinden f\u00f6rdern. Einfach auf die Pulspunkte auftragen, um sofortigen aromatischen Komfort zu erhalten. Perfekt f\u00fcr die Mitnahme in Ihrer Tasche, wenn Sie Ihre Mitte finden und Ihre Sorgen loslassen wollen. Jeder Roll-on ist bereit f\u00fcr Ihr eigenes Etikett.<\/p>\n","protected":false},"excerpt":{"rendered":"<p>Finden Sie auch unterwegs Ihr emotionales Gleichgewicht mit diesem 30er-Pack der Roll On Essential Oil Blend &#8211; Don&#8217;t Worry &#8211; UNLABELLED. Dieser praktische Roll-on ist mit beruhigenden \u00e4therischen \u00d6len vorgemischt, die \u00c4ngste lindern, Stress abbauen und ein Gef\u00fchl von Frieden und Wohlbefinden f\u00f6rdern. Einfach auf die Pulspunkte auftragen, um sofortigen aromatischen Komfort zu erhalten. Perfekt [&hellip;]<\/p>\n","protected":false},"featured_media":270044,"comment_status":"closed","ping_status":"open","template":"","meta":{"_angie_page":false},"product_brand":[27090],"product_cat":[16455,23649,26650],"product_tag":[],"class_list":{"0":"post-242077","1":"product","2":"type-product","3":"status-publish","4":"has-post-thumbnail","6":"product_brand-ancient-wisdom","7":"product_cat-aromatherapie-und-raumdufte","8":"product_cat-atherische-ole","9":"product_cat-atherische-olmischungen","10":"pa_collection-unlabelled-roll-on-essential-oil-blends-de","11":"pa_made-in-vereinigtes-koenigreich","13":"first","14":"instock","15":"purchasable","16":"product-type-simple"},"supplier_id":null,"supplier_sku":"ReblUL-01","barcode":null,"atum_controlled":true,"out_stock_date":null,"out_stock_threshold":null,"inheritable":false,"inbound_stock":null,"stock_on_hold":0,"sold_today":0,"sales_last_days":0,"reserved_stock":null,"customer_returns":null,"warehouse_damage":null,"lost_in_post":null,"other_logs":null,"out_stock_days":0,"lost_sales":0,"has_location":null,"update_date":"2026-04-27T07:19:36","atum_locations":[],"atum_stock_status":"instock","restock_status":false,"low_stock_amount":"","sales_update_date":"2025-09-05T00:18:34","calc_backorders":null,"_links":{"self":[{"href":"https:\/\/aromasentia.com\/de\/wp-json\/wp\/v2\/product\/242077","targetHints":{"allow":["GET"]}}],"collection":[{"href":"https:\/\/aromasentia.com\/de\/wp-json\/wp\/v2\/product"}],"about":[{"href":"https:\/\/aromasentia.com\/de\/wp-json\/wp\/v2\/types\/product"}],"replies":[{"embeddable":true,"href":"https:\/\/aromasentia.com\/de\/wp-json\/wp\/v2\/comments?post=242077"}],"version-history":[{"count":0,"href":"https:\/\/aromasentia.com\/de\/wp-json\/wp\/v2\/product\/242077\/revisions"}],"wp:featuredmedia":[{"embeddable":true,"href":"https:\/\/aromasentia.com\/de\/wp-json\/wp\/v2\/media\/270044"}],"wp:attachment":[{"href":"https:\/\/aromasentia.com\/de\/wp-json\/wp\/v2\/media?parent=242077"}],"wp:term":[{"taxonomy":"product_brand","embeddable":true,"href":"https:\/\/aromasentia.com\/de\/wp-json\/wp\/v2\/product_brand?post=242077"},{"taxonomy":"product_cat","embeddable":true,"href":"https:\/\/aromasentia.com\/de\/wp-json\/wp\/v2\/product_cat?post=242077"},{"taxonomy":"product_tag","embeddable":true,"href":"https:\/\/aromasentia.com\/de\/wp-json\/wp\/v2\/product_tag?post=242077"}],"curies":[{"name":"wp","href":"https:\/\/api.w.org\/{rel}","templated":true}]}}