{"id":242069,"date":"2025-03-20T15:18:52","date_gmt":"2025-03-20T15:18:52","guid":{"rendered":"https:\/\/aromasentia.com\/product\/10ml-roll-on-essential-oil-blend-wake-up\/"},"modified":"2025-12-30T20:39:34","modified_gmt":"2025-12-30T20:39:34","slug":"10ml-aroma-rollstifte-wach-auf","status":"publish","type":"product","link":"https:\/\/aromasentia.com\/de\/10ml-aroma-rollstifte-wach-auf\/","title":{"rendered":"10ml Aroma-Rollstifte &#8211; Wach auf!"},"content":{"rendered":"<p><strong>Roll-On-Mischung \u00e4therischer \u00d6le \u2013 Wach auf!<\/strong> ist eine Kombination reiner \u00d6le, die alle gut zusammenwirken, um bestimmte Dinge wie Entspannung, Schwung, Energie, Gl\u00fcck und vieles mehr zu f\u00f6rdern. Roll-Ons erfreuen sich bei Aromatherapie-Kunden immer gr\u00f6\u00dferer Beliebtheit. Enth\u00e4lt eine Mischung aus 100 % nat\u00fcrlichen und \u00e4therischen \u00d6len auf einer beruhigenden Vitamin-E-Tr\u00e4ger\u00f6lbasis.<\/p>\n<p>Mit diesen Roll-On-Mischungen \u00e4therischer \u00d6le im Taschenformat k\u00f6nnen Sie die Vorteile der Aromatherapie jederzeit genie\u00dfen. Der ideale Reisebegleiter, egal ob Sie t\u00e4glich zur Arbeit pendeln oder um die Welt reisen. Die Roll-On-Mischung \u00e4therischer \u00d6le kann in Stresssituationen und angespannten Zeiten problemlos den ganzen Tag \u00fcber aufgetragen werden. So k\u00f6nnen Sie Aromatherapie einfacher denn je erleben, wenn Ihre Kunden sie am meisten brauchen.<\/p>\n<p>Einfache Anwendung: Um die Aromatherapie freizusetzen, rollen Sie das Produkt auf Schl\u00e4fen, Handgelenke und Nacken. Nicht innerlich anwenden&nbsp;<\/p>\n<ul>\n<li>Taschenformat<\/li>\n<li>Aufheiternde D\u00fcfte<\/li>\n<li>Einfach anzuwenden&nbsp;<\/li>\n<\/ul>\n","protected":false},"excerpt":{"rendered":"<p>Roll-On-Mischung \u00e4therischer \u00d6le \u2013 Wach auf! ist eine Kombination reiner \u00d6le, die alle gut zusammenwirken, um bestimmte Dinge wie Entspannung, Schwung, Energie, Gl\u00fcck und vieles mehr zu f\u00f6rdern. Roll-Ons erfreuen sich bei Aromatherapie-Kunden immer gr\u00f6\u00dferer Beliebtheit. Enth\u00e4lt eine Mischung aus 100 % nat\u00fcrlichen und \u00e4therischen \u00d6len auf einer beruhigenden Vitamin-E-Tr\u00e4ger\u00f6lbasis. Mit diesen Roll-On-Mischungen \u00e4therischer \u00d6le [&hellip;]<\/p>\n","protected":false},"featured_media":269978,"comment_status":"closed","ping_status":"open","template":"","meta":[],"product_brand":[27090],"product_cat":[16455,23649,26650],"product_tag":[],"class_list":{"0":"post-242069","1":"product","2":"type-product","3":"status-publish","4":"has-post-thumbnail","6":"product_brand-ancient-wisdom","7":"product_cat-aromatherapie-und-raumdufte","8":"product_cat-atherische-ole","9":"product_cat-atherische-olmischungen","10":"pa_collection-roll-on-essential-oil-blends-de","11":"pa_made-in-vereinigtes-koenigreich","12":"pa_size-10ml","14":"first","15":"instock","16":"purchasable","17":"product-type-simple"},"supplier_id":null,"supplier_sku":"REBL-06","barcode":null,"atum_controlled":true,"out_stock_date":null,"out_stock_threshold":null,"inheritable":false,"inbound_stock":null,"stock_on_hold":0,"sold_today":0,"sales_last_days":0,"reserved_stock":null,"customer_returns":null,"warehouse_damage":null,"lost_in_post":null,"other_logs":null,"out_stock_days":0,"lost_sales":0,"has_location":null,"update_date":"2026-02-10T14:27:50","atum_locations":[],"atum_stock_status":"instock","restock_status":false,"low_stock_amount":"","sales_update_date":"2025-09-05T00:18:33","calc_backorders":null,"_links":{"self":[{"href":"https:\/\/aromasentia.com\/de\/wp-json\/wp\/v2\/product\/242069","targetHints":{"allow":["GET"]}}],"collection":[{"href":"https:\/\/aromasentia.com\/de\/wp-json\/wp\/v2\/product"}],"about":[{"href":"https:\/\/aromasentia.com\/de\/wp-json\/wp\/v2\/types\/product"}],"replies":[{"embeddable":true,"href":"https:\/\/aromasentia.com\/de\/wp-json\/wp\/v2\/comments?post=242069"}],"version-history":[{"count":0,"href":"https:\/\/aromasentia.com\/de\/wp-json\/wp\/v2\/product\/242069\/revisions"}],"wp:featuredmedia":[{"embeddable":true,"href":"https:\/\/aromasentia.com\/de\/wp-json\/wp\/v2\/media\/269978"}],"wp:attachment":[{"href":"https:\/\/aromasentia.com\/de\/wp-json\/wp\/v2\/media?parent=242069"}],"wp:term":[{"taxonomy":"product_brand","embeddable":true,"href":"https:\/\/aromasentia.com\/de\/wp-json\/wp\/v2\/product_brand?post=242069"},{"taxonomy":"product_cat","embeddable":true,"href":"https:\/\/aromasentia.com\/de\/wp-json\/wp\/v2\/product_cat?post=242069"},{"taxonomy":"product_tag","embeddable":true,"href":"https:\/\/aromasentia.com\/de\/wp-json\/wp\/v2\/product_tag?post=242069"}],"curies":[{"name":"wp","href":"https:\/\/api.w.org\/{rel}","templated":true}]}}