{"id":242017,"date":"2025-03-20T15:19:48","date_gmt":"2025-03-20T15:19:48","guid":{"rendered":"https:\/\/aromasentia.com\/product\/30x-roll-on-essential-oil-blend-wake-up-unlabelled\/"},"modified":"2025-06-28T21:36:08","modified_gmt":"2025-06-28T21:36:08","slug":"30x-roll-on-aetherische-oel-mischung-wake-up-ohne-etikett","status":"publish","type":"product","link":"https:\/\/aromasentia.com\/de\/30x-roll-on-aetherische-oel-mischung-wake-up-ohne-etikett\/","title":{"rendered":"30x Roll On \u00c4therische \u00d6l-Mischung &#8211; Wake up &#8211; Ohne Etikett"},"content":{"rendered":"<p>Wecken Sie Ihre Sinne und begr\u00fc\u00dfen Sie den Tag mit diesem 30er-Pack der Roll On Essential Oil Blend &#8211; Wake up &#8211; UNLABELLED. Diese belebende Mischung enth\u00e4lt helle, anregende \u00e4therische \u00d6le, die sorgf\u00e4ltig ausgew\u00e4hlt wurden, um M\u00fcdigkeit zu vertreiben, das Energieniveau zu steigern und die Wachsamkeit zu f\u00f6rdern. Ein perfektes morgendliches Ritual oder ein Muntermacher f\u00fcr die Mittagspause. Tragen Sie den Roll-on auf die Pulspunkte auf und Sie f\u00fchlen sich sofort erfrischt und einsatzbereit. Jeder Roll-on in diesem 30er-Pack wartet auf Ihr individuelles Etikett.<\/p>\n","protected":false},"excerpt":{"rendered":"<p>Wecken Sie Ihre Sinne und begr\u00fc\u00dfen Sie den Tag mit diesem 30er-Pack der Roll On Essential Oil Blend &#8211; Wake up &#8211; UNLABELLED. Diese belebende Mischung enth\u00e4lt helle, anregende \u00e4therische \u00d6le, die sorgf\u00e4ltig ausgew\u00e4hlt wurden, um M\u00fcdigkeit zu vertreiben, das Energieniveau zu steigern und die Wachsamkeit zu f\u00f6rdern. Ein perfektes morgendliches Ritual oder ein Muntermacher [&hellip;]<\/p>\n","protected":false},"featured_media":270169,"comment_status":"closed","ping_status":"open","template":"","meta":{"_angie_page":false},"product_brand":[27090],"product_cat":[16455,23649,26650],"product_tag":[],"class_list":{"0":"post-242017","1":"product","2":"type-product","3":"status-publish","4":"has-post-thumbnail","6":"product_brand-ancient-wisdom","7":"product_cat-aromatherapie-und-raumdufte","8":"product_cat-atherische-ole","9":"product_cat-atherische-olmischungen","10":"pa_collection-unlabelled-roll-on-essential-oil-blends-de","11":"pa_made-in-vereinigtes-koenigreich","13":"first","14":"instock","15":"purchasable","16":"product-type-simple"},"supplier_id":null,"supplier_sku":"ReblUL-06","barcode":null,"atum_controlled":true,"out_stock_date":null,"out_stock_threshold":null,"inheritable":false,"inbound_stock":null,"stock_on_hold":0,"sold_today":0,"sales_last_days":0,"reserved_stock":null,"customer_returns":null,"warehouse_damage":null,"lost_in_post":null,"other_logs":null,"out_stock_days":0,"lost_sales":0,"has_location":null,"update_date":"2026-04-28T01:00:32","atum_locations":[],"atum_stock_status":"instock","restock_status":false,"low_stock_amount":"","sales_update_date":"2026-01-30T01:24:57","calc_backorders":null,"_links":{"self":[{"href":"https:\/\/aromasentia.com\/de\/wp-json\/wp\/v2\/product\/242017","targetHints":{"allow":["GET"]}}],"collection":[{"href":"https:\/\/aromasentia.com\/de\/wp-json\/wp\/v2\/product"}],"about":[{"href":"https:\/\/aromasentia.com\/de\/wp-json\/wp\/v2\/types\/product"}],"replies":[{"embeddable":true,"href":"https:\/\/aromasentia.com\/de\/wp-json\/wp\/v2\/comments?post=242017"}],"version-history":[{"count":0,"href":"https:\/\/aromasentia.com\/de\/wp-json\/wp\/v2\/product\/242017\/revisions"}],"wp:featuredmedia":[{"embeddable":true,"href":"https:\/\/aromasentia.com\/de\/wp-json\/wp\/v2\/media\/270169"}],"wp:attachment":[{"href":"https:\/\/aromasentia.com\/de\/wp-json\/wp\/v2\/media?parent=242017"}],"wp:term":[{"taxonomy":"product_brand","embeddable":true,"href":"https:\/\/aromasentia.com\/de\/wp-json\/wp\/v2\/product_brand?post=242017"},{"taxonomy":"product_cat","embeddable":true,"href":"https:\/\/aromasentia.com\/de\/wp-json\/wp\/v2\/product_cat?post=242017"},{"taxonomy":"product_tag","embeddable":true,"href":"https:\/\/aromasentia.com\/de\/wp-json\/wp\/v2\/product_tag?post=242017"}],"curies":[{"name":"wp","href":"https:\/\/api.w.org\/{rel}","templated":true}]}}