{"id":242009,"date":"2025-03-20T15:19:48","date_gmt":"2025-03-20T15:19:48","guid":{"rendered":"https:\/\/aromasentia.com\/product\/30x-roll-on-essential-oil-blend-get-physical-unlabelled\/"},"modified":"2025-06-28T21:36:07","modified_gmt":"2025-06-28T21:36:07","slug":"30x-roll-on-aetherische-oel-mischung-get-physical-ohne-etikett","status":"publish","type":"product","link":"https:\/\/aromasentia.com\/de\/30x-roll-on-aetherische-oel-mischung-get-physical-ohne-etikett\/","title":{"rendered":"30x Roll On \u00c4therische \u00d6l-Mischung &#8211; Get Physical &#8211; Ohne Etikett"},"content":{"rendered":"<p>Beleben Sie Ihren K\u00f6rper und Geist mit diesem 30er-Pack Roll On Essential Oil Blend &#8211; Get Physical &#8211; UNLABELLED. Diese belebende Mischung besteht aus anregenden \u00e4therischen \u00d6len, die das Durchhalteverm\u00f6gen steigern, zur Bewegung motivieren und Ihre Muskeln auf die Aktivit\u00e4t vorbereiten. Sie eignet sich perfekt f\u00fcr die Anwendung vor dem Training oder wenn Sie einen energiegeladenen Start in den Tag brauchen, denn ihr lebhaftes Aroma weckt die Sinne. Jeder praktische Roll-on ist bereit f\u00fcr Ihr eigenes Etikett und bietet einen nat\u00fcrlichen Impuls f\u00fcr einen aktiven Lebensstil.<\/p>\n","protected":false},"excerpt":{"rendered":"<p>Beleben Sie Ihren K\u00f6rper und Geist mit diesem 30er-Pack Roll On Essential Oil Blend &#8211; Get Physical &#8211; UNLABELLED. Diese belebende Mischung besteht aus anregenden \u00e4therischen \u00d6len, die das Durchhalteverm\u00f6gen steigern, zur Bewegung motivieren und Ihre Muskeln auf die Aktivit\u00e4t vorbereiten. Sie eignet sich perfekt f\u00fcr die Anwendung vor dem Training oder wenn Sie einen [&hellip;]<\/p>\n","protected":false},"featured_media":270119,"comment_status":"closed","ping_status":"open","template":"","meta":{"_angie_page":false},"product_brand":[27090],"product_cat":[16455,23649,26650],"product_tag":[],"class_list":{"0":"post-242009","1":"product","2":"type-product","3":"status-publish","4":"has-post-thumbnail","6":"product_brand-ancient-wisdom","7":"product_cat-aromatherapie-und-raumdufte","8":"product_cat-atherische-ole","9":"product_cat-atherische-olmischungen","10":"pa_collection-unlabelled-roll-on-essential-oil-blends-de","11":"pa_made-in-vereinigtes-koenigreich","13":"first","14":"instock","15":"purchasable","16":"product-type-simple"},"supplier_id":null,"supplier_sku":"ReblUL-04","barcode":null,"atum_controlled":true,"out_stock_date":null,"out_stock_threshold":null,"inheritable":false,"inbound_stock":null,"stock_on_hold":0,"sold_today":0,"sales_last_days":0,"reserved_stock":null,"customer_returns":null,"warehouse_damage":null,"lost_in_post":null,"other_logs":null,"out_stock_days":0,"lost_sales":0,"has_location":null,"update_date":"2026-04-27T07:19:36","atum_locations":[],"atum_stock_status":"instock","restock_status":false,"low_stock_amount":"","sales_update_date":"2025-09-05T00:18:35","calc_backorders":null,"_links":{"self":[{"href":"https:\/\/aromasentia.com\/de\/wp-json\/wp\/v2\/product\/242009","targetHints":{"allow":["GET"]}}],"collection":[{"href":"https:\/\/aromasentia.com\/de\/wp-json\/wp\/v2\/product"}],"about":[{"href":"https:\/\/aromasentia.com\/de\/wp-json\/wp\/v2\/types\/product"}],"replies":[{"embeddable":true,"href":"https:\/\/aromasentia.com\/de\/wp-json\/wp\/v2\/comments?post=242009"}],"version-history":[{"count":0,"href":"https:\/\/aromasentia.com\/de\/wp-json\/wp\/v2\/product\/242009\/revisions"}],"wp:featuredmedia":[{"embeddable":true,"href":"https:\/\/aromasentia.com\/de\/wp-json\/wp\/v2\/media\/270119"}],"wp:attachment":[{"href":"https:\/\/aromasentia.com\/de\/wp-json\/wp\/v2\/media?parent=242009"}],"wp:term":[{"taxonomy":"product_brand","embeddable":true,"href":"https:\/\/aromasentia.com\/de\/wp-json\/wp\/v2\/product_brand?post=242009"},{"taxonomy":"product_cat","embeddable":true,"href":"https:\/\/aromasentia.com\/de\/wp-json\/wp\/v2\/product_cat?post=242009"},{"taxonomy":"product_tag","embeddable":true,"href":"https:\/\/aromasentia.com\/de\/wp-json\/wp\/v2\/product_tag?post=242009"}],"curies":[{"name":"wp","href":"https:\/\/api.w.org\/{rel}","templated":true}]}}