{"id":241989,"date":"2025-03-20T15:19:48","date_gmt":"2025-03-20T15:19:48","guid":{"rendered":"https:\/\/aromasentia.com\/product\/small-soapstone-oil-burner-8cm-three-moon-pentigon\/"},"modified":"2025-12-30T20:39:27","modified_gmt":"2025-12-30T20:39:27","slug":"kleiner-speckstein-oelbrenner-8-cm-drei-mond-pentagon","status":"publish","type":"product","link":"https:\/\/aromasentia.com\/de\/kleiner-speckstein-oelbrenner-8-cm-drei-mond-pentagon\/","title":{"rendered":"Kleiner Speckstein-\u00d6lbrenner 8 cm \u2013 Drei-Mond-Pentagon"},"content":{"rendered":"<p><span style=\"color: rgb(75, 80, 88);\">Unsere neue Reihe von <strong>Speckstein-R\u00e4uchergef\u00e4\u00dfen<\/strong> wurde mit Pr\u00e4zision und Sorgfalt gefertigt. Jedes St\u00fcck ist ein Beweis f\u00fcr das K\u00f6nnen des Handwerkers und ist sowohl ein atemberaubendes Dekorationsobjekt als auch ein praktisches Werkzeug zum Schaffen einer heiteren Atmosph\u00e4re.<\/span><\/p>\n<p><strong>Erleben Sie Mystik mit dem \u00d6lbrenner \u201eDrei-Monde-Pentagramm\u201c.<\/strong> Sein kompliziertes Design und seine kompakte Gr\u00f6\u00dfe machen ihn zu einer faszinierenden Wahl f\u00fcr alle, die das Mystische zu sch\u00e4tzen wissen. <\/p>\n<p><span style=\"color: rgb(75, 80, 88);\">Um das Erlebnis wirklich zu verbessern, empfehlen wir, diese Brenner mit&nbsp;<\/span><a href=\"https:\/\/aromasentia.com\/eo\"><span style=\"color: rgb(149, 122, 101);\"><strong>\u00c4therischen \u00d6len<\/strong><\/span><\/a><span style=\"color: rgb(75, 80, 88);\">,&nbsp;<\/span><a href=\"https:\/\/aromasentia.com\/awfo\"><span style=\"color: rgb(149, 122, 101);\"><strong>Duft\u00f6len<\/strong><\/span><\/a><span style=\"color: rgb(75, 80, 88);\">,&nbsp;<\/span><a href=\"https:\/\/aromasentia.com\/lwmelt\"><strong><span style=\"color: rgb(149, 122, 101);\">Wachsschmelzen<\/span><\/strong><\/a><span style=\"color: rgb(75, 80, 88);\">oder<\/span><a href=\"https:\/\/aromasentia.com\/tpsg\"><span style=\"color: rgb(149, 122, 101);\"><strong>Siedegranulat<\/strong><\/span><\/a><span style=\"color: rgb(75, 80, 88);\">.<\/span> Die Kombination aus duftenden \u00d6len und dem sanften Weihrauchduft erzeugt eine Sinnesreise, die Ihre Kunden fesseln wird.<\/p>\n<p>Bitte beachten: Stellen Sie sicher, dass sich ausreichend Wasser im Beh\u00e4lter \u00fcber dem Brenner befindet, und stellen Sie den \u00d6lbrenner immer auf einen hitzebest\u00e4ndigen Matte.<\/p>\n","protected":false},"excerpt":{"rendered":"<p>Unsere neue Reihe von Speckstein-R\u00e4uchergef\u00e4\u00dfen wurde mit Pr\u00e4zision und Sorgfalt gefertigt. Jedes St\u00fcck ist ein Beweis f\u00fcr das K\u00f6nnen des Handwerkers und ist sowohl ein atemberaubendes Dekorationsobjekt als auch ein praktisches Werkzeug zum Schaffen einer heiteren Atmosph\u00e4re. Erleben Sie Mystik mit dem \u00d6lbrenner \u201eDrei-Monde-Pentagramm\u201c. Sein kompliziertes Design und seine kompakte Gr\u00f6\u00dfe machen ihn zu einer [&hellip;]<\/p>\n","protected":false},"featured_media":270383,"comment_status":"closed","ping_status":"open","template":"","meta":{"_angie_page":false},"product_brand":[],"product_cat":[16519,18408],"product_tag":[],"class_list":{"0":"post-241989","1":"product","2":"type-product","3":"status-publish","4":"has-post-thumbnail","6":"product_cat-aroma-diffuser-duftstabchen-und-olbrenner","7":"product_cat-duftlampen","8":"pa_collection-soapstone-oil-burners-de","9":"pa_made-in-indien","11":"first","12":"instock","13":"purchasable","14":"product-type-simple"},"supplier_id":null,"supplier_sku":"SoapOB-15","barcode":null,"atum_controlled":true,"out_stock_date":null,"out_stock_threshold":null,"inheritable":false,"inbound_stock":null,"stock_on_hold":0,"sold_today":0,"sales_last_days":0,"reserved_stock":null,"customer_returns":null,"warehouse_damage":null,"lost_in_post":null,"other_logs":null,"out_stock_days":0,"lost_sales":0,"has_location":null,"update_date":"2026-05-08T05:19:09","atum_locations":[],"atum_stock_status":"instock","restock_status":false,"low_stock_amount":"","sales_update_date":"2025-09-05T00:18:35","calc_backorders":null,"_links":{"self":[{"href":"https:\/\/aromasentia.com\/de\/wp-json\/wp\/v2\/product\/241989","targetHints":{"allow":["GET"]}}],"collection":[{"href":"https:\/\/aromasentia.com\/de\/wp-json\/wp\/v2\/product"}],"about":[{"href":"https:\/\/aromasentia.com\/de\/wp-json\/wp\/v2\/types\/product"}],"replies":[{"embeddable":true,"href":"https:\/\/aromasentia.com\/de\/wp-json\/wp\/v2\/comments?post=241989"}],"version-history":[{"count":0,"href":"https:\/\/aromasentia.com\/de\/wp-json\/wp\/v2\/product\/241989\/revisions"}],"wp:featuredmedia":[{"embeddable":true,"href":"https:\/\/aromasentia.com\/de\/wp-json\/wp\/v2\/media\/270383"}],"wp:attachment":[{"href":"https:\/\/aromasentia.com\/de\/wp-json\/wp\/v2\/media?parent=241989"}],"wp:term":[{"taxonomy":"product_brand","embeddable":true,"href":"https:\/\/aromasentia.com\/de\/wp-json\/wp\/v2\/product_brand?post=241989"},{"taxonomy":"product_cat","embeddable":true,"href":"https:\/\/aromasentia.com\/de\/wp-json\/wp\/v2\/product_cat?post=241989"},{"taxonomy":"product_tag","embeddable":true,"href":"https:\/\/aromasentia.com\/de\/wp-json\/wp\/v2\/product_tag?post=241989"}],"curies":[{"name":"wp","href":"https:\/\/api.w.org\/{rel}","templated":true}]}}