{"id":241921,"date":"2025-03-20T15:22:14","date_gmt":"2025-03-20T15:22:14","guid":{"rendered":"https:\/\/aromasentia.com\/product\/witch-hazel-with-peppermint-100ml\/"},"modified":"2025-12-30T20:39:12","modified_gmt":"2025-12-30T20:39:12","slug":"gesichtswassernebel-hamamelis-mit-pfefferminze-100ml","status":"publish","type":"product","link":"https:\/\/aromasentia.com\/de\/gesichtswassernebel-hamamelis-mit-pfefferminze-100ml\/","title":{"rendered":"Gesichtswassernebel &#8211; Hamamelis mit Pfefferminze 100ml"},"content":{"rendered":"<p><span style=\"color: rgb(75, 80, 88);\"><strong>Gesichtswasser \u2013 Hamamelis mit Pfefferminze<\/strong> wurde entwickelt, um alle Hauttypen zu regenerieren, zu beruhigen und mit Feuchtigkeit zu versorgen. Liebevoll hergestellt aus reiner <strong>Hamamelis und \u00e4therischem \u00d6l<\/strong> in unserer Produktion in Sheffield.<\/span> <\/p>\n<p><span style=\"color: rgb(75, 80, 88);\">Dieses Gesichtswasser verbessert Hautton, Hautstruktur und F\u00e4ltchen und trocknet fast sofort. Es dringt in die Poren ein und hilft, abgestorbene Hautzellen und Unreinheiten zu l\u00f6sen. Perfekt gl\u00e4ttend, beruhigend und feuchtigkeitsspendend. Verwenden Sie es, um die Haut nach der Reinigung zu straffen oder um sie den ganzen Tag \u00fcber zu erfrischen und mit Feuchtigkeit zu versorgen.<\/span><\/p>\n<p><span style=\"color: rgb(75, 80, 88);\">Das k\u00f6nnte Ihnen auch gefallen:<\/span><a href=\"https:\/\/aromasentia.com\/gemfr\"><span style=\"color: rgb(149, 122, 101);\"><strong>Gesichtsroller mit Edelsteinen<\/strong><\/span><\/a><span style=\"color: rgb(75, 80, 88);\">.&nbsp;<\/span><\/p>\n<p><span style=\"color: rgb(75, 80, 88);\"><strong>Hinweis:<\/strong> F\u00fchren Sie zuerst einen Vertr\u00e4glichkeitstest durch. Wenn Reizungen auftreten, beenden Sie die Anwendung. Versuchen Sie es ein paar Mal pro Woche und beobachten Sie die Reaktion der Haut. Dieses Produkt ist nur zur \u00e4u\u00dferlichen Anwendung bestimmt.<\/span><\/p>\n<p><span style=\"color: rgb(75, 80, 88);\"><strong>Anwendung:<\/strong> Augen schlie\u00dfen und direkt auf die Haut spr\u00fchen.<\/span><\/p>\n<p><span style=\"color: rgb(75, 80, 88);\"><strong>Hauptvorteile:<\/strong><\/span><\/p>\n<p><span style=\"color: rgb(75, 80, 88);\">&#8211; spendet Feuchtigkeit<\/span><\/p>\n<p><span style=\"color: rgb(75, 80, 88);\">&#8211; beruhigt die Haut<\/span><\/p>\n<p><span style=\"color: rgb(75, 80, 88);\">&#8211; angereichert mit reiner Hamamelis und \u00e4therischem \u00d6l<\/span><\/p>\n<p><span style=\"color: rgb(75, 80, 88);\">&#8211; ideal f\u00fcr die Fl\u00fcssigkeitszufuhr unterwegs &#8211; f\u00fcr Vegetarier geeignet und Veganer<\/span><\/p>\n<p><strong><span style=\"color: rgb(75, 80, 88);\">Bestellen Sie noch heute und bieten Sie Ihren Kunden dieses unverzichtbare Hautpflegeprodukt.<\/span><\/strong><\/p>\n","protected":false},"excerpt":{"rendered":"<p>Gesichtswasser \u2013 Hamamelis mit Pfefferminze wurde entwickelt, um alle Hauttypen zu regenerieren, zu beruhigen und mit Feuchtigkeit zu versorgen. Liebevoll hergestellt aus reiner Hamamelis und \u00e4therischem \u00d6l in unserer Produktion in Sheffield. Dieses Gesichtswasser verbessert Hautton, Hautstruktur und F\u00e4ltchen und trocknet fast sofort. Es dringt in die Poren ein und hilft, abgestorbene Hautzellen und Unreinheiten [&hellip;]<\/p>\n","protected":false},"featured_media":271083,"comment_status":"closed","ping_status":"open","template":"","meta":[],"product_brand":[27070],"product_cat":[16455,23649,25841,26875,26336],"product_tag":[],"class_list":{"0":"post-241921","1":"product","2":"type-product","3":"status-publish","4":"has-post-thumbnail","6":"product_brand-aw-cosmetics","7":"product_cat-aromatherapie-und-raumdufte","8":"product_cat-atherische-ole","9":"product_cat-dufte-aromen","10":"product_cat-minzig","11":"product_cat-pfefferminze","12":"pa_collection-facial-toner-mist-de","13":"pa_made-in-vereinigte-staaten","14":"pa_size-100ml","16":"first","17":"instock","18":"purchasable","19":"product-type-simple"},"supplier_id":null,"supplier_sku":"WSP-04","barcode":null,"atum_controlled":true,"out_stock_date":null,"out_stock_threshold":null,"inheritable":false,"inbound_stock":0,"stock_on_hold":0,"sold_today":0,"sales_last_days":0,"reserved_stock":0,"customer_returns":0,"warehouse_damage":0,"lost_in_post":0,"other_logs":0,"out_stock_days":0,"lost_sales":0,"has_location":false,"update_date":"2026-02-10T16:31:47","atum_locations":[],"atum_stock_status":"instock","restock_status":false,"low_stock_amount":"","sales_update_date":"2026-02-06T00:02:35","calc_backorders":null,"_links":{"self":[{"href":"https:\/\/aromasentia.com\/de\/wp-json\/wp\/v2\/product\/241921","targetHints":{"allow":["GET"]}}],"collection":[{"href":"https:\/\/aromasentia.com\/de\/wp-json\/wp\/v2\/product"}],"about":[{"href":"https:\/\/aromasentia.com\/de\/wp-json\/wp\/v2\/types\/product"}],"replies":[{"embeddable":true,"href":"https:\/\/aromasentia.com\/de\/wp-json\/wp\/v2\/comments?post=241921"}],"version-history":[{"count":0,"href":"https:\/\/aromasentia.com\/de\/wp-json\/wp\/v2\/product\/241921\/revisions"}],"wp:featuredmedia":[{"embeddable":true,"href":"https:\/\/aromasentia.com\/de\/wp-json\/wp\/v2\/media\/271083"}],"wp:attachment":[{"href":"https:\/\/aromasentia.com\/de\/wp-json\/wp\/v2\/media?parent=241921"}],"wp:term":[{"taxonomy":"product_brand","embeddable":true,"href":"https:\/\/aromasentia.com\/de\/wp-json\/wp\/v2\/product_brand?post=241921"},{"taxonomy":"product_cat","embeddable":true,"href":"https:\/\/aromasentia.com\/de\/wp-json\/wp\/v2\/product_cat?post=241921"},{"taxonomy":"product_tag","embeddable":true,"href":"https:\/\/aromasentia.com\/de\/wp-json\/wp\/v2\/product_tag?post=241921"}],"curies":[{"name":"wp","href":"https:\/\/api.w.org\/{rel}","templated":true}]}}