{"id":241877,"date":"2025-03-20T15:22:14","date_gmt":"2025-03-20T15:22:14","guid":{"rendered":"https:\/\/aromasentia.com\/product\/stone-oil-burner-stepped-wave\/"},"modified":"2025-12-30T20:39:05","modified_gmt":"2025-12-30T20:39:05","slug":"sandstein-duftlampen-s-foermig","status":"publish","type":"product","link":"https:\/\/aromasentia.com\/de\/sandstein-duftlampen-s-foermig\/","title":{"rendered":"Sandstein-Duftlampen S-f\u00f6rmig"},"content":{"rendered":"<p>Indonesische \u00d6lbrenner-Kombinationslaternen &#8230; Sorgf\u00e4ltig geschnitzte \u00d6llampen aus Sandstein sehen gro\u00dfartig aus und eignen sich als wundersch\u00f6nes Herzst\u00fcck in jedem Raum.<\/p>\n<p>Einzigartige handgeschnitzte \u00d6lbrenner aus Sandstein haben eine tolle Form und eine au\u00dfergew\u00f6hnliche Farbe.<\/p>\n<p>\u00d6lbrenner eignen sich auch hervorragend zur Verwendung mit Duft\u00f6len und Duftwachs. Dieses schwer zu findende Kunstwerk aus Java passt in jeden Raum, in dem es aufgestellt wird. Erh\u00e4ltlich in zehn verschiedenen Stilen, einzeln verpackt und mit Barcode.<\/p>\n","protected":false},"excerpt":{"rendered":"<p>Indonesische \u00d6lbrenner-Kombinationslaternen &#8230; Sorgf\u00e4ltig geschnitzte \u00d6llampen aus Sandstein sehen gro\u00dfartig aus und eignen sich als wundersch\u00f6nes Herzst\u00fcck in jedem Raum. Einzigartige handgeschnitzte \u00d6lbrenner aus Sandstein haben eine tolle Form und eine au\u00dfergew\u00f6hnliche Farbe. \u00d6lbrenner eignen sich auch hervorragend zur Verwendung mit Duft\u00f6len und Duftwachs. Dieses schwer zu findende Kunstwerk aus Java passt in jeden Raum, [&hellip;]<\/p>\n","protected":false},"featured_media":270968,"comment_status":"closed","ping_status":"open","template":"","meta":[],"product_brand":[],"product_cat":[16519,18408],"product_tag":[],"class_list":{"0":"post-241877","1":"product","2":"type-product","3":"status-publish","4":"has-post-thumbnail","6":"product_cat-aroma-diffuser-duftstabchen-und-olbrenner","7":"product_cat-duftlampen","8":"pa_collection-sandstone-oil-burner-de","9":"pa_made-in-indonesien","11":"first","12":"instock","13":"purchasable","14":"product-type-simple"},"supplier_id":null,"supplier_sku":"SSOB-01","barcode":null,"atum_controlled":true,"out_stock_date":null,"out_stock_threshold":null,"inheritable":false,"inbound_stock":null,"stock_on_hold":0,"sold_today":0,"sales_last_days":0,"reserved_stock":null,"customer_returns":null,"warehouse_damage":null,"lost_in_post":null,"other_logs":null,"out_stock_days":0,"lost_sales":0,"has_location":null,"update_date":"2026-01-30T01:26:03","atum_locations":[],"atum_stock_status":"instock","restock_status":false,"low_stock_amount":"","sales_update_date":"2026-01-30T01:26:03","calc_backorders":null,"_links":{"self":[{"href":"https:\/\/aromasentia.com\/de\/wp-json\/wp\/v2\/product\/241877","targetHints":{"allow":["GET"]}}],"collection":[{"href":"https:\/\/aromasentia.com\/de\/wp-json\/wp\/v2\/product"}],"about":[{"href":"https:\/\/aromasentia.com\/de\/wp-json\/wp\/v2\/types\/product"}],"replies":[{"embeddable":true,"href":"https:\/\/aromasentia.com\/de\/wp-json\/wp\/v2\/comments?post=241877"}],"version-history":[{"count":0,"href":"https:\/\/aromasentia.com\/de\/wp-json\/wp\/v2\/product\/241877\/revisions"}],"wp:featuredmedia":[{"embeddable":true,"href":"https:\/\/aromasentia.com\/de\/wp-json\/wp\/v2\/media\/270968"}],"wp:attachment":[{"href":"https:\/\/aromasentia.com\/de\/wp-json\/wp\/v2\/media?parent=241877"}],"wp:term":[{"taxonomy":"product_brand","embeddable":true,"href":"https:\/\/aromasentia.com\/de\/wp-json\/wp\/v2\/product_brand?post=241877"},{"taxonomy":"product_cat","embeddable":true,"href":"https:\/\/aromasentia.com\/de\/wp-json\/wp\/v2\/product_cat?post=241877"},{"taxonomy":"product_tag","embeddable":true,"href":"https:\/\/aromasentia.com\/de\/wp-json\/wp\/v2\/product_tag?post=241877"}],"curies":[{"name":"wp","href":"https:\/\/api.w.org\/{rel}","templated":true}]}}