{"id":241873,"date":"2025-03-20T15:22:48","date_gmt":"2025-03-20T15:22:48","guid":{"rendered":"https:\/\/aromasentia.com\/product\/sun-star-oil-burners\/"},"modified":"2025-12-30T20:39:05","modified_gmt":"2025-12-30T20:39:05","slug":"yin-yang-oel-lampen-sonne-sterne","status":"publish","type":"product","link":"https:\/\/aromasentia.com\/de\/yin-yang-oel-lampen-sonne-sterne\/","title":{"rendered":"Yin-Yang \u00d6l Lampen Sonne &#038; Sterne"},"content":{"rendered":"<p>Diese Keramik-Yin-Yang-\u00d6lbrenner von Aroma Sentia-ping wurden mit einer dekorativen Glasur versehen, um ein hochwertiges Finish zu erzielen. Dank der Qualit\u00e4t, des Materials und des Wertes sind sie eine tolle Geschenkidee f\u00fcr jeden besonderen Anlass.<\/p>\n<p>F\u00fcr die Verwendung mit Duft\u00f6len stellen Sie einfach ein Teelicht in den Sockel und geben Sie einige Tropfen Duft\u00f6l in die Schale. Dank des luxuri\u00f6sen Designs sind sie auch eine sehr attraktive Dekoration in jedem Raum.<\/p>\n<p>\u00d6lbrenner eignen sich auch hervorragend f\u00fcr die Verwendung mit Duft\u00f6len und Duftwachs.<\/p>\n<p>? Stellen Sie den \u00d6lbrenner immer auf eine hitzebest\u00e4ndige Unterlage.<\/p>\n<p>? Stellen Sie sicher, dass sich im Beh\u00e4lter \u00fcber dem Brenner ausreichend Wasser befindet.<\/p>\n<p>? Verwenden Sie hochwertige Teelichter.<\/p>\n<p>? Lassen Sie brennende Teelichter niemals unbeaufsichtigt und halten Sie sie von Vorh\u00e4ngen fern.<\/p>\n<p>? Falls die Flamme gef\u00e4hrlich wird, mit einem feuchten Tuch l\u00f6schen.&nbsp;<\/p>\n<p>? Au\u00dferhalb der Reichweite von Kindern aufbewahren.<\/p>\n<p>Wert &#038; Qualit\u00e4t mit Yin &#038; Yang \u262f<\/p>\n","protected":false},"excerpt":{"rendered":"<p>Diese Keramik-Yin-Yang-\u00d6lbrenner von Aroma Sentia-ping wurden mit einer dekorativen Glasur versehen, um ein hochwertiges Finish zu erzielen. Dank der Qualit\u00e4t, des Materials und des Wertes sind sie eine tolle Geschenkidee f\u00fcr jeden besonderen Anlass. F\u00fcr die Verwendung mit Duft\u00f6len stellen Sie einfach ein Teelicht in den Sockel und geben Sie einige Tropfen Duft\u00f6l in die [&hellip;]<\/p>\n","protected":false},"featured_media":271292,"comment_status":"closed","ping_status":"open","template":"","meta":{"_angie_page":false},"product_brand":[],"product_cat":[16519,18408],"product_tag":[],"class_list":{"0":"post-241873","1":"product","2":"type-product","3":"status-publish","4":"has-post-thumbnail","6":"product_cat-aroma-diffuser-duftstabchen-und-olbrenner","7":"product_cat-duftlampen","8":"pa_collection-yin-yang-oil-burners-de","9":"pa_made-in-china","11":"first","12":"instock","13":"purchasable","14":"product-type-simple"},"supplier_id":null,"supplier_sku":"YYOB-01","barcode":null,"atum_controlled":true,"out_stock_date":null,"out_stock_threshold":null,"inheritable":false,"inbound_stock":null,"stock_on_hold":0,"sold_today":0,"sales_last_days":0,"reserved_stock":null,"customer_returns":null,"warehouse_damage":null,"lost_in_post":null,"other_logs":null,"out_stock_days":0,"lost_sales":0,"has_location":null,"update_date":"2026-04-27T07:27:29","atum_locations":[],"atum_stock_status":"instock","restock_status":false,"low_stock_amount":"","sales_update_date":"2025-09-05T00:18:43","calc_backorders":null,"_links":{"self":[{"href":"https:\/\/aromasentia.com\/de\/wp-json\/wp\/v2\/product\/241873","targetHints":{"allow":["GET"]}}],"collection":[{"href":"https:\/\/aromasentia.com\/de\/wp-json\/wp\/v2\/product"}],"about":[{"href":"https:\/\/aromasentia.com\/de\/wp-json\/wp\/v2\/types\/product"}],"replies":[{"embeddable":true,"href":"https:\/\/aromasentia.com\/de\/wp-json\/wp\/v2\/comments?post=241873"}],"version-history":[{"count":0,"href":"https:\/\/aromasentia.com\/de\/wp-json\/wp\/v2\/product\/241873\/revisions"}],"wp:featuredmedia":[{"embeddable":true,"href":"https:\/\/aromasentia.com\/de\/wp-json\/wp\/v2\/media\/271292"}],"wp:attachment":[{"href":"https:\/\/aromasentia.com\/de\/wp-json\/wp\/v2\/media?parent=241873"}],"wp:term":[{"taxonomy":"product_brand","embeddable":true,"href":"https:\/\/aromasentia.com\/de\/wp-json\/wp\/v2\/product_brand?post=241873"},{"taxonomy":"product_cat","embeddable":true,"href":"https:\/\/aromasentia.com\/de\/wp-json\/wp\/v2\/product_cat?post=241873"},{"taxonomy":"product_tag","embeddable":true,"href":"https:\/\/aromasentia.com\/de\/wp-json\/wp\/v2\/product_tag?post=241873"}],"curies":[{"name":"wp","href":"https:\/\/api.w.org\/{rel}","templated":true}]}}