{"id":241869,"date":"2025-03-20T15:22:48","date_gmt":"2025-03-20T15:22:48","guid":{"rendered":"https:\/\/aromasentia.com\/product\/white-christmas-room-pillow-spray-100ml\/"},"modified":"2025-12-30T20:39:05","modified_gmt":"2025-12-30T20:39:05","slug":"raum-und-kissenspray-100-ml-weisse-weihnachten","status":"publish","type":"product","link":"https:\/\/aromasentia.com\/de\/raum-und-kissenspray-100-ml-weisse-weihnachten\/","title":{"rendered":"Raum- und Kissenspray 100 ml- Weisse Weihnachten"},"content":{"rendered":"<p><span style=\"color: rgb(75, 80, 88);\">Machen Sie sich bereit, ein wenig Weihnachtszauber zu verbreiten mit den brandneuen <strong>Raum- und Kissensprays<\/strong>, jetzt erh\u00e4ltlich in den festlichsten Feiertagsd\u00fcften, die Sie sich vorstellen k\u00f6nnen!&nbsp;<\/span><\/p>\n<p><span style=\"color: rgb(75, 80, 88);\">Dieser Duft f\u00e4ngt kunstvoll die Essenz der Weihnachtszeit ein.<\/span><\/p>\n<p><span style=\"color: rgb(75, 80, 88);\">? Mit Kopfnoten von <strong>Eukalyptus und Minzorange<\/strong>, die ein erfrischendes und belebendes Aroma hervorbringen.<\/span><\/p>\n<p><span style=\"color: rgb(75, 80, 88);\">? Verst\u00e4rkt durch eine <strong>fruchtig-blumige Note<\/strong>, die dem Duft einen Hauch von S\u00fc\u00dfe und Raffinesse verleiht.<\/span><\/p>\n<p><span style=\"color: rgb(75, 80, 88);\">? Und verankert durch Basisnoten von <strong>Zeder, Amber und Vanille<\/strong>, die einen gem\u00fctlichen, anhaltenden und einladenden Duft bieten.<\/span><\/p>\n<p><span style=\"color: rgb(141, 186, 216);\"><strong>F\u00fcgen Sie sie jetzt Ihrem Produktportfolio hinzu und lassen Sie die Festlichkeiten f\u00fcr Ihre Kunden beginnen!<\/strong><\/span><\/p>\n","protected":false},"excerpt":{"rendered":"<p>Machen Sie sich bereit, ein wenig Weihnachtszauber zu verbreiten mit den brandneuen Raum- und Kissensprays, jetzt erh\u00e4ltlich in den festlichsten Feiertagsd\u00fcften, die Sie sich vorstellen k\u00f6nnen!&nbsp; Dieser Duft f\u00e4ngt kunstvoll die Essenz der Weihnachtszeit ein. ? Mit Kopfnoten von Eukalyptus und Minzorange, die ein erfrischendes und belebendes Aroma hervorbringen. ? Verst\u00e4rkt durch eine fruchtig-blumige Note, [&hellip;]<\/p>\n","protected":false},"featured_media":271267,"comment_status":"closed","ping_status":"open","template":"","meta":[],"product_brand":[],"product_cat":[16455,16471,16635,27380],"product_tag":[],"class_list":{"0":"post-241869","1":"product","2":"type-product","3":"status-publish","4":"has-post-thumbnail","6":"product_cat-aromatherapie-und-raumdufte","7":"product_cat-duftole","8":"product_cat-raumsprays-und-raumdufte","9":"product_cat-weihnachtsdufte","10":"pa_collection-christmas-room-pillow-sprays-de","11":"pa_made-in-vereinigtes-koenigreich","12":"pa_size-100ml","14":"first","15":"instock","16":"purchasable","17":"product-type-simple"},"supplier_id":null,"supplier_sku":"XRPS-01","barcode":null,"atum_controlled":true,"out_stock_date":null,"out_stock_threshold":null,"inheritable":false,"inbound_stock":null,"stock_on_hold":0,"sold_today":0,"sales_last_days":0,"reserved_stock":null,"customer_returns":null,"warehouse_damage":null,"lost_in_post":null,"other_logs":null,"out_stock_days":0,"lost_sales":0,"has_location":null,"update_date":"2026-02-07T03:15:24","atum_locations":[],"atum_stock_status":"instock","restock_status":false,"low_stock_amount":"","sales_update_date":"2026-01-30T01:24:48","calc_backorders":null,"_links":{"self":[{"href":"https:\/\/aromasentia.com\/de\/wp-json\/wp\/v2\/product\/241869","targetHints":{"allow":["GET"]}}],"collection":[{"href":"https:\/\/aromasentia.com\/de\/wp-json\/wp\/v2\/product"}],"about":[{"href":"https:\/\/aromasentia.com\/de\/wp-json\/wp\/v2\/types\/product"}],"replies":[{"embeddable":true,"href":"https:\/\/aromasentia.com\/de\/wp-json\/wp\/v2\/comments?post=241869"}],"version-history":[{"count":0,"href":"https:\/\/aromasentia.com\/de\/wp-json\/wp\/v2\/product\/241869\/revisions"}],"wp:featuredmedia":[{"embeddable":true,"href":"https:\/\/aromasentia.com\/de\/wp-json\/wp\/v2\/media\/271267"}],"wp:attachment":[{"href":"https:\/\/aromasentia.com\/de\/wp-json\/wp\/v2\/media?parent=241869"}],"wp:term":[{"taxonomy":"product_brand","embeddable":true,"href":"https:\/\/aromasentia.com\/de\/wp-json\/wp\/v2\/product_brand?post=241869"},{"taxonomy":"product_cat","embeddable":true,"href":"https:\/\/aromasentia.com\/de\/wp-json\/wp\/v2\/product_cat?post=241869"},{"taxonomy":"product_tag","embeddable":true,"href":"https:\/\/aromasentia.com\/de\/wp-json\/wp\/v2\/product_tag?post=241869"}],"curies":[{"name":"wp","href":"https:\/\/api.w.org\/{rel}","templated":true}]}}