{"id":241809,"date":"2025-03-20T16:13:15","date_gmt":"2025-03-20T16:13:15","guid":{"rendered":"https:\/\/aromasentia.com\/product\/passion-potion-7kg-hessian-sack\/"},"modified":"2025-12-30T20:38:50","modified_gmt":"2025-12-30T20:38:50","slug":"leidenschaft-7kg","status":"publish","type":"product","link":"https:\/\/aromasentia.com\/de\/leidenschaft-7kg\/","title":{"rendered":"Leidenschaft 7kg"},"content":{"rendered":"<p><strong>Passion Aromatherapy Badetr\u00e4nke<\/strong> werden aus einer kunstvollen Mischung aus reinem Ylang Ylang, Zitrone und \u00c4therische Orangen\u00f6le in Meersalz.<br style=\"color: rgb(114, 114, 114); font-size: 16px; font-style: normal; font-variant-ligatures: normal; font-variant-caps: normal; font-weight: 400; letter-spacing: normal; orphans: 2; text-align: start; text-indent: 0px; text-transform: none; white-space: normal; widows: 2; word-spacing: 0px; -webkit-text-stroke-width: 0px; background-color: rgb(255, 255, 255); text-decoration-thickness: initial; text-decoration-style: initial; text-decoration-color: initial;\">Verpackt in einem Jutesack zur sofortigen Pr\u00e4sentation und zum Verkauf.<br style=\"color: rgb(114, 114, 114); Schriftgr\u00f6\u00dfe: 16px; Schriftstil: normal; Schriftvarianten-Ligaturen: normal; Schriftvarianten-Gro\u00dfbuchstaben: normal; Schriftst\u00e4rke: 400; Buchstabenabstand: normal; Waisen: 2; Textausrichtung: Start; Texteinzug: 0px; Texttransformation: keine; Leerraum: normal; Witwen: 2; Wortabstand: 0px; -webkit-Textstrichbreite: 0px; Hintergrundfarbe: RGB (255, 255, 255); Textdekorationsst\u00e4rke: initial; Textdekorationsstil: initial; Textdekorationsfarbe: initial;\">Wir glauben, dass dies ein gro\u00dfartiges Preis-Leistungs-Verh\u00e4ltnis ist, insbesondere f\u00fcr dieses hochwertige Badesalz und einen Sack. \u00d6ffnen Sie Ihren Badetrank, riechen Sie daran und sehen Sie, wie wirksam diese Tr\u00e4nke sind. Dadurch lassen sie sich leicht verkaufen. Wird mit Zutatenetikett geliefert.<br style=\"color: rgb(114, 114, 114); font-size: 16px; font-style: normal; font-variant-ligatures: normal; font-variant-caps: normal; font-weight: 400; letter-spacing: normal; orphans: 2; text-align: start; text-indent: 0px; text-transform: none; white-space: normal; widows: 2; word-spacing: 0px; -webkit-text-stroke-width: 0px; background-color: rgb(255, 255, 255); text-decoration-thickness: initial; text-decoration-style: initial; text-decoration-color: initial;\">Geben Sie Ihrem Bad eine kleine Menge des Zaubertranks f\u00fcr ein au\u00dfergew\u00f6hnliches aromatisches Badeerlebnis hinzu.<\/p>\n","protected":false},"excerpt":{"rendered":"<p>Passion Aromatherapy Badetr\u00e4nke werden aus einer kunstvollen Mischung aus reinem Ylang Ylang, Zitrone und \u00c4therische Orangen\u00f6le in Meersalz.Verpackt in einem Jutesack zur sofortigen Pr\u00e4sentation und zum Verkauf.Wir glauben, dass dies ein gro\u00dfartiges Preis-Leistungs-Verh\u00e4ltnis ist, insbesondere f\u00fcr dieses hochwertige Badesalz und einen Sack. \u00d6ffnen Sie Ihren Badetrank, riechen Sie daran und sehen Sie, wie wirksam diese [&hellip;]<\/p>\n","protected":false},"featured_media":271536,"comment_status":"closed","ping_status":"open","template":"","meta":{"_angie_page":false},"product_brand":[],"product_cat":[19448],"product_tag":[],"class_list":{"0":"post-241809","1":"product","2":"type-product","3":"status-publish","4":"has-post-thumbnail","6":"product_cat-bad-und-korper","7":"pa_collection-aromatherapy-bath-potions-bulk-7kg-de","8":"pa_made-in-vereinigtes-koenigreich","10":"first","11":"instock","12":"purchasable","13":"product-type-simple"},"supplier_id":null,"supplier_sku":"ABP-04","barcode":null,"atum_controlled":true,"out_stock_date":null,"out_stock_threshold":null,"inheritable":false,"inbound_stock":null,"stock_on_hold":0,"sold_today":0,"sales_last_days":0,"reserved_stock":null,"customer_returns":null,"warehouse_damage":null,"lost_in_post":null,"other_logs":null,"out_stock_days":0,"lost_sales":0,"has_location":null,"update_date":"2026-05-08T05:02:33","atum_locations":[],"atum_stock_status":"instock","restock_status":false,"low_stock_amount":"","sales_update_date":"2025-10-09T03:22:24","calc_backorders":null,"_links":{"self":[{"href":"https:\/\/aromasentia.com\/de\/wp-json\/wp\/v2\/product\/241809","targetHints":{"allow":["GET"]}}],"collection":[{"href":"https:\/\/aromasentia.com\/de\/wp-json\/wp\/v2\/product"}],"about":[{"href":"https:\/\/aromasentia.com\/de\/wp-json\/wp\/v2\/types\/product"}],"replies":[{"embeddable":true,"href":"https:\/\/aromasentia.com\/de\/wp-json\/wp\/v2\/comments?post=241809"}],"version-history":[{"count":0,"href":"https:\/\/aromasentia.com\/de\/wp-json\/wp\/v2\/product\/241809\/revisions"}],"wp:featuredmedia":[{"embeddable":true,"href":"https:\/\/aromasentia.com\/de\/wp-json\/wp\/v2\/media\/271536"}],"wp:attachment":[{"href":"https:\/\/aromasentia.com\/de\/wp-json\/wp\/v2\/media?parent=241809"}],"wp:term":[{"taxonomy":"product_brand","embeddable":true,"href":"https:\/\/aromasentia.com\/de\/wp-json\/wp\/v2\/product_brand?post=241809"},{"taxonomy":"product_cat","embeddable":true,"href":"https:\/\/aromasentia.com\/de\/wp-json\/wp\/v2\/product_cat?post=241809"},{"taxonomy":"product_tag","embeddable":true,"href":"https:\/\/aromasentia.com\/de\/wp-json\/wp\/v2\/product_tag?post=241809"}],"curies":[{"name":"wp","href":"https:\/\/api.w.org\/{rel}","templated":true}]}}