{"id":241709,"date":"2025-03-20T16:14:01","date_gmt":"2025-03-20T16:14:01","guid":{"rendered":"https:\/\/aromasentia.com\/product\/hand-body-cream-clementine-300ml\/"},"modified":"2025-12-30T20:38:35","modified_gmt":"2025-12-30T20:38:35","slug":"hand-body-cream-clementine-300ml","status":"publish","type":"product","link":"https:\/\/aromasentia.com\/de\/hand-body-cream-clementine-300ml\/","title":{"rendered":"Hand &#038; Body Cream &#8211; Clementine &#8211; 300ml"},"content":{"rendered":"<p>Beleben Sie Ihre Haut und Ihren Tag mit unserer Hand &#038; Body Cream &#8211; Clementine. Diese fr\u00f6hliche 300-ml-Creme spendet der Haut die n\u00f6tige Feuchtigkeit und verw\u00f6hnt Ihre Sinne mit dem herrlich belebenden und s\u00fc\u00dfen Zitrusduft sonnengereifter Clementinen. Die reichhaltige, aber nicht fettende Formel hinterl\u00e4sst ein au\u00dfergew\u00f6hnlich weiches, geschmeidiges und revitalisiertes Hautgef\u00fchl. Diese Creme eignet sich perfekt f\u00fcr die t\u00e4gliche Dosis Sonnenschein, denn sie spendet lebendige Energie und aromatische Freude, so dass sich Ihre Haut gl\u00fccklich und wunderbar duftend anf\u00fchlt.<\/p>\n","protected":false},"excerpt":{"rendered":"<p>Beleben Sie Ihre Haut und Ihren Tag mit unserer Hand &#038; Body Cream &#8211; Clementine. Diese fr\u00f6hliche 300-ml-Creme spendet der Haut die n\u00f6tige Feuchtigkeit und verw\u00f6hnt Ihre Sinne mit dem herrlich belebenden und s\u00fc\u00dfen Zitrusduft sonnengereifter Clementinen. Die reichhaltige, aber nicht fettende Formel hinterl\u00e4sst ein au\u00dfergew\u00f6hnlich weiches, geschmeidiges und revitalisiertes Hautgef\u00fchl. Diese Creme eignet sich [&hellip;]<\/p>\n","protected":false},"featured_media":642345,"comment_status":"closed","ping_status":"open","template":"","meta":{"_angie_page":false},"product_brand":[27086],"product_cat":[19448,20989],"product_tag":[],"class_list":{"0":"post-241709","1":"product","2":"type-product","3":"status-publish","4":"has-post-thumbnail","6":"product_brand-agnes-and-cat","7":"product_cat-bad-und-korper","8":"product_cat-korperpflege","9":"pa_collection-agnescat-hand-body-cream-de","10":"pa_made-in-vereinigtes-koenigreich","11":"pa_size-300ml","13":"first","14":"instock","15":"purchasable","16":"product-type-simple"},"supplier_id":null,"supplier_sku":"ACBC-01","barcode":null,"atum_controlled":true,"out_stock_date":null,"out_stock_threshold":null,"inheritable":false,"inbound_stock":0,"stock_on_hold":0,"sold_today":0,"sales_last_days":0,"reserved_stock":0,"customer_returns":0,"warehouse_damage":0,"lost_in_post":0,"other_logs":0,"out_stock_days":0,"lost_sales":0,"has_location":false,"update_date":"2026-04-27T06:49:08","atum_locations":[],"atum_stock_status":"instock","restock_status":false,"low_stock_amount":"","sales_update_date":"2025-10-09T03:22:29","calc_backorders":null,"_links":{"self":[{"href":"https:\/\/aromasentia.com\/de\/wp-json\/wp\/v2\/product\/241709","targetHints":{"allow":["GET"]}}],"collection":[{"href":"https:\/\/aromasentia.com\/de\/wp-json\/wp\/v2\/product"}],"about":[{"href":"https:\/\/aromasentia.com\/de\/wp-json\/wp\/v2\/types\/product"}],"replies":[{"embeddable":true,"href":"https:\/\/aromasentia.com\/de\/wp-json\/wp\/v2\/comments?post=241709"}],"version-history":[{"count":0,"href":"https:\/\/aromasentia.com\/de\/wp-json\/wp\/v2\/product\/241709\/revisions"}],"wp:featuredmedia":[{"embeddable":true,"href":"https:\/\/aromasentia.com\/de\/wp-json\/wp\/v2\/media\/642345"}],"wp:attachment":[{"href":"https:\/\/aromasentia.com\/de\/wp-json\/wp\/v2\/media?parent=241709"}],"wp:term":[{"taxonomy":"product_brand","embeddable":true,"href":"https:\/\/aromasentia.com\/de\/wp-json\/wp\/v2\/product_brand?post=241709"},{"taxonomy":"product_cat","embeddable":true,"href":"https:\/\/aromasentia.com\/de\/wp-json\/wp\/v2\/product_cat?post=241709"},{"taxonomy":"product_tag","embeddable":true,"href":"https:\/\/aromasentia.com\/de\/wp-json\/wp\/v2\/product_tag?post=241709"}],"curies":[{"name":"wp","href":"https:\/\/api.w.org\/{rel}","templated":true}]}}