{"id":241701,"date":"2025-03-20T16:14:01","date_gmt":"2025-03-20T16:14:01","guid":{"rendered":"https:\/\/aromasentia.com\/product\/hand-body-cream-japanese-bloom-300ml\/"},"modified":"2025-12-30T20:38:35","modified_gmt":"2025-12-30T20:38:35","slug":"hand-body-cream-japanese-bloom-300ml","status":"publish","type":"product","link":"https:\/\/aromasentia.com\/de\/hand-body-cream-japanese-bloom-300ml\/","title":{"rendered":"Hand &#038; Body Cream &#8211; Japanese Bloom &#8211; 300ml"},"content":{"rendered":"<p>Erleben Sie die zarte Eleganz Japans mit unserer Hand &#038; Body Cream &#8211; Japanese Bloom. Diese anmutige 300-ml-Creme spendet wohltuende Feuchtigkeit und hinterl\u00e4sst ein weiches, geschmeidiges und wunderbar gepflegtes Hautgef\u00fchl. Sie ist mit einem heiteren und subtilen Blumenbouquet angereichert, das an Kirschbl\u00fcten und friedliche G\u00e4rten erinnert, die Sinne beruhigt und ein Gef\u00fchl der achtsamen Ruhe f\u00f6rdert. Die sanfte, n\u00e4hrende Formel eignet sich perfekt f\u00fcr die t\u00e4gliche Anwendung und h\u00fcllt Ihre Haut in eine Aura von dezenter Sch\u00f6nheit und Ruhe.<\/p>\n","protected":false},"excerpt":{"rendered":"<p>Erleben Sie die zarte Eleganz Japans mit unserer Hand &#038; Body Cream &#8211; Japanese Bloom. Diese anmutige 300-ml-Creme spendet wohltuende Feuchtigkeit und hinterl\u00e4sst ein weiches, geschmeidiges und wunderbar gepflegtes Hautgef\u00fchl. Sie ist mit einem heiteren und subtilen Blumenbouquet angereichert, das an Kirschbl\u00fcten und friedliche G\u00e4rten erinnert, die Sinne beruhigt und ein Gef\u00fchl der achtsamen Ruhe [&hellip;]<\/p>\n","protected":false},"featured_media":642329,"comment_status":"closed","ping_status":"open","template":"","meta":{"_angie_page":false},"product_brand":[27086],"product_cat":[19448,20989],"product_tag":[],"class_list":{"0":"post-241701","1":"product","2":"type-product","3":"status-publish","4":"has-post-thumbnail","6":"product_brand-agnes-and-cat","7":"product_cat-bad-und-korper","8":"product_cat-korperpflege","9":"pa_collection-agnescat-hand-body-cream-de","10":"pa_made-in-vereinigtes-koenigreich","11":"pa_size-300ml","13":"first","14":"instock","15":"purchasable","16":"product-type-simple"},"supplier_id":null,"supplier_sku":"ACBC-03","barcode":null,"atum_controlled":true,"out_stock_date":null,"out_stock_threshold":null,"inheritable":false,"inbound_stock":null,"stock_on_hold":0,"sold_today":0,"sales_last_days":0,"reserved_stock":null,"customer_returns":null,"warehouse_damage":null,"lost_in_post":null,"other_logs":null,"out_stock_days":0,"lost_sales":0,"has_location":null,"update_date":"2026-04-27T06:49:08","atum_locations":[],"atum_stock_status":"instock","restock_status":false,"low_stock_amount":"","sales_update_date":"2026-01-30T01:24:23","calc_backorders":null,"_links":{"self":[{"href":"https:\/\/aromasentia.com\/de\/wp-json\/wp\/v2\/product\/241701","targetHints":{"allow":["GET"]}}],"collection":[{"href":"https:\/\/aromasentia.com\/de\/wp-json\/wp\/v2\/product"}],"about":[{"href":"https:\/\/aromasentia.com\/de\/wp-json\/wp\/v2\/types\/product"}],"replies":[{"embeddable":true,"href":"https:\/\/aromasentia.com\/de\/wp-json\/wp\/v2\/comments?post=241701"}],"version-history":[{"count":0,"href":"https:\/\/aromasentia.com\/de\/wp-json\/wp\/v2\/product\/241701\/revisions"}],"wp:featuredmedia":[{"embeddable":true,"href":"https:\/\/aromasentia.com\/de\/wp-json\/wp\/v2\/media\/642329"}],"wp:attachment":[{"href":"https:\/\/aromasentia.com\/de\/wp-json\/wp\/v2\/media?parent=241701"}],"wp:term":[{"taxonomy":"product_brand","embeddable":true,"href":"https:\/\/aromasentia.com\/de\/wp-json\/wp\/v2\/product_brand?post=241701"},{"taxonomy":"product_cat","embeddable":true,"href":"https:\/\/aromasentia.com\/de\/wp-json\/wp\/v2\/product_cat?post=241701"},{"taxonomy":"product_tag","embeddable":true,"href":"https:\/\/aromasentia.com\/de\/wp-json\/wp\/v2\/product_tag?post=241701"}],"curies":[{"name":"wp","href":"https:\/\/api.w.org\/{rel}","templated":true}]}}