{"id":241697,"date":"2025-03-20T16:14:01","date_gmt":"2025-03-20T16:14:01","guid":{"rendered":"https:\/\/aromasentia.com\/product\/hand-body-cream-moroccan-roll-300ml\/"},"modified":"2025-12-30T20:38:35","modified_gmt":"2025-12-30T20:38:35","slug":"hand-body-cream-moroccan-roll-300ml","status":"publish","type":"product","link":"https:\/\/aromasentia.com\/de\/hand-body-cream-moroccan-roll-300ml\/","title":{"rendered":"Hand &#038; Body Cream &#8211; Moroccan Roll &#8211; 300ml"},"content":{"rendered":"<p>Begeben Sie sich mit unserer Hand &#038; Body Cream &#8211; Moroccan Roll auf eine exotische Reise der Sinne. Diese opulente 300-ml-Creme spendet intensiv Feuchtigkeit und pflegt die Haut. Sie umh\u00fcllt sie mit einem reichen Duftteppich aus warmen, w\u00fcrzigen und faszinierenden Noten, die an marokkanische Basare erinnern. Die luxuri\u00f6se Textur verschmilzt mit der Haut, spendet ihr langanhaltende Feuchtigkeit und hinterl\u00e4sst sie seidig glatt und exotisch duftend. Verwandeln Sie Ihre t\u00e4gliche Hautpflege in ein luxuri\u00f6ses Ritual und verw\u00f6hnen Sie Ihre Sinne und Ihre Haut mit diesem bezaubernden und aromatischen Genuss.<\/p>\n","protected":false},"excerpt":{"rendered":"<p>Begeben Sie sich mit unserer Hand &#038; Body Cream &#8211; Moroccan Roll auf eine exotische Reise der Sinne. Diese opulente 300-ml-Creme spendet intensiv Feuchtigkeit und pflegt die Haut. Sie umh\u00fcllt sie mit einem reichen Duftteppich aus warmen, w\u00fcrzigen und faszinierenden Noten, die an marokkanische Basare erinnern. Die luxuri\u00f6se Textur verschmilzt mit der Haut, spendet ihr [&hellip;]<\/p>\n","protected":false},"featured_media":642321,"comment_status":"closed","ping_status":"open","template":"","meta":{"_angie_page":false},"product_brand":[27086],"product_cat":[19448,20989],"product_tag":[],"class_list":{"0":"post-241697","1":"product","2":"type-product","3":"status-publish","4":"has-post-thumbnail","6":"product_brand-agnes-and-cat","7":"product_cat-bad-und-korper","8":"product_cat-korperpflege","9":"pa_collection-agnescat-hand-body-cream-de","10":"pa_made-in-vereinigtes-koenigreich","11":"pa_size-300ml","13":"first","14":"instock","15":"purchasable","16":"product-type-simple"},"supplier_id":null,"supplier_sku":"ACBC-04","barcode":null,"atum_controlled":true,"out_stock_date":null,"out_stock_threshold":null,"inheritable":false,"inbound_stock":null,"stock_on_hold":0,"sold_today":0,"sales_last_days":0,"reserved_stock":null,"customer_returns":null,"warehouse_damage":null,"lost_in_post":null,"other_logs":null,"out_stock_days":0,"lost_sales":0,"has_location":null,"update_date":"2026-04-27T06:49:08","atum_locations":[],"atum_stock_status":"instock","restock_status":false,"low_stock_amount":"","sales_update_date":"2026-01-30T01:25:45","calc_backorders":null,"_links":{"self":[{"href":"https:\/\/aromasentia.com\/de\/wp-json\/wp\/v2\/product\/241697","targetHints":{"allow":["GET"]}}],"collection":[{"href":"https:\/\/aromasentia.com\/de\/wp-json\/wp\/v2\/product"}],"about":[{"href":"https:\/\/aromasentia.com\/de\/wp-json\/wp\/v2\/types\/product"}],"replies":[{"embeddable":true,"href":"https:\/\/aromasentia.com\/de\/wp-json\/wp\/v2\/comments?post=241697"}],"version-history":[{"count":0,"href":"https:\/\/aromasentia.com\/de\/wp-json\/wp\/v2\/product\/241697\/revisions"}],"wp:featuredmedia":[{"embeddable":true,"href":"https:\/\/aromasentia.com\/de\/wp-json\/wp\/v2\/media\/642321"}],"wp:attachment":[{"href":"https:\/\/aromasentia.com\/de\/wp-json\/wp\/v2\/media?parent=241697"}],"wp:term":[{"taxonomy":"product_brand","embeddable":true,"href":"https:\/\/aromasentia.com\/de\/wp-json\/wp\/v2\/product_brand?post=241697"},{"taxonomy":"product_cat","embeddable":true,"href":"https:\/\/aromasentia.com\/de\/wp-json\/wp\/v2\/product_cat?post=241697"},{"taxonomy":"product_tag","embeddable":true,"href":"https:\/\/aromasentia.com\/de\/wp-json\/wp\/v2\/product_tag?post=241697"}],"curies":[{"name":"wp","href":"https:\/\/api.w.org\/{rel}","templated":true}]}}