{"id":241693,"date":"2025-03-20T16:14:01","date_gmt":"2025-03-20T16:14:01","guid":{"rendered":"https:\/\/aromasentia.com\/product\/hand-body-cream-white-fig-300ml\/"},"modified":"2025-12-30T20:38:28","modified_gmt":"2025-12-30T20:38:28","slug":"hand-body-cream-white-fig-300ml","status":"publish","type":"product","link":"https:\/\/aromasentia.com\/de\/hand-body-cream-white-fig-300ml\/","title":{"rendered":"Hand &#038; Body Cream &#8211; White Fig &#8211; 300ml"},"content":{"rendered":"<p>G\u00f6nnen Sie sich den raffinierten Komfort unserer Hand &#038; Body Cream &#8211; White Fig. Diese reichhaltige Creme (300 ml) spendet intensive Feuchtigkeit und umschmeichelt Ihre Haut mit einer wunderbar ausgewogenen Mischung aus cremigen, dezent s\u00fc\u00dfen Feigennoten und frischen gr\u00fcnen Akzenten. Die n\u00e4hrende Formel zieht schnell ein und hinterl\u00e4sst ein samtig weiches, geschmeidiges Hautgef\u00fchl und einen zarten Duft mit einem Hauch von dezenter Eleganz. Perfekt f\u00fcr die t\u00e4gliche Verw\u00f6hnung, verwandelt sie die routinem\u00e4\u00dfige Feuchtigkeitspflege in einen Moment luxuri\u00f6ser, wohltuender Selbstf\u00fcrsorge.<\/p>\n","protected":false},"excerpt":{"rendered":"<p>G\u00f6nnen Sie sich den raffinierten Komfort unserer Hand &#038; Body Cream &#8211; White Fig. Diese reichhaltige Creme (300 ml) spendet intensive Feuchtigkeit und umschmeichelt Ihre Haut mit einer wunderbar ausgewogenen Mischung aus cremigen, dezent s\u00fc\u00dfen Feigennoten und frischen gr\u00fcnen Akzenten. Die n\u00e4hrende Formel zieht schnell ein und hinterl\u00e4sst ein samtig weiches, geschmeidiges Hautgef\u00fchl und einen [&hellip;]<\/p>\n","protected":false},"featured_media":642313,"comment_status":"closed","ping_status":"open","template":"","meta":{"_angie_page":false},"product_brand":[27086],"product_cat":[19448,20989],"product_tag":[],"class_list":{"0":"post-241693","1":"product","2":"type-product","3":"status-publish","4":"has-post-thumbnail","6":"product_brand-agnes-and-cat","7":"product_cat-bad-und-korper","8":"product_cat-korperpflege","9":"pa_collection-agnescat-hand-body-cream-de","10":"pa_made-in-vereinigtes-koenigreich","11":"pa_size-300ml","13":"first","14":"instock","15":"purchasable","16":"product-type-simple"},"supplier_id":null,"supplier_sku":"ACBC-05","barcode":null,"atum_controlled":true,"out_stock_date":null,"out_stock_threshold":null,"inheritable":false,"inbound_stock":null,"stock_on_hold":0,"sold_today":0,"sales_last_days":0,"reserved_stock":null,"customer_returns":null,"warehouse_damage":null,"lost_in_post":null,"other_logs":null,"out_stock_days":0,"lost_sales":0,"has_location":null,"update_date":"2026-05-04T00:02:48","atum_locations":[],"atum_stock_status":"instock","restock_status":false,"low_stock_amount":"","sales_update_date":"2026-01-30T01:25:45","calc_backorders":null,"_links":{"self":[{"href":"https:\/\/aromasentia.com\/de\/wp-json\/wp\/v2\/product\/241693","targetHints":{"allow":["GET"]}}],"collection":[{"href":"https:\/\/aromasentia.com\/de\/wp-json\/wp\/v2\/product"}],"about":[{"href":"https:\/\/aromasentia.com\/de\/wp-json\/wp\/v2\/types\/product"}],"replies":[{"embeddable":true,"href":"https:\/\/aromasentia.com\/de\/wp-json\/wp\/v2\/comments?post=241693"}],"version-history":[{"count":0,"href":"https:\/\/aromasentia.com\/de\/wp-json\/wp\/v2\/product\/241693\/revisions"}],"wp:featuredmedia":[{"embeddable":true,"href":"https:\/\/aromasentia.com\/de\/wp-json\/wp\/v2\/media\/642313"}],"wp:attachment":[{"href":"https:\/\/aromasentia.com\/de\/wp-json\/wp\/v2\/media?parent=241693"}],"wp:term":[{"taxonomy":"product_brand","embeddable":true,"href":"https:\/\/aromasentia.com\/de\/wp-json\/wp\/v2\/product_brand?post=241693"},{"taxonomy":"product_cat","embeddable":true,"href":"https:\/\/aromasentia.com\/de\/wp-json\/wp\/v2\/product_cat?post=241693"},{"taxonomy":"product_tag","embeddable":true,"href":"https:\/\/aromasentia.com\/de\/wp-json\/wp\/v2\/product_tag?post=241693"}],"curies":[{"name":"wp","href":"https:\/\/api.w.org\/{rel}","templated":true}]}}