{"id":241685,"date":"2025-03-20T16:14:01","date_gmt":"2025-03-20T16:14:01","guid":{"rendered":"https:\/\/aromasentia.com\/product\/bath-fizzer-tea-and-roses\/"},"modified":"2025-12-30T20:38:28","modified_gmt":"2025-12-30T20:38:28","slug":"bath-fizzer-tea-and-roses","status":"publish","type":"product","link":"https:\/\/aromasentia.com\/de\/bath-fizzer-tea-and-roses\/","title":{"rendered":"Bath Fizzer &#8211; Tea and Roses"},"content":{"rendered":"<p><span style=\"color: rgb(75, 80, 88);\"><strong>Tea &amp; Roses<\/strong>Bath Fizzers kombiniert das verf\u00fchrerische, reichhaltige Blumenaroma der Rosenbl\u00fcte mit der erfrischenden Note belebender gr\u00fcner Teebl\u00e4tter. Dieser vielschichtige Duft wird Ihre Sinne bet\u00f6ren! &nbsp;<\/span><\/p>\n<p><span style=\"color: rgb(75, 80, 88);\">Agnes and Cat Natural Bath Fizzes sind mit unseren Hausd\u00fcften parf\u00fcmiert und stellen eine sch\u00f6ne Alternative zu Badebomben dar.&nbsp;<\/span><\/p>\n<p><span style=\"color: rgb(75, 80, 88);\">Jeder Brausestab ist einzeln verpackt und <strong>kann ganz oder zerbrochen f\u00fcr zwei B\u00e4der verwendet werden<\/strong>.&nbsp;<\/span><\/p>\n<p><span style=\"color: rgb(75, 80, 88);\">Agnes and Cat Badesprudler sind alle<\/span><span style=\"color: rgb(149, 122, 101);\">&nbsp;<\/span><a href=\"https:\/\/aromasentia.com\/vegan\"><span style=\"color: rgb(149, 122, 101);\"><strong>veganfreundlich<\/strong><\/span><\/a><span style=\"color: rgb(75, 80, 88);\"><strong>.<\/strong><\/span><\/p>\n<p><span style=\"color: rgb(75, 80, 88);\">Bitte beachten Sie, dass das Gewicht und die Ma\u00dfe der Brausetabletten nur ungef\u00e4hre Angaben sind, da das Produkt handgefertigt ist.<\/span><\/p>\n<p><span style=\"color: rgb(141, 186, 216);\"><strong>Erweitern Sie Ihr Portfolio, gewinnen Sie neue Kunden und kaufen Sie, um f\u00fcr Ihre Kunden das ultimative Badezimmerparadies in Ihrem Gesch\u00e4ft zu schaffen.<\/strong><\/span><\/p>\n","protected":false},"excerpt":{"rendered":"<p>Tea &amp; RosesBath Fizzers kombiniert das verf\u00fchrerische, reichhaltige Blumenaroma der Rosenbl\u00fcte mit der erfrischenden Note belebender gr\u00fcner Teebl\u00e4tter. Dieser vielschichtige Duft wird Ihre Sinne bet\u00f6ren! &nbsp; Agnes and Cat Natural Bath Fizzes sind mit unseren Hausd\u00fcften parf\u00fcmiert und stellen eine sch\u00f6ne Alternative zu Badebomben dar.&nbsp; Jeder Brausestab ist einzeln verpackt und kann ganz oder zerbrochen [&hellip;]<\/p>\n","protected":false},"featured_media":271821,"comment_status":"closed","ping_status":"open","template":"","meta":{"_angie_page":false},"product_brand":[27086],"product_cat":[19448,20511,26833,25841,26370],"product_tag":[],"class_list":{"0":"post-241685","1":"product","2":"type-product","3":"status-publish","4":"has-post-thumbnail","6":"product_brand-agnes-and-cat","7":"product_cat-bad-und-korper","8":"product_cat-badebomben-badekugeln","9":"product_cat-blumig","10":"product_cat-dufte-aromen","11":"product_cat-rosen","12":"pa_collection-ac-fizzer-bath-bombs-two-in-one-de","13":"pa_made-in-vereinigtes-koenigreich","15":"first","16":"instock","17":"purchasable","18":"product-type-simple"},"supplier_id":null,"supplier_sku":"ACBB-14DS","barcode":null,"atum_controlled":true,"out_stock_date":null,"out_stock_threshold":null,"inheritable":false,"inbound_stock":null,"stock_on_hold":0,"sold_today":0,"sales_last_days":0,"reserved_stock":null,"customer_returns":null,"warehouse_damage":null,"lost_in_post":null,"other_logs":null,"out_stock_days":0,"lost_sales":0,"has_location":null,"update_date":"2026-04-27T06:49:05","atum_locations":[],"atum_stock_status":"instock","restock_status":false,"low_stock_amount":"","sales_update_date":"2026-01-30T01:25:43","calc_backorders":null,"_links":{"self":[{"href":"https:\/\/aromasentia.com\/de\/wp-json\/wp\/v2\/product\/241685","targetHints":{"allow":["GET"]}}],"collection":[{"href":"https:\/\/aromasentia.com\/de\/wp-json\/wp\/v2\/product"}],"about":[{"href":"https:\/\/aromasentia.com\/de\/wp-json\/wp\/v2\/types\/product"}],"replies":[{"embeddable":true,"href":"https:\/\/aromasentia.com\/de\/wp-json\/wp\/v2\/comments?post=241685"}],"version-history":[{"count":0,"href":"https:\/\/aromasentia.com\/de\/wp-json\/wp\/v2\/product\/241685\/revisions"}],"wp:featuredmedia":[{"embeddable":true,"href":"https:\/\/aromasentia.com\/de\/wp-json\/wp\/v2\/media\/271821"}],"wp:attachment":[{"href":"https:\/\/aromasentia.com\/de\/wp-json\/wp\/v2\/media?parent=241685"}],"wp:term":[{"taxonomy":"product_brand","embeddable":true,"href":"https:\/\/aromasentia.com\/de\/wp-json\/wp\/v2\/product_brand?post=241685"},{"taxonomy":"product_cat","embeddable":true,"href":"https:\/\/aromasentia.com\/de\/wp-json\/wp\/v2\/product_cat?post=241685"},{"taxonomy":"product_tag","embeddable":true,"href":"https:\/\/aromasentia.com\/de\/wp-json\/wp\/v2\/product_tag?post=241685"}],"curies":[{"name":"wp","href":"https:\/\/api.w.org\/{rel}","templated":true}]}}