{"id":241657,"date":"2025-03-20T16:15:57","date_gmt":"2025-03-20T16:15:57","guid":{"rendered":"https:\/\/aromasentia.com\/product\/gift-box-fresh-citrus-candle-clementine-mor-roll-fizz\/"},"modified":"2025-12-30T20:38:28","modified_gmt":"2025-12-30T20:38:28","slug":"geschenkbox-frische-zitrusfruechte-kerze-clementine-mor-roll-badebombe","status":"publish","type":"product","link":"https:\/\/aromasentia.com\/de\/geschenkbox-frische-zitrusfruechte-kerze-clementine-mor-roll-badebombe\/","title":{"rendered":"Geschenkbox \u2013 Frische Zitrusfr\u00fcchte (Kerze) + Clementine &#038; Mor.Roll (Badebombe)"},"content":{"rendered":"<p style=\"text-align: center;\"><span style=\"color: rgb(251, 160, 38);\"><strong>Marmeladenglaskerze \u201eFrische Zitrusfr\u00fcchte\u201c + Badezusatz \u201eClementine\u201c + Badezusatz &#39;&#39;Marokkanische Rolle&#39;&#39;<\/strong><\/span> <\/p>\n<p><span style=\"color: rgb(75, 80, 88);\"><strong>Das perfekte Geschenk f\u00fcr jeden Anlass!<\/strong><\/span><\/p>\n<p><span style=\"color: rgb(75, 80, 88);\">Diese wundersch\u00f6n verpackten Geschenkboxen sind ideal f\u00fcr Weihnachten, Geburtstage, Jubil\u00e4en oder andere besondere Anl\u00e4sse.<\/span><\/p>\n<p><span style=\"color: rgb(75, 80, 88);\"><strong>Was macht sie besonders?<\/strong><\/span><\/p>\n<p><span style=\"color: rgb(75, 80, 88);\">Das Geschenkpapier wurde exklusiv f\u00fcr Agnes + Cat entworfen &ndash; Sie werden es nirgendwo anders finden!<\/span><\/p>\n<p><span style=\"color: rgb(75, 80, 88);\"><strong>In jeder Box<\/strong><\/span><\/p>\n<p><span style=\"color: rgb(75, 80, 88);\"><em>2 x Badebomben:<\/em><\/span><\/p>\n<ul style=\"--tw-border-spacing-x: 0; --tw-border-spacing-y: 0; --tw-translate-x: 0; --tw-translate-y: 0; --tw-rotate: 0; --tw-skew-x: 0; --tw-skew-y: 0; --tw-scale-x: 1; --tw-scale-y: 1; --tw-pan-x: ; --tw-pan-y: ; --tw-pinch-zoom: ; --tw-scroll-snap-strictness: N\u00e4he; --tw-gradient-from-position: ; --tw-gradient-via-position: ; --tw-gradient-to-position: ; --tw-ordinal: ; --tw-slashed-zero: ; --tw-numeric-figure: ; --tw-numeric-spacing: ; --tw-numeric-fraction: ; --tw-ring-inset: ; --tw-ring-offset-width: 0px; --tw-ring-offset-color: #fff; --tw-ring-color: rgb(59 130 246 \/ 0.5); --tw-ring-offset-shadow: 0 0 #0000; --tw-ring-shadow: 0 0 #0000; --tw-shadow: 0 0 #0000; --tw-shadow-colored: 0 0 #0000; --tw-blur: ; --tw-brightness: ; --tw-contrast: ; --tw-grayscale: ; --tw-hue-rotate: ; --tw-invert: ; --tw-saturate: ; --tw-sepia: ; --tw-drop-shadow: ; --tw-backdrop-blur: ; --tw-backdrop-brightness: ; --tw-backdrop-contrast: ; --tw-backdrop-grayscale: ; --tw-backdrop-hue-rotate: ; --tw-backdrop-invert: ; --tw-backdrop-opacity: ; --tw-backdrop-saturate: ; --tw-backdrop-sepia: ; --tw-contain-size: ; --tw-contain-layout: ; --tw-contain-paint: ; --tw-contain-style: ; Polsterung: 0px; Farbe: rgb(114, 114, 114); Schriftfamilie: Raleway, serifenlos; Schriftgr\u00f6\u00dfe: 15px; Schriftstil: normal; Schriftvarianten-Ligaturen: normal; Schriftvarianten-Gro\u00dfbuchstaben: normal; Schriftst\u00e4rke: 400; Buchstabenabstand: normal; Waisen: 2; Textausrichtung: Start; Texteinzug: 0px; Texttransformation: keine; Hurenkinder: 2; Wortabstand: 0px; -webkit-Textstrichbreite: 0px; Leerraum: normal; Textdekorationsdicke: initial; Textdekorationsstil: initial; Textdekorationsfarbe: initial; Hintergrundfarbe: rgb(255, 255, 255);\">\n<li style=\"--tw-border-spacing-x: 0; --tw-border-spacing-y: 0; --tw-translate-x: 0; --tw-translate-y: 0; --tw-rotate: 0; --tw-skew-x: 0; --tw-skew-y: 0; --tw-scale-x: 1; --tw-scale-y: 1; --tw-pan-x: ; --tw-pan-y: ; --tw-pinch-zoom: ; --tw-scroll-snap-strictness: proximity; --tw-gradient-from-position: ; --tw-gradient-via-position: ; --tw-gradient-to-position: ; --tw-ordinal: ; --tw-slashed-zero: ; --tw-numeric-figure: ; --tw-numeric-spacing: ; --tw-numeric-fraction: ; --tw-ring-inset: ; --tw-ring-offset-width: 0px; --tw-ring-offset-color: #fff; --tw-ring-color: rgb(59 130 246 \/ 0.5); --tw-ring-offset-shadow: 0 0 #0000; --tw-ring-shadow: 0 0 #0000; --tw-shadow: 0 0 #0000; --tw-shadow-colored: 0 0 #0000; --tw-blur: ; --tw-brightness: ; --tw-contrast: ; --tw-grayscale: ; --tw-hue-rotate: ; --tw-invert: ; --tw-saturate: ; --tw-sepia: ; --tw-drop-shadow: ; --tw-backdrop-blur: ; --tw-backdrop-brightness: ; --tw-backdrop-contrast: ; --tw-backdrop-grayscale: ; --tw-backdrop-hue-rotate: ; --tw-backdrop-invert: ; --tw-backdrop-opacity: ; --tw-backdrop-saturate: ; --tw-backdrop-sepia: ; --tw-contain-size: ; --tw-contain-layout: ; --tw-contain-paint: ; --tw-contain-style: ;\"><span style=\"color: rgb(75, 80, 88);\">Mit typischen Hausd\u00fcften parf\u00fcmiert.<\/span><\/li>\n<li style=\"--tw-border-spacing-x: 0; --tw-border-spacing-y: 0; --tw-translate-x: 0; --tw-translate-y: 0; --tw-rotate: 0; --tw-skew-x: 0; --tw-skew-y: 0; --tw-scale-x: 1; --tw-scale-y: 1; --tw-pan-x: ; --tw-pan-y: ; --tw-pinch-zoom: ; --tw-scroll-snap-strictness: N\u00e4he; --tw-gradient-from-position: ; --tw-gradient-via-position: ; --tw-gradient-to-position: ; --tw-ordinal: ; --tw-slashed-zero: ; --tw-numeric-figure: ; --tw-numeric-spacing: ; --tw-numeric-fraction: ; --tw-ring-inset: ; --tw-ring-offset-width: 0px; --tw-ring-offset-color: #fff; --tw-ring-color: rgb(59 130 246 \/ 0.5); --tw-ring-offset-shadow: 0 0 #0000; --tw-ring-shadow: 0 0 #0000; --tw-shadow: 0 0 #0000; --tw-shadow-colored: 0 0 #0000; --tw-blur: ; --tw-brightness: ; --tw-contrast: ; --tw-grayscale: ; --tw-hue-rotate: ; --tw-invert: ; --tw-saturate: ; --tw-sepia: ; --tw-drop-shadow: ; --tw-backdrop-blur: ; --tw-backdrop-brightness: ; --tw-backdrop-contrast: ; --tw-backdrop-grayscale: ; --tw-backdrop-hue-rotate: ; --tw-backdrop-invert: ; --tw-backdrop-opacity: ; --tw-backdrop-saturate: ; --tw-backdrop-sepia: ; --tw-contain-size: ; --tw-contain-layout: ; --tw-contain-paint: ; --tw-contain-style: ;\"><span style=\"color: rgb(75, 80, 88);\">Hergestellt mit einem Hauch Kokosbutter f\u00fcr ein luxuri\u00f6ses, feuchtigkeitsspendendes Bad.<\/span><\/li>\n<li style=\"--tw-border-spacing-x: 0; --tw-border-spacing-y: 0; --tw-translate-x: 0; --tw-translate-y: 0; --tw-rotate: 0; --tw-skew-x: 0; --tw-skew-y: 0; --tw-scale-x: 1; --tw-scale-y: 1; --tw-pan-x: ; --tw-pan-y: ; --tw-pinch-zoom: ; --tw-scroll-snap-strictness: N\u00e4he; --tw-gradient-from-position: ; --tw-gradient-via-position: ; --tw-gradient-to-position: ; --tw-ordinal: ; --tw-slashed-zero: ; --tw-numeric-figure: ; --tw-numeric-spacing: ; --tw-numeric-fraction: ; --tw-ring-inset: ; --tw-ring-offset-width: 0px; --tw-ring-offset-color: #fff; --tw-ring-color: rgb(59 130 246 \/ 0.5); --tw-ring-offset-shadow: 0 0 #0000; --tw-ring-shadow: 0 0 #0000; --tw-shadow: 0 0 #0000; --tw-shadow-colored: 0 0 #0000; --tw-blur: ; --tw-brightness: ; --tw-contrast: ; --tw-grayscale: ; --tw-hue-rotate: ; --tw-invert: ; --tw-saturate: ; --tw-sepia: ; --tw-drop-shadow: ; --tw-backdrop-blur: ; --tw-backdrop-brightness: ; --tw-backdrop-contrast: ; --tw-backdrop-grayscale: ; --tw-backdrop-hue-rotate: ; --tw-backdrop-invert: ; --tw-backdrop-opacity: ; --tw-backdrop-saturate: ; --tw-backdrop-sepia: ; --tw-contain-size: ; --tw-contain-layout: ; --tw-contain-paint: ; --tw-contain-style: ;\"><span style=\"color: rgb(75, 80, 88);\">Jeder Brausestab kann ganz oder f\u00fcr zwei B\u00e4der verwendet werden und ist einzeln verpackt.<\/span><\/li>\n<\/ul>\n<p><span style=\"color: rgb(75, 80, 88);\"><em>1 x Marmeladenglaskerze:<\/em><\/span><\/p>\n<ul style=\"--tw-border-spacing-x: 0; --tw-border-spacing-y: 0; --tw-translate-x: 0; --tw-translate-y: 0; --tw-rotate: 0; --tw-skew-x: 0; --tw-skew-y: 0; --tw-scale-x: 1; --tw-scale-y: 1; --tw-pan-x: ; --tw-pan-y: ; --tw-pinch-zoom: ; --tw-scroll-snap-strictness: N\u00e4he; --tw-gradient-from-position: ; --tw-gradient-via-position: ; --tw-gradient-to-position: ; --tw-ordinal: ; --tw-slashed-zero: ; --tw-numeric-figure: ; --tw-numeric-spacing: ; --tw-numeric-fraction: ; --tw-ring-inset: ; --tw-ring-offset-width: 0px; --tw-ring-offset-color: #fff; --tw-ring-color: rgb(59 130 246 \/ 0.5); --tw-ring-offset-shadow: 0 0 #0000; --tw-ring-shadow: 0 0 #0000; --tw-shadow: 0 0 #0000; --tw-shadow-colored: 0 0 #0000; --tw-blur: ; --tw-brightness: ; --tw-contrast: ; --tw-grayscale: ; --tw-hue-rotate: ; --tw-invert: ; --tw-saturate: ; --tw-sepia: ; --tw-drop-shadow: ; --tw-backdrop-blur: ; --tw-backdrop-brightness: ; --tw-backdrop-contrast: ; --tw-backdrop-grayscale: ; --tw-backdrop-hue-rotate: ; --tw-backdrop-invert: ; --tw-backdrop-opacity: ; --tw-backdrop-saturate: ; --tw-backdrop-sepia: ; --tw-contain-size: ; --tw-contain-layout: ; --tw-contain-paint: ; --tw-contain-style: ; Polsterung: 0px; Farbe: rgb(114, 114, 114); Schriftfamilie: Raleway, serifenlos; Schriftgr\u00f6\u00dfe: 15px; Schriftstil: normal; Schriftvarianten-Ligaturen: normal; Schriftvarianten-Gro\u00dfbuchstaben: normal; Schriftst\u00e4rke: 400; Buchstabenabstand: normal; Waisen: 2; Textausrichtung: Start; Texteinzug: 0px; Texttransformation: keine; Hurenkinder: 2; Wortabstand: 0px; -webkit-text-stroke-width: 0px; Leerraum: normal; Textdekorationsdicke: initial; Textdekorationsstil: initial; Textdekorationsfarbe: initial; Hintergrundfarbe: rgb(255, 255, 255);\">\n<li style=\"--tw-border-spacing-x: 0; --tw-border-spacing-y: 0; --tw-translate-x: 0; --tw-translate-y: 0; --tw-rotate: 0; --tw-skew-x: 0; --tw-skew-y: 0; --tw-scale-x: 1; --tw-scale-y: 1; --tw-pan-x: ; --tw-pan-y: ; --tw-pinch-zoom: ; --tw-scroll-snap-strictness: N\u00e4he; --tw-gradient-from-position: ; --tw-gradient-via-position: ; --tw-gradient-to-position: ; --tw-ordinal: ; --tw-slashed-zero: ; --tw-numeric-figure: ; --tw-numeric-spacing: ; --tw-numeric-fraction: ; --tw-ring-inset: ; --tw-ring-offset-width: 0px; --tw-ring-offset-color: #fff; --tw-ring-color: rgb(59 130 246 \/ 0.5); --tw-ring-offset-shadow: 0 0 #0000; --tw-ring-shadow: 0 0 #0000; --tw-shadow: 0 0 #0000; --tw-shadow-colored: 0 0 #0000; --tw-blur: ; --tw-brightness: ; --tw-contrast: ; --tw-grayscale: ; --tw-hue-rotate: ; --tw-invert: ; --tw-saturate: ; --tw-sepia: ; --tw-drop-shadow: ; --tw-backdrop-blur: ; --tw-backdrop-brightness: ; --tw-backdrop-contrast: ; --tw-backdrop-grayscale: ; --tw-backdrop-hue-rotate: ; --tw-backdrop-invert: ; --tw-backdrop-opacity: ; --tw-backdrop-saturate: ; --tw-backdrop-sepia: ; --tw-contain-size: ; --tw-contain-layout: ; --tw-contain-paint: ; --tw-contain-style: ;\"><span style=\"color: rgb(75, 80, 88);\">Hergestellt mit nat\u00fcrlichem Sojawachs.<\/span><\/li>\n<li style=\"--tw-border-spacing-x: 0; --tw-border-spacing-y: 0; --tw-translate-x: 0; --tw-translate-y: 0; --tw-rotate: 0; --tw-skew-x: 0; --tw-skew-y: 0; --tw-scale-x: 1; --tw-scale-y: 1; --tw-pan-x: ; --tw-pan-y: ; --tw-pinch-zoom: ; --tw-scroll-snap-strictness: N\u00e4he; --tw-gradient-from-position: ; --tw-gradient-via-position: ; --tw-gradient-to-position: ; --tw-ordinal: ; --tw-slashed-zero: ; --tw-numeric-figure: ; --tw-numeric-spacing: ; --tw-numeric-fraction: ; --tw-ring-inset: ; --tw-ring-offset-width: 0px; --tw-ring-offset-color: #fff; --tw-ring-color: rgb(59 130 246 \/ 0.5); --tw-ring-offset-shadow: 0 0 #0000; --tw-ring-shadow: 0 0 #0000; --tw-shadow: 0 0 #0000; --tw-shadow-colored: 0 0 #0000; --tw-blur: ; --tw-brightness: ; --tw-contrast: ; --tw-grayscale: ; --tw-hue-rotate: ; --tw-invert: ; --tw-saturate: ; --tw-sepia: ; --tw-drop-shadow: ; --tw-backdrop-blur: ; --tw-backdrop-brightness: ; --tw-backdrop-contrast: ; --tw-backdrop-grayscale: ; --tw-backdrop-hue-rotate: ; --tw-backdrop-invert: ; --tw-backdrop-opacity: ; --tw-backdrop-saturate: ; --tw-backdrop-sepia: ; --tw-contain-size: ; --tw-contain-layout: ; --tw-contain-paint: ; --tw-contain-style: ;\"><span style=\"color: rgb(75, 80, 88);\">Angereichert mit einer Mischung aus nat\u00fcrlichen \u00e4therischen \u00d6len und hochwertigen Duft\u00f6len f\u00fcr ein herrliches Aroma.<\/span><\/li>\n<\/ul>\n<p><span style=\"color: rgb(75, 80, 88);\"><strong>Machen Sie Ihren Kunden ein unvergessliches Erlebnis mit Agnes+Cat!<\/strong><\/span><\/p>\n","protected":false},"excerpt":{"rendered":"<p>Marmeladenglaskerze \u201eFrische Zitrusfr\u00fcchte\u201c + Badezusatz \u201eClementine\u201c + Badezusatz &#39;&#39;Marokkanische Rolle&#39;&#39; Das perfekte Geschenk f\u00fcr jeden Anlass! Diese wundersch\u00f6n verpackten Geschenkboxen sind ideal f\u00fcr Weihnachten, Geburtstage, Jubil\u00e4en oder andere besondere Anl\u00e4sse. Was macht sie besonders? Das Geschenkpapier wurde exklusiv f\u00fcr Agnes + Cat entworfen &ndash; Sie werden es nirgendwo anders finden! In jeder Box 2 x [&hellip;]<\/p>\n","protected":false},"featured_media":272042,"comment_status":"closed","ping_status":"open","template":"","meta":[],"product_brand":[27086],"product_cat":[19448,20511,25841,19992,20512],"product_tag":[],"class_list":{"0":"post-241657","1":"product","2":"type-product","3":"status-publish","4":"has-post-thumbnail","6":"product_brand-agnes-and-cat","7":"product_cat-bad-und-korper","8":"product_cat-badebomben-badekugeln","9":"product_cat-dufte-aromen","10":"product_cat-duftkerzen-und-sojawachskerzen","11":"product_cat-geschenksets","12":"pa_collection-agnescat-gift-boxes-de","13":"pa_made-in-vereinigtes-koenigreich","15":"first","16":"outofstock","17":"purchasable","18":"product-type-simple"},"supplier_id":null,"supplier_sku":"ACGP-03","barcode":null,"atum_controlled":true,"out_stock_date":"2025-12-11 15:38:57","out_stock_threshold":null,"inheritable":false,"inbound_stock":null,"stock_on_hold":0,"sold_today":0,"sales_last_days":0,"reserved_stock":null,"customer_returns":null,"warehouse_damage":null,"lost_in_post":null,"other_logs":null,"out_stock_days":56,"lost_sales":0,"has_location":null,"update_date":"2026-02-06T00:00:55","atum_locations":[],"atum_stock_status":"outofstock","restock_status":false,"low_stock_amount":"","sales_update_date":"2026-02-06T00:00:55","calc_backorders":null,"_links":{"self":[{"href":"https:\/\/aromasentia.com\/de\/wp-json\/wp\/v2\/product\/241657","targetHints":{"allow":["GET"]}}],"collection":[{"href":"https:\/\/aromasentia.com\/de\/wp-json\/wp\/v2\/product"}],"about":[{"href":"https:\/\/aromasentia.com\/de\/wp-json\/wp\/v2\/types\/product"}],"replies":[{"embeddable":true,"href":"https:\/\/aromasentia.com\/de\/wp-json\/wp\/v2\/comments?post=241657"}],"version-history":[{"count":0,"href":"https:\/\/aromasentia.com\/de\/wp-json\/wp\/v2\/product\/241657\/revisions"}],"wp:featuredmedia":[{"embeddable":true,"href":"https:\/\/aromasentia.com\/de\/wp-json\/wp\/v2\/media\/272042"}],"wp:attachment":[{"href":"https:\/\/aromasentia.com\/de\/wp-json\/wp\/v2\/media?parent=241657"}],"wp:term":[{"taxonomy":"product_brand","embeddable":true,"href":"https:\/\/aromasentia.com\/de\/wp-json\/wp\/v2\/product_brand?post=241657"},{"taxonomy":"product_cat","embeddable":true,"href":"https:\/\/aromasentia.com\/de\/wp-json\/wp\/v2\/product_cat?post=241657"},{"taxonomy":"product_tag","embeddable":true,"href":"https:\/\/aromasentia.com\/de\/wp-json\/wp\/v2\/product_tag?post=241657"}],"curies":[{"name":"wp","href":"https:\/\/api.w.org\/{rel}","templated":true}]}}