{"id":241645,"date":"2025-03-20T16:15:57","date_gmt":"2025-03-20T16:15:57","guid":{"rendered":"https:\/\/aromasentia.com\/product\/red-clay-face-mask-80g\/"},"modified":"2025-12-30T20:38:21","modified_gmt":"2025-12-30T20:38:21","slug":"red-clay-face-mask-80g","status":"publish","type":"product","link":"https:\/\/aromasentia.com\/de\/red-clay-face-mask-80g\/","title":{"rendered":"Red Clay Face Mask 80g"},"content":{"rendered":"<p>Revitalisieren und erhellen Sie reife oder m\u00fcde Haut mit unserer Gesichtsmaske aus roter Tonerde. Dieser 80-g-Topf enth\u00e4lt reichhaltige rote Tonerde, die f\u00fcr ihren hohen Gehalt an Eisenoxid bekannt ist und das Erscheinungsbild der Haut erfrischt und revitalisiert. Sie eignet sich hervorragend, um den Hautton zu verbessern, Schwellungen zu reduzieren und ein gesundes Strahlen zu f\u00f6rdern. Rote Tonerde ist besonders vorteilhaft f\u00fcr normale bis trockene oder reife Hauttypen, da sie sanft reinigt und weich macht, ohne die Haut auszutrocknen, so dass Ihr Teint strahlend aussieht und sich wunderbar glatt anf\u00fchlt.<\/p>\n","protected":false},"excerpt":{"rendered":"<p>Revitalisieren und erhellen Sie reife oder m\u00fcde Haut mit unserer Gesichtsmaske aus roter Tonerde. Dieser 80-g-Topf enth\u00e4lt reichhaltige rote Tonerde, die f\u00fcr ihren hohen Gehalt an Eisenoxid bekannt ist und das Erscheinungsbild der Haut erfrischt und revitalisiert. Sie eignet sich hervorragend, um den Hautton zu verbessern, Schwellungen zu reduzieren und ein gesundes Strahlen zu f\u00f6rdern. [&hellip;]<\/p>\n","protected":false},"featured_media":271935,"comment_status":"closed","ping_status":"open","template":"","meta":{"_angie_page":false},"product_brand":[27086],"product_cat":[19448,20885],"product_tag":[],"class_list":{"0":"post-241645","1":"product","2":"type-product","3":"status-publish","4":"has-post-thumbnail","6":"product_brand-agnes-and-cat","7":"product_cat-bad-und-korper","8":"product_cat-hautpflege","9":"pa_collection-ac-natural-clay-face-masks-de","10":"pa_made-in-frankreich","11":"pa_size-80g","13":"first","14":"instock","15":"purchasable","16":"product-type-simple"},"supplier_id":null,"supplier_sku":"ACFM-01DS","barcode":null,"atum_controlled":true,"out_stock_date":null,"out_stock_threshold":null,"inheritable":false,"inbound_stock":null,"stock_on_hold":0,"sold_today":0,"sales_last_days":0,"reserved_stock":null,"customer_returns":null,"warehouse_damage":null,"lost_in_post":null,"other_logs":null,"out_stock_days":0,"lost_sales":0,"has_location":null,"update_date":"2026-04-27T06:49:16","atum_locations":[],"atum_stock_status":"instock","restock_status":false,"low_stock_amount":"","sales_update_date":"2026-02-06T00:02:09","calc_backorders":null,"_links":{"self":[{"href":"https:\/\/aromasentia.com\/de\/wp-json\/wp\/v2\/product\/241645","targetHints":{"allow":["GET"]}}],"collection":[{"href":"https:\/\/aromasentia.com\/de\/wp-json\/wp\/v2\/product"}],"about":[{"href":"https:\/\/aromasentia.com\/de\/wp-json\/wp\/v2\/types\/product"}],"replies":[{"embeddable":true,"href":"https:\/\/aromasentia.com\/de\/wp-json\/wp\/v2\/comments?post=241645"}],"version-history":[{"count":0,"href":"https:\/\/aromasentia.com\/de\/wp-json\/wp\/v2\/product\/241645\/revisions"}],"wp:featuredmedia":[{"embeddable":true,"href":"https:\/\/aromasentia.com\/de\/wp-json\/wp\/v2\/media\/271935"}],"wp:attachment":[{"href":"https:\/\/aromasentia.com\/de\/wp-json\/wp\/v2\/media?parent=241645"}],"wp:term":[{"taxonomy":"product_brand","embeddable":true,"href":"https:\/\/aromasentia.com\/de\/wp-json\/wp\/v2\/product_brand?post=241645"},{"taxonomy":"product_cat","embeddable":true,"href":"https:\/\/aromasentia.com\/de\/wp-json\/wp\/v2\/product_cat?post=241645"},{"taxonomy":"product_tag","embeddable":true,"href":"https:\/\/aromasentia.com\/de\/wp-json\/wp\/v2\/product_tag?post=241645"}],"curies":[{"name":"wp","href":"https:\/\/api.w.org\/{rel}","templated":true}]}}