{"id":241641,"date":"2025-03-20T16:15:57","date_gmt":"2025-03-20T16:15:57","guid":{"rendered":"https:\/\/aromasentia.com\/product\/green-clay-face-mask-80g\/"},"modified":"2025-12-30T20:38:21","modified_gmt":"2025-12-30T20:38:21","slug":"green-clay-face-mask-80g","status":"publish","type":"product","link":"https:\/\/aromasentia.com\/de\/green-clay-face-mask-80g\/","title":{"rendered":"Green Clay Face Mask 80g"},"content":{"rendered":"<p>Balancieren und entgiften Sie Ihre Haut mit unserer Gesichtsmaske aus gr\u00fcner Tonerde. Dieser 80-g-Beh\u00e4lter mit franz\u00f6sischer Gr\u00fcner Tonerde ist f\u00fcr seine starken absorbierenden Eigenschaften bekannt, die ihn f\u00fcr fettige Haut, Mischhaut und zu Unreinheiten neigende Haut sehr effektiv machen. Sie wirkt wie ein Magnet, der Unreinheiten, Giftstoffe und \u00fcbersch\u00fcssiges Fett aus den Poren zieht und gleichzeitig ein sanftes Peeling bewirkt. Bei regelm\u00e4\u00dfiger Anwendung wird die Haut gestrafft, gekl\u00e4rt und revitalisiert, so dass sie sich frisch, sauber und sch\u00f6n ausgeglichen anf\u00fchlt und ein gesundes Strahlen erh\u00e4lt.<\/p>\n","protected":false},"excerpt":{"rendered":"<p>Balancieren und entgiften Sie Ihre Haut mit unserer Gesichtsmaske aus gr\u00fcner Tonerde. Dieser 80-g-Beh\u00e4lter mit franz\u00f6sischer Gr\u00fcner Tonerde ist f\u00fcr seine starken absorbierenden Eigenschaften bekannt, die ihn f\u00fcr fettige Haut, Mischhaut und zu Unreinheiten neigende Haut sehr effektiv machen. Sie wirkt wie ein Magnet, der Unreinheiten, Giftstoffe und \u00fcbersch\u00fcssiges Fett aus den Poren zieht und [&hellip;]<\/p>\n","protected":false},"featured_media":271926,"comment_status":"closed","ping_status":"open","template":"","meta":{"_angie_page":false},"product_brand":[27086],"product_cat":[19448,20885],"product_tag":[],"class_list":{"0":"post-241641","1":"product","2":"type-product","3":"status-publish","4":"has-post-thumbnail","6":"product_brand-agnes-and-cat","7":"product_cat-bad-und-korper","8":"product_cat-hautpflege","9":"pa_collection-ac-natural-clay-face-masks-de","10":"pa_made-in-frankreich","11":"pa_size-80g","13":"first","14":"instock","15":"purchasable","16":"product-type-simple"},"supplier_id":null,"supplier_sku":"ACFM-02DS","barcode":null,"atum_controlled":true,"out_stock_date":null,"out_stock_threshold":null,"inheritable":false,"inbound_stock":null,"stock_on_hold":0,"sold_today":0,"sales_last_days":0,"reserved_stock":null,"customer_returns":null,"warehouse_damage":null,"lost_in_post":null,"other_logs":null,"out_stock_days":0,"lost_sales":0,"has_location":null,"update_date":"2026-04-27T06:49:16","atum_locations":[],"atum_stock_status":"instock","restock_status":false,"low_stock_amount":"","sales_update_date":"2026-01-30T01:25:58","calc_backorders":null,"_links":{"self":[{"href":"https:\/\/aromasentia.com\/de\/wp-json\/wp\/v2\/product\/241641","targetHints":{"allow":["GET"]}}],"collection":[{"href":"https:\/\/aromasentia.com\/de\/wp-json\/wp\/v2\/product"}],"about":[{"href":"https:\/\/aromasentia.com\/de\/wp-json\/wp\/v2\/types\/product"}],"replies":[{"embeddable":true,"href":"https:\/\/aromasentia.com\/de\/wp-json\/wp\/v2\/comments?post=241641"}],"version-history":[{"count":0,"href":"https:\/\/aromasentia.com\/de\/wp-json\/wp\/v2\/product\/241641\/revisions"}],"wp:featuredmedia":[{"embeddable":true,"href":"https:\/\/aromasentia.com\/de\/wp-json\/wp\/v2\/media\/271926"}],"wp:attachment":[{"href":"https:\/\/aromasentia.com\/de\/wp-json\/wp\/v2\/media?parent=241641"}],"wp:term":[{"taxonomy":"product_brand","embeddable":true,"href":"https:\/\/aromasentia.com\/de\/wp-json\/wp\/v2\/product_brand?post=241641"},{"taxonomy":"product_cat","embeddable":true,"href":"https:\/\/aromasentia.com\/de\/wp-json\/wp\/v2\/product_cat?post=241641"},{"taxonomy":"product_tag","embeddable":true,"href":"https:\/\/aromasentia.com\/de\/wp-json\/wp\/v2\/product_tag?post=241641"}],"curies":[{"name":"wp","href":"https:\/\/api.w.org\/{rel}","templated":true}]}}