{"id":241637,"date":"2025-03-20T16:15:57","date_gmt":"2025-03-20T16:15:57","guid":{"rendered":"https:\/\/aromasentia.com\/product\/pink-clay-face-mask-50g\/"},"modified":"2025-12-30T20:38:21","modified_gmt":"2025-12-30T20:38:21","slug":"pink-clay-face-mask-50g","status":"publish","type":"product","link":"https:\/\/aromasentia.com\/de\/pink-clay-face-mask-50g\/","title":{"rendered":"Pink Clay Face Mask 50g"},"content":{"rendered":"<p>Reinigen und beruhigen Sie empfindliche Haut sanft mit unserer Gesichtsmaske aus rosa Tonerde. Dieser 50-g-Topf enth\u00e4lt zarte rosa Tonerde, die f\u00fcr ihre milden Peeling- und Hauterweichungseigenschaften bekannt ist. Sie ist reich an Kieselerde und tr\u00e4gt dazu bei, die Elastizit\u00e4t der Haut und die Zellerneuerung zu verbessern, was sie ideal f\u00fcr empfindliche, reife oder trockene Hauttypen macht. Es entfernt sanft Unreinheiten, ohne der Haut die nat\u00fcrliche Feuchtigkeit zu entziehen, und hinterl\u00e4sst einen ruhigen, erfrischten und strahlenden Teint. Ein perfektes Verw\u00f6hnprogramm f\u00fcr eine sanfte, aber effektive Entgiftung.<\/p>\n","protected":false},"excerpt":{"rendered":"<p>Reinigen und beruhigen Sie empfindliche Haut sanft mit unserer Gesichtsmaske aus rosa Tonerde. Dieser 50-g-Topf enth\u00e4lt zarte rosa Tonerde, die f\u00fcr ihre milden Peeling- und Hauterweichungseigenschaften bekannt ist. Sie ist reich an Kieselerde und tr\u00e4gt dazu bei, die Elastizit\u00e4t der Haut und die Zellerneuerung zu verbessern, was sie ideal f\u00fcr empfindliche, reife oder trockene Hauttypen [&hellip;]<\/p>\n","protected":false},"featured_media":271917,"comment_status":"closed","ping_status":"open","template":"","meta":{"_angie_page":false},"product_brand":[27086],"product_cat":[19448,20885],"product_tag":[],"class_list":{"0":"post-241637","1":"product","2":"type-product","3":"status-publish","4":"has-post-thumbnail","6":"product_brand-agnes-and-cat","7":"product_cat-bad-und-korper","8":"product_cat-hautpflege","9":"pa_collection-ac-natural-clay-face-masks-de","10":"pa_made-in-frankreich","12":"first","13":"instock","14":"purchasable","15":"product-type-simple"},"supplier_id":null,"supplier_sku":"ACFM-03DS","barcode":null,"atum_controlled":true,"out_stock_date":null,"out_stock_threshold":null,"inheritable":false,"inbound_stock":null,"stock_on_hold":0,"sold_today":0,"sales_last_days":0,"reserved_stock":null,"customer_returns":null,"warehouse_damage":null,"lost_in_post":null,"other_logs":null,"out_stock_days":0,"lost_sales":0,"has_location":null,"update_date":"2026-04-27T06:49:16","atum_locations":[],"atum_stock_status":"instock","restock_status":false,"low_stock_amount":"","sales_update_date":"2026-01-20T05:14:28","calc_backorders":null,"_links":{"self":[{"href":"https:\/\/aromasentia.com\/de\/wp-json\/wp\/v2\/product\/241637","targetHints":{"allow":["GET"]}}],"collection":[{"href":"https:\/\/aromasentia.com\/de\/wp-json\/wp\/v2\/product"}],"about":[{"href":"https:\/\/aromasentia.com\/de\/wp-json\/wp\/v2\/types\/product"}],"replies":[{"embeddable":true,"href":"https:\/\/aromasentia.com\/de\/wp-json\/wp\/v2\/comments?post=241637"}],"version-history":[{"count":0,"href":"https:\/\/aromasentia.com\/de\/wp-json\/wp\/v2\/product\/241637\/revisions"}],"wp:featuredmedia":[{"embeddable":true,"href":"https:\/\/aromasentia.com\/de\/wp-json\/wp\/v2\/media\/271917"}],"wp:attachment":[{"href":"https:\/\/aromasentia.com\/de\/wp-json\/wp\/v2\/media?parent=241637"}],"wp:term":[{"taxonomy":"product_brand","embeddable":true,"href":"https:\/\/aromasentia.com\/de\/wp-json\/wp\/v2\/product_brand?post=241637"},{"taxonomy":"product_cat","embeddable":true,"href":"https:\/\/aromasentia.com\/de\/wp-json\/wp\/v2\/product_cat?post=241637"},{"taxonomy":"product_tag","embeddable":true,"href":"https:\/\/aromasentia.com\/de\/wp-json\/wp\/v2\/product_tag?post=241637"}],"curies":[{"name":"wp","href":"https:\/\/api.w.org\/{rel}","templated":true}]}}