{"id":241625,"date":"2025-03-20T16:15:57","date_gmt":"2025-03-20T16:15:57","guid":{"rendered":"https:\/\/aromasentia.com\/product\/ac-fairy-dust-500g-clementine\/"},"modified":"2025-06-28T21:36:04","modified_gmt":"2025-06-28T21:36:04","slug":"ac-feenstaub-500g-clementine","status":"publish","type":"product","link":"https:\/\/aromasentia.com\/de\/ac-feenstaub-500g-clementine\/","title":{"rendered":"A&#038;C Feenstaub 500g &#8211; Clementine"},"content":{"rendered":"<p>Entspannen und erholen Sie sich mit <strong>Agnes and Cat Fairy Dust<\/strong>. Wie unser Badezusatz verleiht auch unser Feenstaub Ihrem Bad Duft und Prickeln. Unsere D\u00fcfte wurden sorgf\u00e4ltig ausgew\u00e4hlt, um Ihnen das ultimative Badeerlebnis zu bieten, und werden aus hochwertigen britischen Duft\u00f6len hergestellt. Frische Zitrus- und Clementinen-Feenstaube werden aus <strong>reinen \u00e4therischen \u00d6len<\/strong> hergestellt.&nbsp;<\/p>\n<p>Diese wundersch\u00f6nen Feenstaube werden in kleinen Chargen in unserer Produktionsst\u00e4tte in Sheffield hergestellt. Unser Team f\u00fcgt dem Pulver einige farbige Salze hinzu, um Ihr Bad leicht zu f\u00e4rben, und gibt au\u00dferdem etwas Kakaobutter in die Mischung, um Ihre Haut sanft zu pflegen. Ihre Haut wird herrlich duften und superweich sein! &nbsp;Unser Feenstaubpulver ist vegan.<\/p>\n<p><strong>Alle Feenstaube werden in einem Kilner-Glas geliefert, das nach dem Entleeren wiederverwendbar ist, und mit einem Holzl\u00f6ffel zur Pr\u00e4sentation und zum Abmessen<\/strong>. Jedes Glas enth\u00e4lt 500 g Feenstaub, verpackt in einer sch\u00f6nen Kraft-Geschenkbox. <\/p>\n<p><strong>ANWENDUNG:<\/strong> Geben Sie 2\u20134 Messl\u00f6ffel in ein hei\u00dfes Bad, um die gew\u00fcnschte Duftintensit\u00e4t zu erreichen. Jedes Glas reicht f\u00fcr 4\u20135 B\u00e4der.<\/p>\n<p><span style=\"color: rgb(141, 186, 216);\"><strong>Jetzt in Ihr Portfolio aufnehmen und Ihren Kunden ein unvergessliches Badeerlebnis bieten.<\/strong><\/span><\/p>\n","protected":false},"excerpt":{"rendered":"<p>Entspannen und erholen Sie sich mit Agnes and Cat Fairy Dust. Wie unser Badezusatz verleiht auch unser Feenstaub Ihrem Bad Duft und Prickeln. Unsere D\u00fcfte wurden sorgf\u00e4ltig ausgew\u00e4hlt, um Ihnen das ultimative Badeerlebnis zu bieten, und werden aus hochwertigen britischen Duft\u00f6len hergestellt. Frische Zitrus- und Clementinen-Feenstaube werden aus reinen \u00e4therischen \u00d6len hergestellt.&nbsp; Diese wundersch\u00f6nen Feenstaube [&hellip;]<\/p>\n","protected":false},"featured_media":271890,"comment_status":"closed","ping_status":"open","template":"","meta":{"_angie_page":false},"product_brand":[27086],"product_cat":[19448,20683],"product_tag":[],"class_list":{"0":"post-241625","1":"product","2":"type-product","3":"status-publish","4":"has-post-thumbnail","6":"product_brand-agnes-and-cat","7":"product_cat-bad-und-korper","8":"product_cat-badekristalle-und-badesalze","9":"pa_collection-ac-fairy-dust-500g-de","10":"pa_made-in-vereinigtes-koenigreich","11":"pa_size-500g","13":"first","14":"instock","15":"purchasable","16":"product-type-simple"},"supplier_id":null,"supplier_sku":"ACFD-07DS","barcode":null,"atum_controlled":true,"out_stock_date":null,"out_stock_threshold":null,"inheritable":false,"inbound_stock":null,"stock_on_hold":0,"sold_today":0,"sales_last_days":0,"reserved_stock":null,"customer_returns":null,"warehouse_damage":null,"lost_in_post":null,"other_logs":null,"out_stock_days":0,"lost_sales":0,"has_location":null,"update_date":"2026-04-27T06:49:16","atum_locations":[],"atum_stock_status":"instock","restock_status":false,"low_stock_amount":"","sales_update_date":"2026-01-30T01:25:58","calc_backorders":null,"_links":{"self":[{"href":"https:\/\/aromasentia.com\/de\/wp-json\/wp\/v2\/product\/241625","targetHints":{"allow":["GET"]}}],"collection":[{"href":"https:\/\/aromasentia.com\/de\/wp-json\/wp\/v2\/product"}],"about":[{"href":"https:\/\/aromasentia.com\/de\/wp-json\/wp\/v2\/types\/product"}],"replies":[{"embeddable":true,"href":"https:\/\/aromasentia.com\/de\/wp-json\/wp\/v2\/comments?post=241625"}],"version-history":[{"count":0,"href":"https:\/\/aromasentia.com\/de\/wp-json\/wp\/v2\/product\/241625\/revisions"}],"wp:featuredmedia":[{"embeddable":true,"href":"https:\/\/aromasentia.com\/de\/wp-json\/wp\/v2\/media\/271890"}],"wp:attachment":[{"href":"https:\/\/aromasentia.com\/de\/wp-json\/wp\/v2\/media?parent=241625"}],"wp:term":[{"taxonomy":"product_brand","embeddable":true,"href":"https:\/\/aromasentia.com\/de\/wp-json\/wp\/v2\/product_brand?post=241625"},{"taxonomy":"product_cat","embeddable":true,"href":"https:\/\/aromasentia.com\/de\/wp-json\/wp\/v2\/product_cat?post=241625"},{"taxonomy":"product_tag","embeddable":true,"href":"https:\/\/aromasentia.com\/de\/wp-json\/wp\/v2\/product_tag?post=241625"}],"curies":[{"name":"wp","href":"https:\/\/api.w.org\/{rel}","templated":true}]}}