{"id":241557,"date":"2025-03-20T16:17:26","date_gmt":"2025-03-20T16:17:26","guid":{"rendered":"https:\/\/aromasentia.com\/product\/140g-handmade-soap-tea-roses\/"},"modified":"2025-12-30T20:38:13","modified_gmt":"2025-12-30T20:38:13","slug":"handgemachte-seife-140g-tea-roses","status":"publish","type":"product","link":"https:\/\/aromasentia.com\/de\/handgemachte-seife-140g-tea-roses\/","title":{"rendered":"Handgemachte Seife 140g &#8211; Tea &#038; Roses"},"content":{"rendered":"<p>G\u00f6nnen Sie sich die klassische Eleganz unserer 140g handgemachten Seife &#8211; Tea &#038; Roses. Diese raffinierte, handwerklich hergestellte Seife verbindet auf wunderbare Weise das raffinierte, sanfte Aroma von frisch aufgebr\u00fchtem Tee mit dem zeitlosen, romantischen Duft von bl\u00fchenden Rosen. Die handgefertigte Seife reinigt und verw\u00f6hnt und erzeugt einen ruhigen und einladenden Schaum, der sowohl die Haut als auch den Geist beruhigt. Ein luxuri\u00f6ses, t\u00e4gliches Vergn\u00fcgen, das Ihre Haut weich und zart parf\u00fcmiert zur\u00fcckl\u00e4sst und Sie durch seinen harmonischen und anmutigen Duft wunderbar tr\u00f6stet.<\/p>\n","protected":false},"excerpt":{"rendered":"<p>G\u00f6nnen Sie sich die klassische Eleganz unserer 140g handgemachten Seife &#8211; Tea &#038; Roses. Diese raffinierte, handwerklich hergestellte Seife verbindet auf wunderbare Weise das raffinierte, sanfte Aroma von frisch aufgebr\u00fchtem Tee mit dem zeitlosen, romantischen Duft von bl\u00fchenden Rosen. Die handgefertigte Seife reinigt und verw\u00f6hnt und erzeugt einen ruhigen und einladenden Schaum, der sowohl die [&hellip;]<\/p>\n","protected":false},"featured_media":272449,"comment_status":"closed","ping_status":"open","template":"","meta":{"_angie_page":false},"product_brand":[27086],"product_cat":[19448,26833,25841,20589,26370],"product_tag":[],"class_list":{"0":"post-241557","1":"product","2":"type-product","3":"status-publish","4":"has-post-thumbnail","6":"product_brand-agnes-and-cat","7":"product_cat-bad-und-korper","8":"product_cat-blumig","9":"product_cat-dufte-aromen","10":"product_cat-okologische-seifen","11":"product_cat-rosen","12":"pa_collection-hand-made-soaps-140g-de","13":"pa_made-in-vereinigtes-koenigreich","14":"pa_size-140g","16":"first","17":"instock","18":"purchasable","19":"product-type-simple"},"supplier_id":null,"supplier_sku":"ACHS-15DS","barcode":null,"atum_controlled":true,"out_stock_date":null,"out_stock_threshold":null,"inheritable":false,"inbound_stock":null,"stock_on_hold":0,"sold_today":0,"sales_last_days":0,"reserved_stock":null,"customer_returns":null,"warehouse_damage":null,"lost_in_post":null,"other_logs":null,"out_stock_days":0,"lost_sales":0,"has_location":null,"update_date":"2026-04-27T06:49:21","atum_locations":[],"atum_stock_status":"instock","restock_status":false,"low_stock_amount":"","sales_update_date":"2026-01-30T01:25:47","calc_backorders":null,"_links":{"self":[{"href":"https:\/\/aromasentia.com\/de\/wp-json\/wp\/v2\/product\/241557","targetHints":{"allow":["GET"]}}],"collection":[{"href":"https:\/\/aromasentia.com\/de\/wp-json\/wp\/v2\/product"}],"about":[{"href":"https:\/\/aromasentia.com\/de\/wp-json\/wp\/v2\/types\/product"}],"replies":[{"embeddable":true,"href":"https:\/\/aromasentia.com\/de\/wp-json\/wp\/v2\/comments?post=241557"}],"version-history":[{"count":0,"href":"https:\/\/aromasentia.com\/de\/wp-json\/wp\/v2\/product\/241557\/revisions"}],"wp:featuredmedia":[{"embeddable":true,"href":"https:\/\/aromasentia.com\/de\/wp-json\/wp\/v2\/media\/272449"}],"wp:attachment":[{"href":"https:\/\/aromasentia.com\/de\/wp-json\/wp\/v2\/media?parent=241557"}],"wp:term":[{"taxonomy":"product_brand","embeddable":true,"href":"https:\/\/aromasentia.com\/de\/wp-json\/wp\/v2\/product_brand?post=241557"},{"taxonomy":"product_cat","embeddable":true,"href":"https:\/\/aromasentia.com\/de\/wp-json\/wp\/v2\/product_cat?post=241557"},{"taxonomy":"product_tag","embeddable":true,"href":"https:\/\/aromasentia.com\/de\/wp-json\/wp\/v2\/product_tag?post=241557"}],"curies":[{"name":"wp","href":"https:\/\/api.w.org\/{rel}","templated":true}]}}