{"id":241517,"date":"2025-03-20T16:17:57","date_gmt":"2025-03-20T16:17:57","guid":{"rendered":"https:\/\/aromasentia.com\/product\/pack-of-500g-bath-salt-tea-tree-lime\/"},"modified":"2025-06-28T21:35:58","modified_gmt":"2025-06-28T21:35:58","slug":"badesalz-500g-teebaum-limette","status":"publish","type":"product","link":"https:\/\/aromasentia.com\/de\/badesalz-500g-teebaum-limette\/","title":{"rendered":"Badesalz 500g &#8211; Teebaum &#038; Limette"},"content":{"rendered":"<p><span style=\"color: rgb(75, 80, 88);\">Wir stellen vor: UnScented <strong>Himalaya-Teebaum &amp; Limetten-Badesalz&nbsp;<\/strong><strong>!<\/strong><\/span><\/p>\n<p><span style=\"color: rgb(75, 80, 88);\"><strong>Erh\u00f6hen Sie Ihr Badeerlebnis:<\/strong><\/span><\/p>\n<p><span style=\"color: rgb(75, 80, 88);\">Tauchen Sie ein in die reine Essenz von Himalaya-Salz, angereichert mit 100 % reinem \u00e4therischem Teebaum- und Limetten\u00f6l, erg\u00e4nzt durch Nachtkerzen\u00f6l.<\/span><\/p>\n<p><span style=\"color: rgb(75, 80, 88);\"><strong>Erfrischen und aufladen:<\/strong><\/span><\/p>\n<p><span style=\"color: rgb(75, 80, 88);\">Lassen Sie den belebenden Duft der \u00e4therischen Teebaum- und Limetten\u00f6le Ihren Geist kl\u00e4ren und Ihre Energie beim Einweichen in der Wanne neu aufladen. Die antibakteriellen und entz\u00fcndungshemmenden Eigenschaften von Teebaum\u00f6l k\u00f6nnen zur Erhaltung einer klaren, gesund aussehenden Haut beitragen.<\/span><\/p>\n<p><span style=\"color: rgb(75, 80, 88);\"><strong>Genie\u00dfen Sie die erhebende Aromatherapie:<\/strong><\/span><\/p>\n<p><span style=\"color: rgb(75, 80, 88);\">Lassen Sie zu, dass das stimmungsaufhellende Aroma Ihre Stimmung hebt und Ihre Sinne belebt und f\u00fcr ein revitalisierendes Badeerlebnis sorgt.<\/span><\/p>\n<p><span style=\"color: rgb(75, 80, 88);\"><strong>Eine zeitlose Tradition:<\/strong><\/span><\/p>\n<p><span style=\"color: rgb(75, 80, 88);\">Genie\u00dfen Sie die uralte Weisheit der Salzb\u00e4der, die seit den Tagen des antiken Griechenlands f\u00fcr ihre bemerkenswerten gesundheitlichen Vorteile gesch\u00e4tzt werden. &nbsp;Die <strong>500-g-Beutel<\/strong> Badesalz werden elegant verpackt in einer Schachtel geliefert, komplett mit einem praktischen Holzl\u00f6ffel zum pr\u00e4zisen Abmessen, was sie zu einem aufmerksamen Geschenk f\u00fcr jeden Anlass macht.<\/span><\/p>\n<p><span style=\"color: rgb(75, 80, 88);\"><strong>Einfacher Genuss:<\/strong><\/span><\/p>\n<p><span style=\"color: rgb(75, 80, 88);\">Erleben Sie ein Spa-\u00e4hnliches Erlebnis bequem von zu Hause aus. <strong>Geben Sie einfach zwei Messl\u00f6ffel unseres Badesalzes in Ihr Bad, lassen Sie sie sich aufl\u00f6sen und die Entspannung kann beginnen.<\/strong><\/span><\/p>\n<p><span style=\"color: rgb(75, 80, 88);\"><strong>Hinweis zum Umweltbewusstsein:<\/strong><\/span><\/p>\n<p><span style=\"color: rgb(75, 80, 88);\">Bitte beachten Sie, dass wir zwar bestrebt sind, Qualit\u00e4tsprodukte anzubieten, der Beutel in der Schachtel mit den Salzen jedoch aus Kunststoff besteht und dieses Produkt daher <strong>nicht vollst\u00e4ndig plastikfrei<\/strong> ist.<\/strong><\/span><\/p>\n<p><span style=\"color: rgb(75, 80, 88);\">Verbessern Sie Ihre Selbstpflegeroutine mit unserem <strong>energisierenden Teebaum- und Limetten-Badesalzmischung.<\/strong><\/span> <\/p>\n<p><span style=\"color: rgb(75, 80, 88);\"><strong>Begeben Sie sich auf eine Reise zu ges\u00fcnderer, strahlenderer Haut.<\/strong><\/span><\/p>\n","protected":false},"excerpt":{"rendered":"<p>Wir stellen vor: UnScented Himalaya-Teebaum &amp; Limetten-Badesalz&nbsp;! Erh\u00f6hen Sie Ihr Badeerlebnis: Tauchen Sie ein in die reine Essenz von Himalaya-Salz, angereichert mit 100 % reinem \u00e4therischem Teebaum- und Limetten\u00f6l, erg\u00e4nzt durch Nachtkerzen\u00f6l. Erfrischen und aufladen: Lassen Sie den belebenden Duft der \u00e4therischen Teebaum- und Limetten\u00f6le Ihren Geist kl\u00e4ren und Ihre Energie beim Einweichen in der [&hellip;]<\/p>\n","protected":false},"featured_media":272863,"comment_status":"closed","ping_status":"open","template":"","meta":{"_angie_page":false},"product_brand":[27086],"product_cat":[19448,20683,25841,26256,26868,26408,26819],"product_tag":[],"class_list":{"0":"post-241517","1":"product","2":"type-product","3":"status-publish","4":"has-post-thumbnail","6":"product_brand-agnes-and-cat","7":"product_cat-bad-und-korper","8":"product_cat-badekristalle-und-badesalze","9":"product_cat-dufte-aromen","10":"product_cat-limette","11":"product_cat-medizinisch-kampferartig","12":"product_cat-teebaum","13":"product_cat-zitrus","14":"pa_collection-ac-bath-salts-500g-de","15":"pa_made-in-vereinigtes-koenigreich","16":"pa_size-500g","18":"first","19":"instock","20":"purchasable","21":"product-type-simple"},"supplier_id":null,"supplier_sku":"ACSalt-08DS","barcode":null,"atum_controlled":true,"out_stock_date":null,"out_stock_threshold":null,"inheritable":false,"inbound_stock":null,"stock_on_hold":0,"sold_today":0,"sales_last_days":0,"reserved_stock":null,"customer_returns":null,"warehouse_damage":null,"lost_in_post":null,"other_logs":null,"out_stock_days":0,"lost_sales":0,"has_location":null,"update_date":"2026-04-29T05:08:47","atum_locations":[],"atum_stock_status":"instock","restock_status":false,"low_stock_amount":"","sales_update_date":"2025-10-09T03:23:09","calc_backorders":null,"_links":{"self":[{"href":"https:\/\/aromasentia.com\/de\/wp-json\/wp\/v2\/product\/241517","targetHints":{"allow":["GET"]}}],"collection":[{"href":"https:\/\/aromasentia.com\/de\/wp-json\/wp\/v2\/product"}],"about":[{"href":"https:\/\/aromasentia.com\/de\/wp-json\/wp\/v2\/types\/product"}],"replies":[{"embeddable":true,"href":"https:\/\/aromasentia.com\/de\/wp-json\/wp\/v2\/comments?post=241517"}],"version-history":[{"count":0,"href":"https:\/\/aromasentia.com\/de\/wp-json\/wp\/v2\/product\/241517\/revisions"}],"wp:featuredmedia":[{"embeddable":true,"href":"https:\/\/aromasentia.com\/de\/wp-json\/wp\/v2\/media\/272863"}],"wp:attachment":[{"href":"https:\/\/aromasentia.com\/de\/wp-json\/wp\/v2\/media?parent=241517"}],"wp:term":[{"taxonomy":"product_brand","embeddable":true,"href":"https:\/\/aromasentia.com\/de\/wp-json\/wp\/v2\/product_brand?post=241517"},{"taxonomy":"product_cat","embeddable":true,"href":"https:\/\/aromasentia.com\/de\/wp-json\/wp\/v2\/product_cat?post=241517"},{"taxonomy":"product_tag","embeddable":true,"href":"https:\/\/aromasentia.com\/de\/wp-json\/wp\/v2\/product_tag?post=241517"}],"curies":[{"name":"wp","href":"https:\/\/api.w.org\/{rel}","templated":true}]}}