{"id":241513,"date":"2025-03-20T16:17:57","date_gmt":"2025-03-20T16:17:57","guid":{"rendered":"https:\/\/aromasentia.com\/product\/pack-of-500g-bath-salt-grapefruit-geranium\/"},"modified":"2025-06-28T21:35:58","modified_gmt":"2025-06-28T21:35:58","slug":"badesalz-500g-grapefruit-geranie","status":"publish","type":"product","link":"https:\/\/aromasentia.com\/de\/badesalz-500g-grapefruit-geranie\/","title":{"rendered":"Badesalz 500g &#8211; Grapefruit &#038; Geranie"},"content":{"rendered":"<p><span style=\"color: rgb(75, 80, 88);\">Wir stellen vor: UnScented Himalayan <strong>Grapefruit &amp; Geranien-Badesalz!<\/strong><\/span><\/p>\n<p><span style=\"color: rgb(75, 80, 88);\"><strong>Erh\u00f6hen Sie Ihr Badeerlebnis:<\/strong><\/span><\/p>\n<p><span style=\"color: rgb(75, 80, 88);\">Tauchen Sie ein in die mineralstoffreiche Umarmung von Himalaya-Salz, gemischt mit 100 % reinen \u00e4therischen Grapefruit- und Geranien\u00f6len, angereichert mit n\u00e4hrendem Vitamin-E-\u00d6l und beruhigenden Kamillenbl\u00fcten.<\/span><\/p>\n<p><span style=\"color: rgb(75, 80, 88);\"><strong>Erneuern und wieder ins Gleichgewicht bringen:<\/strong><\/span><\/p>\n<p><span style=\"color: rgb(75, 80, 88);\">Erwecken Sie Ihre Sinne mit dem belebenden Duft von Grapefruit- und Geranien\u00f6len, die f\u00fcr ihre antibakteriellen und antioxidativen Eigenschaften bekannt sind. Diese Salzmischung kann die perfekte Erg\u00e4nzung zu Ihrem t\u00e4glichen Baderitual sein. Sie erneuert Ihre Haut und verleiht K\u00f6rper und Geist ein Gef\u00fchl von Ausgeglichenheit und Ruhe.<\/span><\/p>\n<p><span style=\"color: rgb(75, 80, 88);\"><strong>Genie\u00dfen Sie die erfrischende Aromatherapie:<\/strong><\/span><\/p>\n<p><span style=\"color: rgb(75, 80, 88);\">Lassen Sie sich vom belebenden Aroma in einen Zustand der Verj\u00fcngung und des Wohlbefindens versetzen, w\u00e4hrend Sie die Sorgen des Tages hinter sich lassen.<\/span><\/p>\n<p><span style=\"color: rgb(75, 80, 88);\"><strong>Eine zeitlose Tradition:<\/strong><\/span><\/p>\n<p><span style=\"color: rgb(75, 80, 88);\">Genie\u00dfen Sie die uralte Weisheit der Salzb\u00e4der, die seit den Tagen des antiken Griechenlands f\u00fcr ihre bemerkenswerten gesundheitlichen Vorteile gesch\u00e4tzt werden. &nbsp;Die <strong>500-g-Beutel<\/strong> Badesalz werden elegant verpackt in einer Schachtel geliefert, komplett mit einem praktischen Holzl\u00f6ffel zum pr\u00e4zisen Abmessen, was sie zu einem aufmerksamen Geschenk f\u00fcr jeden Anlass macht.<\/span><\/p>\n<p><span style=\"color: rgb(75, 80, 88);\"><strong>Einfacher Genuss:<\/strong><\/span><\/p>\n<p><span style=\"color: rgb(75, 80, 88);\">Erleben Sie ein Spa-\u00e4hnliches Erlebnis bequem von zu Hause aus. <strong>Geben Sie einfach zwei Messl\u00f6ffel unseres Badesalzes in Ihr Bad, lassen Sie sie sich aufl\u00f6sen und die Entspannung kann beginnen.<\/strong><\/span><\/p>\n<p><span style=\"color: rgb(75, 80, 88);\"><strong>Hinweis zum Umweltbewusstsein:<\/strong><\/span><\/p>\n<p><span style=\"color: rgb(75, 80, 88);\">Bitte beachten Sie, dass wir zwar bestrebt sind, Qualit\u00e4tsprodukte anzubieten, der Beutel in der Schachtel mit den Salzen jedoch aus Kunststoff besteht und dieses Produkt daher <strong>nicht vollst\u00e4ndig plastikfrei<\/strong><\/span><\/p>\n<p><span style=\"color: rgb(75, 80, 88);\">Verbessern Sie Ihre Selbstpflegeroutine mit unserem revitalisierenden&nbsp;<\/span><strong><span style=\"color: rgb(75, 80, 88);\">Grapefruit &amp; Geranien-Badesalzmischung.<\/span><\/strong><\/p>\n<p><span style=\"color: rgb(75, 80, 88);\"><strong>Begeben Sie sich auf eine Reise zu ges\u00fcnderer, strahlenderer Haut.<\/strong><\/span><\/p>\n","protected":false},"excerpt":{"rendered":"<p>Wir stellen vor: UnScented Himalayan Grapefruit &amp; Geranien-Badesalz! Erh\u00f6hen Sie Ihr Badeerlebnis: Tauchen Sie ein in die mineralstoffreiche Umarmung von Himalaya-Salz, gemischt mit 100 % reinen \u00e4therischen Grapefruit- und Geranien\u00f6len, angereichert mit n\u00e4hrendem Vitamin-E-\u00d6l und beruhigenden Kamillenbl\u00fcten. Erneuern und wieder ins Gleichgewicht bringen: Erwecken Sie Ihre Sinne mit dem belebenden Duft von Grapefruit- und Geranien\u00f6len, [&hellip;]<\/p>\n","protected":false},"featured_media":272854,"comment_status":"closed","ping_status":"open","template":"","meta":{"_angie_page":false},"product_brand":[27086],"product_cat":[19448,20683,26833,25841,26204,26186,26819],"product_tag":[],"class_list":{"0":"post-241513","1":"product","2":"type-product","3":"status-publish","4":"has-post-thumbnail","6":"product_brand-agnes-and-cat","7":"product_cat-bad-und-korper","8":"product_cat-badekristalle-und-badesalze","9":"product_cat-blumig","10":"product_cat-dufte-aromen","11":"product_cat-grapefruit","12":"product_cat-weihrauch","13":"product_cat-zitrus","14":"pa_collection-ac-bath-salts-500g-de","15":"pa_made-in-vereinigtes-koenigreich","16":"pa_size-500g","18":"first","19":"instock","20":"purchasable","21":"product-type-simple"},"supplier_id":null,"supplier_sku":"ACSalt-07DS","barcode":null,"atum_controlled":true,"out_stock_date":null,"out_stock_threshold":null,"inheritable":false,"inbound_stock":null,"stock_on_hold":0,"sold_today":0,"sales_last_days":0,"reserved_stock":null,"customer_returns":null,"warehouse_damage":null,"lost_in_post":null,"other_logs":null,"out_stock_days":0,"lost_sales":0,"has_location":null,"update_date":"2026-04-27T06:50:12","atum_locations":[],"atum_stock_status":"instock","restock_status":false,"low_stock_amount":"","sales_update_date":"2025-10-09T03:23:09","calc_backorders":null,"_links":{"self":[{"href":"https:\/\/aromasentia.com\/de\/wp-json\/wp\/v2\/product\/241513","targetHints":{"allow":["GET"]}}],"collection":[{"href":"https:\/\/aromasentia.com\/de\/wp-json\/wp\/v2\/product"}],"about":[{"href":"https:\/\/aromasentia.com\/de\/wp-json\/wp\/v2\/types\/product"}],"replies":[{"embeddable":true,"href":"https:\/\/aromasentia.com\/de\/wp-json\/wp\/v2\/comments?post=241513"}],"version-history":[{"count":0,"href":"https:\/\/aromasentia.com\/de\/wp-json\/wp\/v2\/product\/241513\/revisions"}],"wp:featuredmedia":[{"embeddable":true,"href":"https:\/\/aromasentia.com\/de\/wp-json\/wp\/v2\/media\/272854"}],"wp:attachment":[{"href":"https:\/\/aromasentia.com\/de\/wp-json\/wp\/v2\/media?parent=241513"}],"wp:term":[{"taxonomy":"product_brand","embeddable":true,"href":"https:\/\/aromasentia.com\/de\/wp-json\/wp\/v2\/product_brand?post=241513"},{"taxonomy":"product_cat","embeddable":true,"href":"https:\/\/aromasentia.com\/de\/wp-json\/wp\/v2\/product_cat?post=241513"},{"taxonomy":"product_tag","embeddable":true,"href":"https:\/\/aromasentia.com\/de\/wp-json\/wp\/v2\/product_tag?post=241513"}],"curies":[{"name":"wp","href":"https:\/\/api.w.org\/{rel}","templated":true}]}}