{"id":241509,"date":"2025-03-20T16:17:57","date_gmt":"2025-03-20T16:17:57","guid":{"rendered":"https:\/\/aromasentia.com\/product\/pack-of-500g-bath-salt-lemon-ginger-orange\/"},"modified":"2025-06-28T21:35:57","modified_gmt":"2025-06-28T21:35:57","slug":"badesalz-500g-zitrone-ingwer-orange","status":"publish","type":"product","link":"https:\/\/aromasentia.com\/de\/badesalz-500g-zitrone-ingwer-orange\/","title":{"rendered":"Badesalz 500g &#8211; Zitrone, Ingwer &#038; Orange"},"content":{"rendered":"<p><span style=\"color: rgb(75, 80, 88);\">Wir stellen vor: unparf\u00fcmiertes Himalaya-Salz, angereichert mit <strong>100 % reinen \u00e4therischen \u00d6len aus Zitrone, Ingwer und Orange mit Avocado\u00f6l und Ringelblumenbl\u00fcten. !&nbsp;<\/strong><\/span><\/p>\n<p><span style=\"color: rgb(75, 80, 88);\"><strong>Erh\u00f6hen Sie Ihr Badeerlebnis:<\/strong><\/span><\/p>\n<p><span style=\"color: rgb(75, 80, 88);\">Tauchen Sie ein in die revitalisierende Mischung aus Himalaya-Salz, angereichert mit 100 % reinen \u00e4therischen \u00d6len aus Zitrone, Ingwer und Orange, angereichert mit pflegendem Avocado\u00f6l und duftenden Ringelblumen.<\/span><\/p>\n<p><span style=\"color: rgb(75, 80, 88);\"><strong>Revitalisieren und regenerieren:<\/strong><\/span><\/p>\n<p><span style=\"color: rgb(75, 80, 88);\">Erleben Sie die erhebende Wirkung dieser aromatischen Salzmischung. Sie kann helfen, \u00c4ngste abzubauen, Ihre Stimmung zu heben und eine gesunde, strahlende Haut zu f\u00f6rdern. Nach einem abendlichen Bad in diesem erfrischenden Gebr\u00e4u f\u00fchlen Sie sich am n\u00e4chsten Morgen v\u00f6llig erholt und gest\u00e4rkt.<\/span><\/p>\n<p><span style=\"color: rgb(75, 80, 88);\"><strong>Genie\u00dfen Sie die pikante Aromatherapie:<\/strong><\/span><\/p>\n<p><span style=\"color: rgb(75, 80, 88);\">Lassen Sie sich vom pikanten Aroma in einen Zustand der Revitalisierung und des Wohlbefindens versetzen, w\u00e4hrend Sie den Stress des Tages hinter sich lassen.<\/span><\/p>\n<p><span style=\"color: rgb(75, 80, 88);\"><strong>Eine zeitlose Tradition:<\/strong><\/span><\/p>\n<p><span style=\"color: rgb(75, 80, 88);\">Genie\u00dfen Sie die uralte Weisheit der Salzb\u00e4der, die seit den Tagen des antiken Griechenlands f\u00fcr ihre bemerkenswerte gesundheitsf\u00f6rdernde Wirkung gesch\u00e4tzt werden. &nbsp;Die <strong>500-g-Beutel<\/strong> Badesalz werden elegant verpackt in einer Schachtel geliefert, komplett mit einem praktischen Holzl\u00f6ffel zum pr\u00e4zisen Abmessen, was sie zu einem aufmerksamen Geschenk f\u00fcr jeden Anlass macht.<\/span><\/p>\n<p><span style=\"color: rgb(75, 80, 88);\"><strong>Einfacher Genuss:<\/strong><\/span><\/p>\n<p><span style=\"color: rgb(75, 80, 88);\">Erleben Sie ein Spa-\u00e4hnliches Erlebnis bequem von zu Hause aus. <strong>Geben Sie einfach zwei Messl\u00f6ffel unseres Badesalzes in Ihr Bad, lassen Sie sie sich aufl\u00f6sen und die Entspannung kann beginnen.<\/strong><\/span><\/p>\n<p><span style=\"color: rgb(75, 80, 88);\"><strong>Hinweis zum Umweltbewusstsein:<\/strong><\/span><\/p>\n<p><span style=\"color: rgb(75, 80, 88);\">Bitte beachten Sie, dass wir zwar bestrebt sind, Qualit\u00e4tsprodukte anzubieten, der Beutel in der Schachtel mit den Salzen jedoch aus Kunststoff besteht und dieses Produkt daher <strong>nicht vollst\u00e4ndig plastikfrei<\/strong><\/span><\/p>\n<p>Verbessern Sie Ihre Selbstpflegeroutine mit unserem belebenden <strong>&nbsp;<\/strong><strong>Zitrone, Ingwer &amp; Orange <\/strong><strong><strong>Badesalzmischung.<\/strong><\/strong><\/p>\n<p><span style=\"color: rgb(75, 80, 88);\"><strong>Begeben Sie sich auf eine Reise zu ges\u00fcnderer, strahlenderer Haut.<\/strong><\/span><\/p>\n","protected":false},"excerpt":{"rendered":"<p>Wir stellen vor: unparf\u00fcmiertes Himalaya-Salz, angereichert mit 100 % reinen \u00e4therischen \u00d6len aus Zitrone, Ingwer und Orange mit Avocado\u00f6l und Ringelblumenbl\u00fcten. !&nbsp; Erh\u00f6hen Sie Ihr Badeerlebnis: Tauchen Sie ein in die revitalisierende Mischung aus Himalaya-Salz, angereichert mit 100 % reinen \u00e4therischen \u00d6len aus Zitrone, Ingwer und Orange, angereichert mit pflegendem Avocado\u00f6l und duftenden Ringelblumen. Revitalisieren [&hellip;]<\/p>\n","protected":false},"featured_media":272845,"comment_status":"closed","ping_status":"open","template":"","meta":{"_angie_page":false},"product_brand":[27086],"product_cat":[19448,20683,25841,26195,26308,26889,26238,26819],"product_tag":[],"class_list":{"0":"post-241509","1":"product","2":"type-product","3":"status-publish","4":"has-post-thumbnail","6":"product_brand-agnes-and-cat","7":"product_cat-bad-und-korper","8":"product_cat-badekristalle-und-badesalze","9":"product_cat-dufte-aromen","10":"product_cat-geranie","11":"product_cat-orange","12":"product_cat-wurzig","13":"product_cat-zitrone","14":"product_cat-zitrus","15":"pa_collection-ac-bath-salts-500g-de","16":"pa_made-in-vereinigtes-koenigreich","17":"pa_size-500g","19":"first","20":"instock","21":"purchasable","22":"product-type-simple"},"supplier_id":null,"supplier_sku":"ACSalt-06DS","barcode":null,"atum_controlled":true,"out_stock_date":null,"out_stock_threshold":null,"inheritable":false,"inbound_stock":null,"stock_on_hold":0,"sold_today":0,"sales_last_days":0,"reserved_stock":null,"customer_returns":null,"warehouse_damage":null,"lost_in_post":null,"other_logs":null,"out_stock_days":0,"lost_sales":0,"has_location":null,"update_date":"2026-04-27T06:50:12","atum_locations":[],"atum_stock_status":"instock","restock_status":false,"low_stock_amount":"","sales_update_date":"2025-10-09T03:23:09","calc_backorders":null,"_links":{"self":[{"href":"https:\/\/aromasentia.com\/de\/wp-json\/wp\/v2\/product\/241509","targetHints":{"allow":["GET"]}}],"collection":[{"href":"https:\/\/aromasentia.com\/de\/wp-json\/wp\/v2\/product"}],"about":[{"href":"https:\/\/aromasentia.com\/de\/wp-json\/wp\/v2\/types\/product"}],"replies":[{"embeddable":true,"href":"https:\/\/aromasentia.com\/de\/wp-json\/wp\/v2\/comments?post=241509"}],"version-history":[{"count":0,"href":"https:\/\/aromasentia.com\/de\/wp-json\/wp\/v2\/product\/241509\/revisions"}],"wp:featuredmedia":[{"embeddable":true,"href":"https:\/\/aromasentia.com\/de\/wp-json\/wp\/v2\/media\/272845"}],"wp:attachment":[{"href":"https:\/\/aromasentia.com\/de\/wp-json\/wp\/v2\/media?parent=241509"}],"wp:term":[{"taxonomy":"product_brand","embeddable":true,"href":"https:\/\/aromasentia.com\/de\/wp-json\/wp\/v2\/product_brand?post=241509"},{"taxonomy":"product_cat","embeddable":true,"href":"https:\/\/aromasentia.com\/de\/wp-json\/wp\/v2\/product_cat?post=241509"},{"taxonomy":"product_tag","embeddable":true,"href":"https:\/\/aromasentia.com\/de\/wp-json\/wp\/v2\/product_tag?post=241509"}],"curies":[{"name":"wp","href":"https:\/\/api.w.org\/{rel}","templated":true}]}}